{"id":1318,"date":"2025-03-06T19:22:31","date_gmt":"2025-03-07T03:22:31","guid":{"rendered":"https:\/\/aamnation.com\/?page_id=1318"},"modified":"2025-03-22T12:20:21","modified_gmt":"2025-03-22T19:20:21","slug":"aam-uam-karriarmassa","status":"publish","type":"page","link":"https:\/\/aamnation.com\/sv\/aam-uam-career-fair\/","title":{"rendered":"Karri\u00e4rm\u00e4ssa f\u00f6r AAM &amp; UAM"},"content":{"rendered":"<div data-elementor-type=\"wp-page\" data-elementor-id=\"1318\" class=\"elementor elementor-1318\" data-elementor-post-type=\"page\">\n\t\t\t\t<div class=\"elementor-element elementor-element-45cc7c8 e-flex e-con-boxed e-con e-parent\" data-id=\"45cc7c8\" data-element_type=\"container\" data-e-type=\"container\">\n\t\t\t\t\t<div class=\"e-con-inner\">\n\t\t\t\t<div class=\"elementor-element elementor-element-f478df7 elementor--h-position-center elementor--v-position-middle elementor-arrows-position-inside elementor-pagination-position-inside elementor-widget elementor-widget-slides\" data-id=\"f478df7\" data-element_type=\"widget\" data-e-type=\"widget\" data-settings=\"{&quot;transition&quot;:&quot;fade&quot;,&quot;navigation&quot;:&quot;both&quot;,&quot;autoplay&quot;:&quot;yes&quot;,&quot;pause_on_hover&quot;:&quot;yes&quot;,&quot;pause_on_interaction&quot;:&quot;yes&quot;,&quot;autoplay_speed&quot;:5000,&quot;transition_speed&quot;:500}\" data-widget_type=\"slides.default\">\n\t\t\t\t<div class=\"elementor-widget-container\">\n\t\t\t\t\t\t\t\t\t<div class=\"elementor-swiper\">\n\t\t\t\t\t<div class=\"elementor-slides-wrapper elementor-main-swiper swiper\" role=\"region\" aria-roledescription=\"carousel\" aria-label=\"Diabilder\" dir=\"ltr\" data-animation=\"zoomIn\">\n\t\t\t\t<div class=\"swiper-wrapper elementor-slides\">\n\t\t\t\t\t\t\t\t\t\t<div class=\"elementor-repeater-item-9671244 swiper-slide\" role=\"group\" aria-roledescription=\"slide\"><div class=\"swiper-slide-bg\" role=\"img\" aria-label=\"AAM:s nationslogotyp\"><\/div><div class=\"swiper-slide-inner\" ><div class=\"swiper-slide-contents\"><div class=\"elementor-slide-heading\">Karri\u00e4rm\u00e4ssa f\u00f6r AAM &amp; UAM<\/div><div class=\"elementor-slide-description\">Utbildning och karri\u00e4rv\u00e4gar f\u00f6r n\u00e4sta generations flygtekniker<\/div><div  class=\"elementor-button elementor-slide-button elementor-size-sm\">Klicka h\u00e4r<\/div><\/div><\/div><\/div><div class=\"elementor-repeater-item-b656b9a swiper-slide\" role=\"group\" aria-roledescription=\"slide\"><div class=\"swiper-slide-bg\"><\/div><div class=\"swiper-slide-inner\" ><div class=\"swiper-slide-contents\"><div class=\"elementor-slide-heading\">Karri\u00e4rm\u00e4ssa f\u00f6r AAM &amp; UAM<\/div><div class=\"elementor-slide-description\">Utbildning och karri\u00e4rv\u00e4gar f\u00f6r n\u00e4sta generations flygtekniker<\/div><div  class=\"elementor-button elementor-slide-button elementor-size-sm\">Klicka h\u00e4r<\/div><\/div><\/div><\/div><div class=\"elementor-repeater-item-086a405 swiper-slide\" role=\"group\" aria-roledescription=\"slide\"><div class=\"swiper-slide-bg\"><\/div><div class=\"swiper-slide-inner\" ><div class=\"swiper-slide-contents\"><div class=\"elementor-slide-heading\">Karri\u00e4rm\u00e4ssa f\u00f6r AAM &amp; UAM<\/div><div class=\"elementor-slide-description\">Utbildning och karri\u00e4rv\u00e4gar f\u00f6r n\u00e4sta generations flygtekniker<\/div><div  class=\"elementor-button elementor-slide-button elementor-size-sm\">Klicka h\u00e4r<\/div><\/div><\/div><\/div>\t\t\t\t<\/div>\n\t\t\t\t\t\t\t\t\t\t\t\t\t\t\t<div class=\"elementor-swiper-button elementor-swiper-button-prev\" role=\"button\" tabindex=\"0\" aria-label=\"\uc774\uc804 \uc2ac\ub77c\uc774\ub4dc\" data-no-translation-aria-label=\"\">\n\t\t\t\t\t\t\t<svg aria-hidden=\"true\" class=\"e-font-icon-svg e-eicon-chevron-left\" viewbox=\"0 0 1000 1000\" xmlns=\"http:\/\/www.w3.org\/2000\/svg\"><path d=\"M646 125C629 125 613 133 604 142L308 442C296 454 292 471 292 487 292 504 296 521 308 533L604 854C617 867 629 875 646 875 663 875 679 871 692 858 704 846 713 829 713 812 713 796 708 779 692 767L438 487 692 225C700 217 708 204 708 187 708 171 704 154 692 142 675 129 663 125 646 125Z\"><\/path><\/svg>\t\t\t\t\t\t<\/div>\n\t\t\t\t\t\t<div class=\"elementor-swiper-button elementor-swiper-button-next\" role=\"button\" tabindex=\"0\" aria-label=\"\ub2e4\uc74c \uc2ac\ub77c\uc774\ub4dc\" data-no-translation-aria-label=\"\">\n\t\t\t\t\t\t\t<svg aria-hidden=\"true\" class=\"e-font-icon-svg e-eicon-chevron-right\" viewbox=\"0 0 1000 1000\" xmlns=\"http:\/\/www.w3.org\/2000\/svg\"><path d=\"M696 533C708 521 713 504 713 487 713 471 708 454 696 446L400 146C388 133 375 125 354 125 338 125 325 129 313 142 300 154 292 171 292 187 292 204 296 221 308 233L563 492 304 771C292 783 288 800 288 817 288 833 296 850 308 863 321 871 338 875 354 875 371 875 388 867 400 854L696 533Z\"><\/path><\/svg>\t\t\t\t\t\t<\/div>\n\t\t\t\t\t\t\t\t\t\t\t\t\t\t\t\t<div class=\"swiper-pagination\"><\/div>\n\t\t\t\t\t\t\t\t\t\t\t\t<\/div>\n\t\t\t\t<\/div>\n\t\t\t\t\t\t\t\t<\/div>\n\t\t\t\t<\/div>\n\t\t\t\t\t<\/div>\n\t\t\t\t<\/div>\n\t\t<div class=\"elementor-element elementor-element-3726f5b e-flex e-con-boxed e-con e-parent\" data-id=\"3726f5b\" data-element_type=\"container\" data-e-type=\"container\">\n\t\t\t\t\t<div class=\"e-con-inner\">\n\t\t\t\t<div class=\"elementor-element elementor-element-6beb120 elementor-widget elementor-widget-text-editor\" data-id=\"6beb120\" data-element_type=\"widget\" data-e-type=\"widget\" data-widget_type=\"text-editor.default\">\n\t\t\t\t<div class=\"elementor-widget-container\">\n\t\t\t\t\t\t\t\t\t<h4>AAM Nation Vi bygger framtiden f\u00f6r AAM, UAM Underh\u00e5llspersonal<\/h4><p><span style=\"color: #000000;\">Utbildning och karri\u00e4rv\u00e4gar f\u00f6r n\u00e4sta generations flygtekniker<\/span><\/p><p><br \/><span style=\"color: #000000;\">Framv\u00e4xten av Advanced Air Mobility (AAM) och eVTOL-flygplan (electric vertical takeoff and landing) revolutionerar transporterna i st\u00e4der och regioner. I takt med att denna industri v\u00e4xer \u00e4r h\u00f6gkvalificerade underh\u00e5llstekniker och ingenj\u00f6rer avg\u00f6rande f\u00f6r att s\u00e4kerst\u00e4lla s\u00e4kerhet, effektivitet och h\u00e5llbarhet.<\/span><\/p><p><span style=\"color: #000000;\">F\u00f6r att m\u00f6ta den v\u00e4xande efterfr\u00e5gan utvecklar OEM-f\u00f6retag, utbildningsinstitutioner och myndigheter specialiserade arbetskraftsprogram, certifieringsv\u00e4gar och l\u00e4rlingsm\u00f6jligheter f\u00f6r blivande och erfarna flygproffs.<\/span><\/p><p><br \/><strong><span style=\"color: #000000;\">Utbildnings- och certifieringsprogram f\u00f6r AAM och eVTOL<\/span><\/strong><\/p><p><strong><span style=\"color: #000000;\">OEM- och branschledda utbildningsprogram<\/span><\/strong><\/p><p><span style=\"color: #000000;\">Ledande eVTOL-tillverkare och AAM-tj\u00e4nsteleverant\u00f6rer investerar i teknikerutbildning och kompetensh\u00f6jande program f\u00f6r att utveckla en arbetsstyrka som kan serva n\u00e4sta generations flygplan.<\/span><\/p><p><br \/><span style=\"color: #000000;\">\u2714 Joby Aviation Technician Academy - Praktisk utbildning f\u00f6r underh\u00e5ll av eVTOL, batterisystem och vertiportverksamhet.<\/span><br \/><br \/><span style=\"color: #000000;\">\u2714 Archer Aviation Training Program - Fokuserar p\u00e5 reparationer av flygplansskrov i kompositmaterial, avionik och underh\u00e5ll av elektriska framdrivningssystem.<\/span><\/p><p><span style=\"color: #000000;\">\u2714 Vertical Aerospace &amp; Rolls-Royce Hybrid Propulsion Workshops - Specialiserad utbildning i underh\u00e5ll av elektrisk framdrivning och v\u00e4tgasbr\u00e4nsleceller.<\/span><\/p><p><span style=\"color: #000000;\">\u2714 Hyundai Supernal &amp; Hanwha Systems Technician Pipeline - Utveckling av n\u00e4sta generations AAM-servicepersonal i hela Asien.<\/span><\/p><p><br \/><strong><span style=\"color: #000000;\">Stipendier och bidrag f\u00f6r AAM-tekniker<\/span><\/strong><\/p><p><span style=\"color: #000000;\">F\u00f6r att locka nya talanger till branschen erbjuder organisationer och OEM-f\u00f6retag finansieringsst\u00f6d, studiemedel och l\u00e4rlingsplatser f\u00f6r blivande underh\u00e5llspersonal inom eVTOL.<\/span><\/p><p><span style=\"color: #000000;\">\u2714 FAA &amp; NASA AAM Technician Scholarships - Sponsrad finansiering f\u00f6r studenter som vill arbeta med underh\u00e5ll och reparation av eVTOL.<\/span><br \/><br \/><span style=\"color: #000000;\">\u2714 EASA eVTOL Technician Development Grants - St\u00f6d till Europabaserade tekniker som s\u00f6ker sig till AAM-arbetsstyrkan.<\/span><br \/><br \/><span style=\"color: #000000;\">\u2714 Sponsring av l\u00e4rlingsplatser inom industrin - Ledande AAM-f\u00f6retag st\u00e5r f\u00f6r certifieringskostnader, betalda l\u00e4rlingsplatser och praktisk utbildning.<\/span><\/p><p><strong><span style=\"color: #000000;\">Partnerskap f\u00f6r l\u00e4rlingsutbildning och arbetskraft<\/span><\/strong><\/p><p><span style=\"color: #000000;\">\u2714 Boeing Wisk Aero &amp; Community College Apprenticeships - Samarbetar med flygskolor f\u00f6r att erbjuda praktisk utbildning och jobbplacering.<\/span><br \/><br \/><span style=\"color: #000000;\">\u2714 United Airlines &amp; Eve Air Mobility MRO Expansion - Flygbolagsst\u00f6dda utbildningsprogram f\u00f6r att \u00f6ka arbetskraften f\u00f6r regional AAM-verksamhet.<\/span><br \/><br \/><span style=\"color: #000000;\">\u2714 AAM Workforce Development &amp; Technical School Collaborations - Partnerskap mellan OEM-f\u00f6retag, MRO-leverant\u00f6rer och flygskolor f\u00f6r att skapa pipelines med certifierade tekniker.<\/span><\/p><p><span style=\"color: #000000;\">Viktiga fokusomr\u00e5den f\u00f6r utveckling av underh\u00e5llspersonal inom AAM &amp; UAM<\/span><\/p><p><span style=\"color: #000000;\">\ud83d\udd39 Underh\u00e5ll av batterier och elektrisk framdrivning - Specialiserad utbildning f\u00f6r h\u00f6gsp\u00e4nningssystem, batteridiagnostik och service av drivlinor.<\/span><br \/><br \/><span style=\"color: #000000;\">\ud83d\udd39 Vertiport Infrastructure &amp; Ground Support Operations - F\u00f6rbereder tekniker f\u00f6r vertiportunderh\u00e5ll, flygtrafikledning och s\u00e4kerhetsprotokoll.<\/span><br \/><br \/><span style=\"color: #000000;\">\ud83d\udd39 Regulatory &amp; Safety Compliance Training - F\u00f6rst\u00e5 FAA, EASA och internationella standarder f\u00f6r luftv\u00e4rdighet.<\/span><br \/><br \/><span style=\"color: #000000;\">\ud83d\udd39 Reparation av flygplansskrov och flygelektronik i komposit - Utbildning f\u00f6r n\u00e4sta generations l\u00e4ttviktsmaterial och avancerade flygelektroniksystem.<\/span><\/p><p><br \/><strong><span style=\"color: #000000;\">Bli en del av framtiden f\u00f6r AAM- och eVTOL-underh\u00e5ll!<\/span><\/strong><\/p><p><span style=\"color: #000000;\">De globala investeringarna i elflyg \u00f6kar kraftigt och nu \u00e4r det perfekta tillf\u00e4llet att g\u00f6ra karri\u00e4r inom AAM-underh\u00e5ll och supporttj\u00e4nster. Oavsett om du \u00e4r student, erfaren flygmekaniker eller p\u00e5 v\u00e4g in i elflygbranschen finns det utbildnings- och certifieringsprogram tillg\u00e4ngliga f\u00f6r att starta din karri\u00e4r i denna v\u00e4xande bransch.<\/span><\/p><p><br \/><strong><span style=\"color: #000000;\">Utforska utbildningsprogram f\u00f6r arbetskraften, stipendier och l\u00e4rlingsplatser idag!<\/span><\/strong><\/p><p><br \/><span style=\"color: #000000;\">F\u00f6r mer information om karri\u00e4rer och utbildning inom AAM Maintenance, kontakta oss p\u00e5 contact@aamnation.com<\/span><\/p>\t\t\t\t\t\t\t\t<\/div>\n\t\t\t\t<\/div>\n\t\t\t\t\t<\/div>\n\t\t\t\t<\/div>\n\t\t\t\t<\/div>","protected":false},"excerpt":{"rendered":"<p>AAM &#038; UAM Career FairTraining &#038; Career Pathways for the Next Generation of Aviation TechniciansClick&#8230;<\/p>","protected":false},"author":165558846,"featured_media":0,"parent":0,"menu_order":0,"comment_status":"closed","ping_status":"closed","template":"","meta":{"_crdt_document":"","om_disable_all_campaigns":false,"_monsterinsights_skip_tracking":false,"_monsterinsights_sitenote_active":false,"_monsterinsights_sitenote_note":"","_monsterinsights_sitenote_category":0,"footnotes":""},"class_list":["post-1318","page","type-page","status-publish","hentry"],"aioseo_notices":[],"aioseo_head":"\n\t\t<!-- All in One SEO Pro 4.9.6.2 - aioseo.com -->\n\t<meta name=\"description\" content=\"AAM &amp; UAM Career FairTraining &amp; Career Pathways for the Next Generation of Aviation TechniciansClick HereAAM &amp; UAM Career FairTraining &amp; Career Pathways for the Next Generation of Aviation TechniciansClick HereAAM &amp; UAM Career FairTraining &amp; Career Pathways for the Next Generation of Aviation TechniciansClick Here AAM Nation We Are Building the Future of AAM,\" \/>\n\t<meta name=\"robots\" content=\"max-image-preview:large\" \/>\n\t<meta name=\"google-site-verification\" content=\"VhfKKFpAUd5BDOqNdL0E7pN1M5DYDEoFZZAnvKiTddM\" \/>\n\t<link rel=\"canonical\" href=\"https:\/\/aamnation.com\/sv\/aam-uam-career-fair\/\" \/>\n\t<meta name=\"generator\" content=\"All in One SEO Pro (AIOSEO) 4.9.6.2\" \/>\n\t\t<meta property=\"og:locale\" content=\"sv_SE\" \/>\n\t\t<meta property=\"og:site_name\" content=\"AAM Nation - Is Elevating The Worldwide AAM \/ UAM \/ UAS \/ UAV \/ Air Taxi eVTOL and Flying Car Industry Into The Future!\" \/>\n\t\t<meta property=\"og:type\" content=\"article\" \/>\n\t\t<meta property=\"og:title\" content=\"AAM &amp; UAM Career Fair - AAM Nation\" \/>\n\t\t<meta property=\"og:description\" content=\"AAM &amp; UAM Career FairTraining &amp; Career Pathways for the Next Generation of Aviation TechniciansClick HereAAM &amp; UAM Career FairTraining &amp; Career Pathways for the Next Generation of Aviation TechniciansClick HereAAM &amp; UAM Career FairTraining &amp; Career Pathways for the Next Generation of Aviation TechniciansClick Here AAM Nation We Are Building the Future of AAM,\" \/>\n\t\t<meta property=\"og:url\" content=\"https:\/\/aamnation.com\/sv\/aam-uam-career-fair\/\" \/>\n\t\t<meta property=\"og:image\" content=\"https:\/\/aamnation.com\/wp-content\/uploads\/2025\/05\/AAM-Logo-2.png\" \/>\n\t\t<meta property=\"og:image:secure_url\" content=\"https:\/\/aamnation.com\/wp-content\/uploads\/2025\/05\/AAM-Logo-2.png\" \/>\n\t\t<meta property=\"og:image:width\" content=\"150\" \/>\n\t\t<meta property=\"og:image:height\" content=\"150\" \/>\n\t\t<meta property=\"article:published_time\" content=\"2025-03-07T03:22:31+00:00\" \/>\n\t\t<meta property=\"article:modified_time\" content=\"2025-03-22T19:20:21+00:00\" \/>\n\t\t<meta name=\"twitter:card\" content=\"summary_large_image\" \/>\n\t\t<meta name=\"twitter:title\" content=\"AAM &amp; UAM Career Fair - AAM Nation\" \/>\n\t\t<meta name=\"twitter:description\" content=\"AAM &amp; UAM Career FairTraining &amp; Career Pathways for the Next Generation of Aviation TechniciansClick HereAAM &amp; UAM Career FairTraining &amp; Career Pathways for the Next Generation of Aviation TechniciansClick HereAAM &amp; UAM Career FairTraining &amp; Career Pathways for the Next Generation of Aviation TechniciansClick Here AAM Nation We Are Building the Future of AAM,\" \/>\n\t\t<meta name=\"twitter:image\" content=\"https:\/\/aamnation.com\/wp-content\/uploads\/2025\/05\/AAM-Logo-2.png\" \/>\n\t\t<script type=\"application\/ld+json\" class=\"aioseo-schema\">\n\t\t\t{\"@context\":\"https:\\\/\\\/schema.org\",\"@graph\":[{\"@type\":\"BreadcrumbList\",\"@id\":\"https:\\\/\\\/aamnation.com\\\/sv\\\/aam-uam-career-fair\\\/#breadcrumblist\",\"itemListElement\":[{\"@type\":\"ListItem\",\"@id\":\"https:\\\/\\\/aamnation.com\\\/sv#listItem\",\"position\":1,\"name\":\"Home\",\"item\":\"https:\\\/\\\/aamnation.com\\\/sv\",\"nextItem\":{\"@type\":\"ListItem\",\"@id\":\"https:\\\/\\\/aamnation.com\\\/sv\\\/aam-uam-career-fair\\\/#listItem\",\"name\":\"AAM &#038; UAM Career Fair\"}},{\"@type\":\"ListItem\",\"@id\":\"https:\\\/\\\/aamnation.com\\\/sv\\\/aam-uam-career-fair\\\/#listItem\",\"position\":2,\"name\":\"AAM &#038; UAM Career Fair\",\"previousItem\":{\"@type\":\"ListItem\",\"@id\":\"https:\\\/\\\/aamnation.com\\\/sv#listItem\",\"name\":\"Home\"}}]},{\"@type\":\"Organization\",\"@id\":\"https:\\\/\\\/aamnation.com\\\/sv\\\/#organization\",\"name\":\"AAM Nation AAM Nation\",\"description\":\"Is Elevating The Worldwide AAM \\\/ UAM \\\/ UAS \\\/ UAV \\\/ Air Taxi eVTOL and Flying Car Industry Into The Future! Elevating The Worldwide AAM \\\/ UAM \\\/ UAS \\\/ UAV Air Taxi eVTOL and Flying Car Industry Into The Future!\",\"url\":\"https:\\\/\\\/aamnation.com\\\/sv\\\/\",\"email\":\"contact@aamnation.com\",\"telephone\":\"+19492268880\",\"logo\":{\"@type\":\"ImageObject\",\"url\":\"https:\\\/\\\/i0.wp.com\\\/aamnation.com\\\/wp-content\\\/uploads\\\/2025\\\/05\\\/AAM-Logo-2.png?fit=150%2C150&ssl=1\",\"@id\":\"https:\\\/\\\/aamnation.com\\\/sv\\\/aam-uam-career-fair\\\/#organizationLogo\",\"width\":150,\"height\":150},\"image\":{\"@id\":\"https:\\\/\\\/aamnation.com\\\/sv\\\/aam-uam-career-fair\\\/#organizationLogo\"}},{\"@type\":\"WebPage\",\"@id\":\"https:\\\/\\\/aamnation.com\\\/sv\\\/aam-uam-career-fair\\\/#webpage\",\"url\":\"https:\\\/\\\/aamnation.com\\\/sv\\\/aam-uam-career-fair\\\/\",\"name\":\"AAM & UAM Career Fair - AAM Nation\",\"description\":\"AAM & UAM Career FairTraining & Career Pathways for the Next Generation of Aviation TechniciansClick HereAAM & UAM Career FairTraining & Career Pathways for the Next Generation of Aviation TechniciansClick HereAAM & UAM Career FairTraining & Career Pathways for the Next Generation of Aviation TechniciansClick Here AAM Nation We Are Building the Future of AAM,\",\"inLanguage\":\"sv-SE\",\"isPartOf\":{\"@id\":\"https:\\\/\\\/aamnation.com\\\/sv\\\/#website\"},\"breadcrumb\":{\"@id\":\"https:\\\/\\\/aamnation.com\\\/sv\\\/aam-uam-career-fair\\\/#breadcrumblist\"},\"datePublished\":\"2025-03-06T19:22:31-08:00\",\"dateModified\":\"2025-03-22T12:20:21-07:00\"},{\"@type\":\"WebSite\",\"@id\":\"https:\\\/\\\/aamnation.com\\\/sv\\\/#website\",\"url\":\"https:\\\/\\\/aamnation.com\\\/sv\\\/\",\"name\":\"AAM Nation\",\"description\":\"Is Elevating The Worldwide AAM \\\/ UAM \\\/ UAS \\\/ UAV \\\/ Air Taxi eVTOL and Flying Car Industry Into The Future!\",\"inLanguage\":\"sv-SE\",\"publisher\":{\"@id\":\"https:\\\/\\\/aamnation.com\\\/sv\\\/#organization\"}}]}\n\t\t<\/script>\n\t\t<!-- All in One SEO Pro -->\r\n\t\t<title>AAM &amp; UAM Career Fair - AAM Nation<\/title>\n\n","aioseo_head_json":{"title":"AAM & UAM Career Fair - AAM Nation","description":"AAM & UAM Career FairTraining & Career Pathways for the Next Generation of Aviation TechniciansClick HereAAM & UAM Career FairTraining & Career Pathways for the Next Generation of Aviation TechniciansClick HereAAM & UAM Career FairTraining & Career Pathways for the Next Generation of Aviation TechniciansClick Here AAM Nation We Are Building the Future of AAM,","canonical_url":"https:\/\/aamnation.com\/sv\/aam-uam-career-fair\/","robots":"max-image-preview:large","keywords":"","webmasterTools":{"google-site-verification":"VhfKKFpAUd5BDOqNdL0E7pN1M5DYDEoFZZAnvKiTddM","miscellaneous":""},"schema":{"@context":"https:\/\/schema.org","@graph":[{"@type":"BreadcrumbList","@id":"https:\/\/aamnation.com\/sv\/aam-uam-career-fair\/#breadcrumblist","itemListElement":[{"@type":"ListItem","@id":"https:\/\/aamnation.com\/sv#listItem","position":1,"name":"Home","item":"https:\/\/aamnation.com\/sv","nextItem":{"@type":"ListItem","@id":"https:\/\/aamnation.com\/sv\/aam-uam-career-fair\/#listItem","name":"AAM &#038; UAM Career Fair"}},{"@type":"ListItem","@id":"https:\/\/aamnation.com\/sv\/aam-uam-career-fair\/#listItem","position":2,"name":"AAM &#038; UAM Career Fair","previousItem":{"@type":"ListItem","@id":"https:\/\/aamnation.com\/sv#listItem","name":"Home"}}]},{"@type":"Organization","@id":"https:\/\/aamnation.com\/sv\/#organization","name":"AAM Nation AAM Nation","description":"Is Elevating The Worldwide AAM \/ UAM \/ UAS \/ UAV \/ Air Taxi eVTOL and Flying Car Industry Into The Future! Elevating The Worldwide AAM \/ UAM \/ UAS \/ UAV Air Taxi eVTOL and Flying Car Industry Into The Future!","url":"https:\/\/aamnation.com\/sv\/","email":"contact@aamnation.com","telephone":"+19492268880","logo":{"@type":"ImageObject","url":"https:\/\/i0.wp.com\/aamnation.com\/wp-content\/uploads\/2025\/05\/AAM-Logo-2.png?fit=150%2C150&ssl=1","@id":"https:\/\/aamnation.com\/sv\/aam-uam-career-fair\/#organizationLogo","width":150,"height":150},"image":{"@id":"https:\/\/aamnation.com\/sv\/aam-uam-career-fair\/#organizationLogo"}},{"@type":"WebPage","@id":"https:\/\/aamnation.com\/sv\/aam-uam-career-fair\/#webpage","url":"https:\/\/aamnation.com\/sv\/aam-uam-career-fair\/","name":"AAM & UAM Career Fair - AAM Nation","description":"AAM & UAM Career FairTraining & Career Pathways for the Next Generation of Aviation TechniciansClick HereAAM & UAM Career FairTraining & Career Pathways for the Next Generation of Aviation TechniciansClick HereAAM & UAM Career FairTraining & Career Pathways for the Next Generation of Aviation TechniciansClick Here AAM Nation We Are Building the Future of AAM,","inLanguage":"sv-SE","isPartOf":{"@id":"https:\/\/aamnation.com\/sv\/#website"},"breadcrumb":{"@id":"https:\/\/aamnation.com\/sv\/aam-uam-career-fair\/#breadcrumblist"},"datePublished":"2025-03-06T19:22:31-08:00","dateModified":"2025-03-22T12:20:21-07:00"},{"@type":"WebSite","@id":"https:\/\/aamnation.com\/sv\/#website","url":"https:\/\/aamnation.com\/sv\/","name":"AAM Nation","description":"Is Elevating The Worldwide AAM \/ UAM \/ UAS \/ UAV \/ Air Taxi eVTOL and Flying Car Industry Into The Future!","inLanguage":"sv-SE","publisher":{"@id":"https:\/\/aamnation.com\/sv\/#organization"}}]},"og:locale":"sv_SE","og:site_name":"AAM Nation - Is Elevating The Worldwide AAM \/ UAM \/ UAS \/ UAV \/ Air Taxi eVTOL and Flying Car Industry Into The Future!","og:type":"article","og:title":"AAM &amp; UAM Career Fair - AAM Nation","og:description":"AAM &amp; UAM Career FairTraining &amp; Career Pathways for the Next Generation of Aviation TechniciansClick HereAAM &amp; UAM Career FairTraining &amp; Career Pathways for the Next Generation of Aviation TechniciansClick HereAAM &amp; UAM Career FairTraining &amp; Career Pathways for the Next Generation of Aviation TechniciansClick Here AAM Nation We Are Building the Future of AAM,","og:url":"https:\/\/aamnation.com\/sv\/aam-uam-career-fair\/","og:image":"https:\/\/aamnation.com\/wp-content\/uploads\/2025\/05\/AAM-Logo-2.png","og:image:secure_url":"https:\/\/aamnation.com\/wp-content\/uploads\/2025\/05\/AAM-Logo-2.png","og:image:width":150,"og:image:height":150,"article:published_time":"2025-03-07T03:22:31+00:00","article:modified_time":"2025-03-22T19:20:21+00:00","twitter:card":"summary_large_image","twitter:title":"AAM &amp; UAM Career Fair - AAM Nation","twitter:description":"AAM &amp; UAM Career FairTraining &amp; Career Pathways for the Next Generation of Aviation TechniciansClick HereAAM &amp; UAM Career FairTraining &amp; Career Pathways for the Next Generation of Aviation TechniciansClick HereAAM &amp; UAM Career FairTraining &amp; Career Pathways for the Next Generation of Aviation TechniciansClick Here AAM Nation We Are Building the Future of AAM,","twitter:image":"https:\/\/aamnation.com\/wp-content\/uploads\/2025\/05\/AAM-Logo-2.png"},"aioseo_meta_data":{"post_id":"1318","title":null,"description":null,"keywords":null,"keyphrases":null,"primary_term":null,"canonical_url":null,"og_title":null,"og_description":null,"og_object_type":"default","og_image_type":"default","og_image_url":null,"og_image_width":null,"og_image_height":null,"og_image_custom_url":null,"og_image_custom_fields":null,"og_video":null,"og_custom_url":null,"og_article_section":null,"og_article_tags":null,"twitter_use_og":false,"twitter_card":"default","twitter_image_type":"default","twitter_image_url":null,"twitter_image_custom_url":null,"twitter_image_custom_fields":null,"twitter_title":null,"twitter_description":null,"schema":{"blockGraphs":[],"customGraphs":[],"default":{"data":{"Article":[],"Course":[],"Dataset":[],"FAQPage":[],"Movie":[],"Person":[],"Product":[],"ProductReview":[],"Car":[],"Recipe":[],"Service":[],"SoftwareApplication":[],"WebPage":[]},"graphName":"","isEnabled":true},"graphs":[]},"schema_type":"default","schema_type_options":null,"pillar_content":false,"robots_default":true,"robots_noindex":false,"robots_noarchive":false,"robots_nosnippet":false,"robots_nofollow":false,"robots_noimageindex":false,"robots_noodp":false,"robots_notranslate":false,"robots_max_snippet":null,"robots_max_videopreview":null,"robots_max_imagepreview":"large","priority":null,"frequency":null,"local_seo":null,"seo_analyzer_scan_date":"2025-10-08 21:26:00","breadcrumb_settings":null,"limit_modified_date":false,"reviewed_by":null,"open_ai":null,"ai":null,"created":"2025-09-12 02:31:23","updated":"2025-10-08 21:26:00"},"aioseo_breadcrumb":"<div class=\"aioseo-breadcrumbs\"><span class=\"aioseo-breadcrumb\">\n\t<a href=\"https:\/\/aamnation.com\/sv\" title=\"Home\">Home<\/a>\n<\/span><span class=\"aioseo-breadcrumb-separator\">&raquo;<\/span><span class=\"aioseo-breadcrumb\">\n\tAAM &amp; UAM Career Fair\n<\/span><\/div>","aioseo_breadcrumb_json":[{"label":"Home","link":"https:\/\/aamnation.com\/sv"},{"label":"AAM &#038; UAM Career Fair","link":"https:\/\/aamnation.com\/sv\/aam-uam-career-fair\/"}],"jetpack_likes_enabled":true,"jetpack_sharing_enabled":true,"jetpack_shortlink":"https:\/\/wp.me\/Pgg37f-lg","jetpack-related-posts":[],"_links":{"self":[{"href":"https:\/\/aamnation.com\/sv\/wp-json\/wp\/v2\/pages\/1318","targetHints":{"allow":["GET"]}}],"collection":[{"href":"https:\/\/aamnation.com\/sv\/wp-json\/wp\/v2\/pages"}],"about":[{"href":"https:\/\/aamnation.com\/sv\/wp-json\/wp\/v2\/types\/page"}],"author":[{"embeddable":true,"href":"https:\/\/aamnation.com\/sv\/wp-json\/wp\/v2\/users\/165558846"}],"replies":[{"embeddable":true,"href":"https:\/\/aamnation.com\/sv\/wp-json\/wp\/v2\/comments?post=1318"}],"version-history":[{"count":18,"href":"https:\/\/aamnation.com\/sv\/wp-json\/wp\/v2\/pages\/1318\/revisions"}],"predecessor-version":[{"id":1735,"href":"https:\/\/aamnation.com\/sv\/wp-json\/wp\/v2\/pages\/1318\/revisions\/1735"}],"wp:attachment":[{"href":"https:\/\/aamnation.com\/sv\/wp-json\/wp\/v2\/media?parent=1318"}],"curies":[{"name":"wp","href":"https:\/\/api.w.org\/{rel}","templated":true}]}}