{"id":1295,"date":"2025-03-05T19:12:02","date_gmt":"2025-03-06T03:12:02","guid":{"rendered":"https:\/\/aamnation.com\/?page_id=1295"},"modified":"2025-03-23T14:32:10","modified_gmt":"2025-03-23T21:32:10","slug":"aam-nation-partners","status":"publish","type":"page","link":"https:\/\/aamnation.com\/sv\/aam-nation-partners\/","title":{"rendered":"AAM Nation Partners"},"content":{"rendered":"<div data-elementor-type=\"wp-page\" data-elementor-id=\"1295\" class=\"elementor elementor-1295\" data-elementor-post-type=\"page\">\n\t\t\t\t<div class=\"elementor-element elementor-element-9f8782e e-flex e-con-boxed e-con e-parent\" data-id=\"9f8782e\" data-element_type=\"container\" data-e-type=\"container\">\n\t\t\t\t\t<div class=\"e-con-inner\">\n\t\t\t\t<div class=\"elementor-element elementor-element-fc05a33 elementor--h-position-center elementor--v-position-middle elementor-arrows-position-inside elementor-pagination-position-inside elementor-widget elementor-widget-slides\" data-id=\"fc05a33\" data-element_type=\"widget\" data-e-type=\"widget\" data-settings=\"{&quot;transition&quot;:&quot;fade&quot;,&quot;navigation&quot;:&quot;both&quot;,&quot;autoplay&quot;:&quot;yes&quot;,&quot;pause_on_hover&quot;:&quot;yes&quot;,&quot;pause_on_interaction&quot;:&quot;yes&quot;,&quot;autoplay_speed&quot;:5000,&quot;infinite&quot;:&quot;yes&quot;,&quot;transition_speed&quot;:500}\" data-widget_type=\"slides.default\">\n\t\t\t\t<div class=\"elementor-widget-container\">\n\t\t\t\t\t\t\t\t\t<div class=\"elementor-swiper\">\n\t\t\t\t\t<div class=\"elementor-slides-wrapper elementor-main-swiper swiper\" role=\"region\" aria-roledescription=\"carousel\" aria-label=\"Diabilder\" dir=\"ltr\" data-animation=\"zoomIn\">\n\t\t\t\t<div class=\"swiper-wrapper elementor-slides\">\n\t\t\t\t\t\t\t\t\t\t<div class=\"elementor-repeater-item-2626b08 swiper-slide\" role=\"group\" aria-roledescription=\"slide\"><div class=\"swiper-slide-bg\" role=\"img\" aria-label=\"AAM:s nationslogotyp\"><\/div><div class=\"swiper-slide-inner\" ><div class=\"swiper-slide-contents\"><div class=\"elementor-slide-heading\">AAM Nation Partners<\/div><div class=\"elementor-slide-description\">AAM Nation Industry Partners lyfter AAM &amp; UAM Endeavor in i framtiden<\/div><div  class=\"elementor-button elementor-slide-button elementor-size-sm\">Klicka h\u00e4r<\/div><\/div><\/div><\/div><div class=\"elementor-repeater-item-f2062e5 swiper-slide\" role=\"group\" aria-roledescription=\"slide\"><div class=\"swiper-slide-bg\"><\/div><div class=\"swiper-slide-inner\" ><div class=\"swiper-slide-contents\"><div class=\"elementor-slide-heading\">AAM Nation Partners<\/div><div class=\"elementor-slide-description\">AAM Nation Industry Partners lyfter AAM &amp; UAM Endeavor in i framtiden<\/div><div  class=\"elementor-button elementor-slide-button elementor-size-sm\">Klicka h\u00e4r<\/div><\/div><\/div><\/div><div class=\"elementor-repeater-item-9d587c9 swiper-slide\" role=\"group\" aria-roledescription=\"slide\"><div class=\"swiper-slide-bg\"><\/div><div class=\"swiper-slide-inner\" ><div class=\"swiper-slide-contents\"><div class=\"elementor-slide-heading\">AAM Nation Partners<\/div><div class=\"elementor-slide-description\">AAM Nation Industry Partners lyfter AAM &amp; UAM Endeavor in i framtiden<\/div><div  class=\"elementor-button elementor-slide-button elementor-size-sm\">Klicka h\u00e4r<\/div><\/div><\/div><\/div>\t\t\t\t<\/div>\n\t\t\t\t\t\t\t\t\t\t\t\t\t\t\t<div class=\"elementor-swiper-button elementor-swiper-button-prev\" role=\"button\" tabindex=\"0\" aria-label=\"F\u00f6reg\u00e5ende bild\">\n\t\t\t\t\t\t\t<svg aria-hidden=\"true\" class=\"e-font-icon-svg e-eicon-chevron-left\" viewbox=\"0 0 1000 1000\" xmlns=\"http:\/\/www.w3.org\/2000\/svg\"><path d=\"M646 125C629 125 613 133 604 142L308 442C296 454 292 471 292 487 292 504 296 521 308 533L604 854C617 867 629 875 646 875 663 875 679 871 692 858 704 846 713 829 713 812 713 796 708 779 692 767L438 487 692 225C700 217 708 204 708 187 708 171 704 154 692 142 675 129 663 125 646 125Z\"><\/path><\/svg>\t\t\t\t\t\t<\/div>\n\t\t\t\t\t\t<div class=\"elementor-swiper-button elementor-swiper-button-next\" role=\"button\" tabindex=\"0\" aria-label=\"N\u00e4sta bild\">\n\t\t\t\t\t\t\t<svg aria-hidden=\"true\" class=\"e-font-icon-svg e-eicon-chevron-right\" viewbox=\"0 0 1000 1000\" xmlns=\"http:\/\/www.w3.org\/2000\/svg\"><path d=\"M696 533C708 521 713 504 713 487 713 471 708 454 696 446L400 146C388 133 375 125 354 125 338 125 325 129 313 142 300 154 292 171 292 187 292 204 296 221 308 233L563 492 304 771C292 783 288 800 288 817 288 833 296 850 308 863 321 871 338 875 354 875 371 875 388 867 400 854L696 533Z\"><\/path><\/svg>\t\t\t\t\t\t<\/div>\n\t\t\t\t\t\t\t\t\t\t\t\t\t\t\t\t<div class=\"swiper-pagination\"><\/div>\n\t\t\t\t\t\t\t\t\t\t\t\t<\/div>\n\t\t\t\t<\/div>\n\t\t\t\t\t\t\t\t<\/div>\n\t\t\t\t<\/div>\n\t\t\t\t\t<\/div>\n\t\t\t\t<\/div>\n\t\t<div class=\"elementor-element elementor-element-36af170 e-flex e-con-boxed e-con e-parent\" data-id=\"36af170\" data-element_type=\"container\" data-e-type=\"container\">\n\t\t\t\t\t<div class=\"e-con-inner\">\n\t\t\t\t<div class=\"elementor-element elementor-element-2937129 elementor-widget elementor-widget-text-editor\" data-id=\"2937129\" data-element_type=\"widget\" data-e-type=\"widget\" data-widget_type=\"text-editor.default\">\n\t\t\t\t<div class=\"elementor-widget-container\">\n\t\t\t\t\t\t\t\t\t<h4><strong>AAM Nation Industry Partners: Lyfter AAM och UAM in i framtiden<\/strong><\/h4><p><span style=\"color: #000000;\">AAM Nation \u00e4r stolta \u00f6ver att presentera sina industripartners, ett kraftfullt n\u00e4tverk av VTOL-teknikledare, innovat\u00f6rer och viktiga intressenter som \u00e4r engagerade i att forma framtiden f\u00f6r Advanced Air Mobility (AAM) och Urban Air Mobility (UAM). Dessa partnerskap \u00e4r drivkraften bakom banbrytande framsteg inom batterielektriska, hybridelektriska och v\u00e4teelektriska VTOL-flygplan, vilket p\u00e5skyndar \u00f6verg\u00e5ngen till ett mer effektivt, h\u00e5llbart och sammankopplat ekosystem f\u00f6r lufttransport. Genom att f\u00f6rena de skarpaste hj\u00e4rnorna och de mest fram\u00e5tblickande organisationerna fr\u00e4mjar AAM Nation samarbete som driver branschen fram\u00e5t.<\/span><\/p><p><span style=\"color: #000000;\">Som den ultimata plattformen f\u00f6r AAM- och UAM-innovation ger AAM Nation branschpartner exklusiva m\u00f6jligheter att visa upp sin senaste teknik, utbyta insikter och driva kritiska diskussioner som formar regelverk, infrastrukturutveckling och investeringsstrategier. Genom strategiska allianser f\u00e5r v\u00e5ra partners tillg\u00e5ng till ett globalt n\u00e4tverk av flygpionj\u00e4rer, beslutsfattare och teknikutvecklare som tillsammans arbetar f\u00f6r att \u00f6vervinna utmaningar och \u00f6ppna nya m\u00f6jligheter inom lufttransport. Dessa samarbeten f\u00f6rfinar inte bara VTOL-flygplanens design utan f\u00f6rb\u00e4ttrar ocks\u00e5 s\u00e4kerheten, effektiviteten och skalbarheten i hela branschen.<\/span><\/p><p><span style=\"color: #000000;\">Genom att integrera OEM-f\u00f6retag, underh\u00e5llsleverant\u00f6rer, leasingf\u00f6retag, f\u00f6rs\u00e4kringsbolag och banbrytande teknikf\u00f6retag skapar AAM Nation ett blomstrande ekosystem som st\u00f6der alla aspekter av AAM- och UAM-sektorerna. V\u00e5ra industripartners ligger i framkant n\u00e4r det g\u00e4ller att utveckla framdrivningssystem, avionik och operativa modeller, vilket s\u00e4kerst\u00e4ller att n\u00e4sta generations l\u00f6sningar f\u00f6r luftr\u00f6rlighet uppfyller kraven p\u00e5 modern stads- och regionaltransport. Denna kollektiva insats p\u00e5skyndar spridningen av h\u00e5llbara, h\u00f6gpresterande VTOL-l\u00f6sningar som kommer att omdefiniera hur m\u00e4nniskor och varor r\u00f6r sig i framtiden.<\/span><\/p><p><span style=\"color: #000000;\">Nu \u00e4r det dags att g\u00e5 med i AAM Nation och dess banbrytande partners f\u00f6r att forma flygets framtid. Oavsett om du \u00e4r en etablerad ledare inom omr\u00e5det eller en ny innovat\u00f6r, ger denna plattform de kontakter, insikter och m\u00f6jligheter som beh\u00f6vs f\u00f6r att lyfta din roll i AAM- och UAM-revolutionen. Himlen utvecklas - var en del av den r\u00f6relse som g\u00f6r n\u00e4sta generations luftr\u00f6rlighet till verklighet.<\/span><\/p>\t\t\t\t\t\t\t\t<\/div>\n\t\t\t\t<\/div>\n\t\t\t\t\t<\/div>\n\t\t\t\t<\/div>\n\t\t<div class=\"elementor-element elementor-element-26809e9 e-flex e-con-boxed e-con e-parent\" data-id=\"26809e9\" data-element_type=\"container\" data-e-type=\"container\">\n\t\t\t\t\t<div class=\"e-con-inner\">\n\t\t\t\t<div class=\"elementor-element elementor-element-ab63362 elementor-widget elementor-widget-text-editor\" data-id=\"ab63362\" data-element_type=\"widget\" data-e-type=\"widget\" data-widget_type=\"text-editor.default\">\n\t\t\t\t<div class=\"elementor-widget-container\">\n\t\t\t\t\t\t\t\t\t<h4>Bes\u00f6k v\u00e5ra AAM &amp; UAM Industry Partners<\/h4>\t\t\t\t\t\t\t\t<\/div>\n\t\t\t\t<\/div>\n\t\t\t\t\t<\/div>\n\t\t\t\t<\/div>\n\t\t<div class=\"elementor-element elementor-element-90403bd e-grid e-con-boxed e-con e-parent\" data-id=\"90403bd\" data-element_type=\"container\" data-e-type=\"container\">\n\t\t\t\t\t<div class=\"e-con-inner\">\n\t\t\t\t\t<\/div>\n\t\t\t\t<\/div>\n\t\t\t\t<\/div>","protected":false},"excerpt":{"rendered":"<p>AAM Nation PartnersAAM Nation Industry Partners Elevate The AAM &#038; UAM Endeavor Into The FutureClick&#8230;<\/p>","protected":false},"author":165558846,"featured_media":0,"parent":0,"menu_order":0,"comment_status":"closed","ping_status":"closed","template":"","meta":{"_crdt_document":"","om_disable_all_campaigns":false,"_monsterinsights_skip_tracking":false,"_monsterinsights_sitenote_active":false,"_monsterinsights_sitenote_note":"","_monsterinsights_sitenote_category":0,"footnotes":""},"class_list":["post-1295","page","type-page","status-publish","hentry"],"aioseo_notices":[],"aioseo_head":"\n\t\t<!-- All in One SEO Pro 4.9.6.2 - aioseo.com -->\n\t<meta name=\"description\" content=\"AAM Nation PartnersAAM Nation Industry Partners Elevate The AAM &amp; UAM Endeavor Into The FutureClick HereAAM Nation PartnersAAM Nation Industry Partners Elevate The AAM &amp; UAM Endeavor Into The FutureClick HereAAM Nation PartnersAAM Nation Industry Partners Elevate The AAM &amp; UAM Endeavor Into The FutureClick Here AAM Nation Industry Partners: Elevating AAM &amp; UAM into\" \/>\n\t<meta name=\"robots\" content=\"max-image-preview:large\" \/>\n\t<meta name=\"google-site-verification\" content=\"VhfKKFpAUd5BDOqNdL0E7pN1M5DYDEoFZZAnvKiTddM\" \/>\n\t<link rel=\"canonical\" href=\"https:\/\/aamnation.com\/sv\/aam-nation-partners\/\" \/>\n\t<meta name=\"generator\" content=\"All in One SEO Pro (AIOSEO) 4.9.6.2\" \/>\n\t\t<meta property=\"og:locale\" content=\"sv_SE\" \/>\n\t\t<meta property=\"og:site_name\" content=\"AAM Nation - Is Elevating The Worldwide AAM \/ UAM \/ UAS \/ UAV \/ Air Taxi eVTOL and Flying Car Industry Into The Future!\" \/>\n\t\t<meta property=\"og:type\" content=\"article\" \/>\n\t\t<meta property=\"og:title\" content=\"AAM Nation Partners - AAM Nation\" \/>\n\t\t<meta property=\"og:description\" content=\"AAM Nation PartnersAAM Nation Industry Partners Elevate The AAM &amp; UAM Endeavor Into The FutureClick HereAAM Nation PartnersAAM Nation Industry Partners Elevate The AAM &amp; UAM Endeavor Into The FutureClick HereAAM Nation PartnersAAM Nation Industry Partners Elevate The AAM &amp; UAM Endeavor Into The FutureClick Here AAM Nation Industry Partners: Elevating AAM &amp; UAM into\" \/>\n\t\t<meta property=\"og:url\" content=\"https:\/\/aamnation.com\/sv\/aam-nation-partners\/\" \/>\n\t\t<meta property=\"og:image\" content=\"https:\/\/aamnation.com\/wp-content\/uploads\/2025\/05\/AAM-Logo-2.png\" \/>\n\t\t<meta property=\"og:image:secure_url\" content=\"https:\/\/aamnation.com\/wp-content\/uploads\/2025\/05\/AAM-Logo-2.png\" \/>\n\t\t<meta property=\"og:image:width\" content=\"150\" \/>\n\t\t<meta property=\"og:image:height\" content=\"150\" \/>\n\t\t<meta property=\"article:published_time\" content=\"2025-03-06T03:12:02+00:00\" \/>\n\t\t<meta property=\"article:modified_time\" content=\"2025-03-23T21:32:10+00:00\" \/>\n\t\t<meta name=\"twitter:card\" content=\"summary_large_image\" \/>\n\t\t<meta name=\"twitter:title\" content=\"AAM Nation Partners - AAM Nation\" \/>\n\t\t<meta name=\"twitter:description\" content=\"AAM Nation PartnersAAM Nation Industry Partners Elevate The AAM &amp; UAM Endeavor Into The FutureClick HereAAM Nation PartnersAAM Nation Industry Partners Elevate The AAM &amp; UAM Endeavor Into The FutureClick HereAAM Nation PartnersAAM Nation Industry Partners Elevate The AAM &amp; UAM Endeavor Into The FutureClick Here AAM Nation Industry Partners: Elevating AAM &amp; UAM into\" \/>\n\t\t<meta name=\"twitter:image\" content=\"https:\/\/aamnation.com\/wp-content\/uploads\/2025\/05\/AAM-Logo-2.png\" \/>\n\t\t<script type=\"application\/ld+json\" class=\"aioseo-schema\">\n\t\t\t{\"@context\":\"https:\\\/\\\/schema.org\",\"@graph\":[{\"@type\":\"BreadcrumbList\",\"@id\":\"https:\\\/\\\/aamnation.com\\\/sv\\\/aam-nation-partners\\\/#breadcrumblist\",\"itemListElement\":[{\"@type\":\"ListItem\",\"@id\":\"https:\\\/\\\/aamnation.com\\\/sv#listItem\",\"position\":1,\"name\":\"Home\",\"item\":\"https:\\\/\\\/aamnation.com\\\/sv\",\"nextItem\":{\"@type\":\"ListItem\",\"@id\":\"https:\\\/\\\/aamnation.com\\\/sv\\\/aam-nation-partners\\\/#listItem\",\"name\":\"AAM Nation Partners\"}},{\"@type\":\"ListItem\",\"@id\":\"https:\\\/\\\/aamnation.com\\\/sv\\\/aam-nation-partners\\\/#listItem\",\"position\":2,\"name\":\"AAM Nation Partners\",\"previousItem\":{\"@type\":\"ListItem\",\"@id\":\"https:\\\/\\\/aamnation.com\\\/sv#listItem\",\"name\":\"Home\"}}]},{\"@type\":\"Organization\",\"@id\":\"https:\\\/\\\/aamnation.com\\\/sv\\\/#organization\",\"name\":\"AAM Nation AAM Nation\",\"description\":\"Is Elevating The Worldwide AAM \\\/ UAM \\\/ UAS \\\/ UAV \\\/ Air Taxi eVTOL and Flying Car Industry Into The Future! Elevating The Worldwide AAM \\\/ UAM \\\/ UAS \\\/ UAV Air Taxi eVTOL and Flying Car Industry Into The Future!\",\"url\":\"https:\\\/\\\/aamnation.com\\\/sv\\\/\",\"email\":\"contact@aamnation.com\",\"telephone\":\"+19492268880\",\"logo\":{\"@type\":\"ImageObject\",\"url\":\"https:\\\/\\\/i0.wp.com\\\/aamnation.com\\\/wp-content\\\/uploads\\\/2025\\\/05\\\/AAM-Logo-2.png?fit=150%2C150&ssl=1\",\"@id\":\"https:\\\/\\\/aamnation.com\\\/sv\\\/aam-nation-partners\\\/#organizationLogo\",\"width\":150,\"height\":150},\"image\":{\"@id\":\"https:\\\/\\\/aamnation.com\\\/sv\\\/aam-nation-partners\\\/#organizationLogo\"}},{\"@type\":\"WebPage\",\"@id\":\"https:\\\/\\\/aamnation.com\\\/sv\\\/aam-nation-partners\\\/#webpage\",\"url\":\"https:\\\/\\\/aamnation.com\\\/sv\\\/aam-nation-partners\\\/\",\"name\":\"AAM Nation Partners - AAM Nation\",\"description\":\"AAM Nation PartnersAAM Nation Industry Partners Elevate The AAM & UAM Endeavor Into The FutureClick HereAAM Nation PartnersAAM Nation Industry Partners Elevate The AAM & UAM Endeavor Into The FutureClick HereAAM Nation PartnersAAM Nation Industry Partners Elevate The AAM & UAM Endeavor Into The FutureClick Here AAM Nation Industry Partners: Elevating AAM & UAM into\",\"inLanguage\":\"sv-SE\",\"isPartOf\":{\"@id\":\"https:\\\/\\\/aamnation.com\\\/sv\\\/#website\"},\"breadcrumb\":{\"@id\":\"https:\\\/\\\/aamnation.com\\\/sv\\\/aam-nation-partners\\\/#breadcrumblist\"},\"datePublished\":\"2025-03-05T19:12:02-08:00\",\"dateModified\":\"2025-03-23T14:32:10-07:00\"},{\"@type\":\"WebSite\",\"@id\":\"https:\\\/\\\/aamnation.com\\\/sv\\\/#website\",\"url\":\"https:\\\/\\\/aamnation.com\\\/sv\\\/\",\"name\":\"AAM Nation\",\"description\":\"Is Elevating The Worldwide AAM \\\/ UAM \\\/ UAS \\\/ UAV \\\/ Air Taxi eVTOL and Flying Car Industry Into The Future!\",\"inLanguage\":\"sv-SE\",\"publisher\":{\"@id\":\"https:\\\/\\\/aamnation.com\\\/sv\\\/#organization\"}}]}\n\t\t<\/script>\n\t\t<!-- All in One SEO Pro -->\r\n\t\t<title>AAM Nation Partners - AAM Nation<\/title>\n\n","aioseo_head_json":{"title":"AAM Nation Partners - AAM Nation","description":"AAM Nation PartnersAAM Nation Industry Partners lyfter AAM &amp; UAM Endeavor Into The FutureClick HereAAM Nation PartnersAAM Nation Industry Partners lyfter AAM &amp; UAM Endeavor Into The FutureClick HereAAM Nation PartnersAAM Nation Industry Partners lyfter AAM &amp; UAM Endeavor Into The FutureClick Here AAM Nation Industry Partners: Lyfter AAM &amp; UAM in i framtiden","canonical_url":"https:\/\/aamnation.com\/sv\/aam-nation-partners\/","robots":"max-image-preview:large","keywords":"","webmasterTools":{"google-site-verification":"VhfKKFpAUd5BDOqNdL0E7pN1M5DYDEoFZZAnvKiTddM","miscellaneous":""},"schema":{"@context":"https:\/\/schema.org","@graph":[{"@type":"BreadcrumbList","@id":"https:\/\/aamnation.com\/sv\/aam-nation-partners\/#breadcrumblist","itemListElement":[{"@type":"ListItem","@id":"https:\/\/aamnation.com\/sv#listItem","position":1,"name":"Home","item":"https:\/\/aamnation.com\/sv","nextItem":{"@type":"ListItem","@id":"https:\/\/aamnation.com\/sv\/aam-nation-partners\/#listItem","name":"AAM Nation Partners"}},{"@type":"ListItem","@id":"https:\/\/aamnation.com\/sv\/aam-nation-partners\/#listItem","position":2,"name":"AAM Nation Partners","previousItem":{"@type":"ListItem","@id":"https:\/\/aamnation.com\/sv#listItem","name":"Home"}}]},{"@type":"Organization","@id":"https:\/\/aamnation.com\/sv\/#organization","name":"AAM Nation AAM Nation","description":"Is Elevating The Worldwide AAM \/ UAM \/ UAS \/ UAV \/ Air Taxi eVTOL and Flying Car Industry Into The Future! Elevating The Worldwide AAM \/ UAM \/ UAS \/ UAV Air Taxi eVTOL and Flying Car Industry Into The Future!","url":"https:\/\/aamnation.com\/sv\/","email":"contact@aamnation.com","telephone":"+19492268880","logo":{"@type":"ImageObject","url":"https:\/\/i0.wp.com\/aamnation.com\/wp-content\/uploads\/2025\/05\/AAM-Logo-2.png?fit=150%2C150&ssl=1","@id":"https:\/\/aamnation.com\/sv\/aam-nation-partners\/#organizationLogo","width":150,"height":150},"image":{"@id":"https:\/\/aamnation.com\/sv\/aam-nation-partners\/#organizationLogo"}},{"@type":"WebPage","@id":"https:\/\/aamnation.com\/sv\/aam-nation-partners\/#webpage","url":"https:\/\/aamnation.com\/sv\/aam-nation-partners\/","name":"AAM Nation Partners - AAM Nation","description":"AAM Nation PartnersAAM Nation Industry Partners Elevate The AAM & UAM Endeavor Into The FutureClick HereAAM Nation PartnersAAM Nation Industry Partners Elevate The AAM & UAM Endeavor Into The FutureClick HereAAM Nation PartnersAAM Nation Industry Partners Elevate The AAM & UAM Endeavor Into The FutureClick Here AAM Nation Industry Partners: Elevating AAM & UAM into","inLanguage":"sv-SE","isPartOf":{"@id":"https:\/\/aamnation.com\/sv\/#website"},"breadcrumb":{"@id":"https:\/\/aamnation.com\/sv\/aam-nation-partners\/#breadcrumblist"},"datePublished":"2025-03-05T19:12:02-08:00","dateModified":"2025-03-23T14:32:10-07:00"},{"@type":"WebSite","@id":"https:\/\/aamnation.com\/sv\/#website","url":"https:\/\/aamnation.com\/sv\/","name":"AAM Nation","description":"Is Elevating The Worldwide AAM \/ UAM \/ UAS \/ UAV \/ Air Taxi eVTOL and Flying Car Industry Into The Future!","inLanguage":"sv-SE","publisher":{"@id":"https:\/\/aamnation.com\/sv\/#organization"}}]},"og:locale":"sv_SE","og:site_name":"AAM Nation - Is Elevating The Worldwide AAM \/ UAM \/ UAS \/ UAV \/ Air Taxi eVTOL and Flying Car Industry Into The Future!","og:type":"article","og:title":"AAM Nation Partners - AAM Nation","og:description":"AAM Nation PartnersAAM Nation Industry Partners Elevate The AAM &amp; UAM Endeavor Into The FutureClick HereAAM Nation PartnersAAM Nation Industry Partners Elevate The AAM &amp; UAM Endeavor Into The FutureClick HereAAM Nation PartnersAAM Nation Industry Partners Elevate The AAM &amp; UAM Endeavor Into The FutureClick Here AAM Nation Industry Partners: Elevating AAM &amp; UAM into","og:url":"https:\/\/aamnation.com\/sv\/aam-nation-partners\/","og:image":"https:\/\/aamnation.com\/wp-content\/uploads\/2025\/05\/AAM-Logo-2.png","og:image:secure_url":"https:\/\/aamnation.com\/wp-content\/uploads\/2025\/05\/AAM-Logo-2.png","og:image:width":150,"og:image:height":150,"article:published_time":"2025-03-06T03:12:02+00:00","article:modified_time":"2025-03-23T21:32:10+00:00","twitter:card":"summary_large_image","twitter:title":"AAM Nation Partners - AAM Nation","twitter:description":"AAM Nation PartnersAAM Nation Industry Partners Elevate The AAM &amp; UAM Endeavor Into The FutureClick HereAAM Nation PartnersAAM Nation Industry Partners Elevate The AAM &amp; UAM Endeavor Into The FutureClick HereAAM Nation PartnersAAM Nation Industry Partners Elevate The AAM &amp; UAM Endeavor Into The FutureClick Here AAM Nation Industry Partners: Elevating AAM &amp; UAM into","twitter:image":"https:\/\/aamnation.com\/wp-content\/uploads\/2025\/05\/AAM-Logo-2.png"},"aioseo_meta_data":{"post_id":"1295","title":null,"description":null,"keywords":null,"keyphrases":null,"primary_term":null,"canonical_url":null,"og_title":null,"og_description":null,"og_object_type":"default","og_image_type":"default","og_image_url":null,"og_image_width":null,"og_image_height":null,"og_image_custom_url":null,"og_image_custom_fields":null,"og_video":null,"og_custom_url":null,"og_article_section":null,"og_article_tags":null,"twitter_use_og":false,"twitter_card":"default","twitter_image_type":"default","twitter_image_url":null,"twitter_image_custom_url":null,"twitter_image_custom_fields":null,"twitter_title":null,"twitter_description":null,"schema":{"blockGraphs":[],"customGraphs":[],"default":{"data":{"Article":[],"Course":[],"Dataset":[],"FAQPage":[],"Movie":[],"Person":[],"Product":[],"ProductReview":[],"Car":[],"Recipe":[],"Service":[],"SoftwareApplication":[],"WebPage":[]},"graphName":"","isEnabled":true},"graphs":[]},"schema_type":"default","schema_type_options":null,"pillar_content":false,"robots_default":true,"robots_noindex":false,"robots_noarchive":false,"robots_nosnippet":false,"robots_nofollow":false,"robots_noimageindex":false,"robots_noodp":false,"robots_notranslate":false,"robots_max_snippet":null,"robots_max_videopreview":null,"robots_max_imagepreview":"large","priority":null,"frequency":null,"local_seo":null,"seo_analyzer_scan_date":"2025-10-08 21:21:43","breadcrumb_settings":null,"limit_modified_date":false,"reviewed_by":null,"open_ai":null,"ai":null,"created":"2025-09-12 02:30:52","updated":"2025-10-08 21:21:43"},"aioseo_breadcrumb":"<div class=\"aioseo-breadcrumbs\"><span class=\"aioseo-breadcrumb\">\n\t<a href=\"https:\/\/aamnation.com\/sv\" title=\"Home\">Home<\/a>\n<\/span><span class=\"aioseo-breadcrumb-separator\">&raquo;<\/span><span class=\"aioseo-breadcrumb\">\n\tAAM Nation Partners\n<\/span><\/div>","aioseo_breadcrumb_json":[{"label":"Home","link":"https:\/\/aamnation.com\/sv"},{"label":"AAM Nation Partners","link":"https:\/\/aamnation.com\/sv\/aam-nation-partners\/"}],"jetpack_likes_enabled":true,"jetpack_sharing_enabled":true,"jetpack_shortlink":"https:\/\/wp.me\/Pgg37f-kT","jetpack-related-posts":[],"_links":{"self":[{"href":"https:\/\/aamnation.com\/sv\/wp-json\/wp\/v2\/pages\/1295","targetHints":{"allow":["GET"]}}],"collection":[{"href":"https:\/\/aamnation.com\/sv\/wp-json\/wp\/v2\/pages"}],"about":[{"href":"https:\/\/aamnation.com\/sv\/wp-json\/wp\/v2\/types\/page"}],"author":[{"embeddable":true,"href":"https:\/\/aamnation.com\/sv\/wp-json\/wp\/v2\/users\/165558846"}],"replies":[{"embeddable":true,"href":"https:\/\/aamnation.com\/sv\/wp-json\/wp\/v2\/comments?post=1295"}],"version-history":[{"count":15,"href":"https:\/\/aamnation.com\/sv\/wp-json\/wp\/v2\/pages\/1295\/revisions"}],"predecessor-version":[{"id":1850,"href":"https:\/\/aamnation.com\/sv\/wp-json\/wp\/v2\/pages\/1295\/revisions\/1850"}],"wp:attachment":[{"href":"https:\/\/aamnation.com\/sv\/wp-json\/wp\/v2\/media?parent=1295"}],"curies":[{"name":"wp","href":"https:\/\/api.w.org\/{rel}","templated":true}]}}