{"id":738,"date":"2024-12-29T12:18:34","date_gmt":"2024-12-29T20:18:34","guid":{"rendered":"https:\/\/aamnation.com\/?page_id=738"},"modified":"2025-03-26T19:03:32","modified_gmt":"2025-03-27T02:03:32","slug":"exposicao","status":"publish","type":"page","link":"https:\/\/aamnation.com\/pt\/expo-show\/","title":{"rendered":"EXPO \/ SHOW"},"content":{"rendered":"<div data-elementor-type=\"wp-page\" data-elementor-id=\"738\" class=\"elementor elementor-738\" data-elementor-post-type=\"page\">\n\t\t\t\t<div class=\"elementor-element elementor-element-423fa8e e-flex e-con-boxed e-con e-parent\" data-id=\"423fa8e\" data-element_type=\"container\" data-e-type=\"container\">\n\t\t\t\t\t<div class=\"e-con-inner\">\n\t\t\t\t<div class=\"elementor-element elementor-element-a7e4e56 elementor-widget elementor-widget-video\" data-id=\"a7e4e56\" data-element_type=\"widget\" data-e-type=\"widget\" data-settings=\"{&quot;youtube_url&quot;:&quot;https:\\\/\\\/youtu.be\\\/Z1M9qvyAP9E?si=tmyvkokHeT3LNwY9&quot;,&quot;video_type&quot;:&quot;youtube&quot;,&quot;controls&quot;:&quot;yes&quot;}\" data-widget_type=\"video.default\">\n\t\t\t\t<div class=\"elementor-widget-container\">\n\t\t\t\t\t\t\t<div class=\"elementor-wrapper elementor-open-inline\">\n\t\t\t<div class=\"elementor-video\"><\/div>\t\t<\/div>\n\t\t\t\t\t\t<\/div>\n\t\t\t\t<\/div>\n\t\t\t\t\t<\/div>\n\t\t\t\t<\/div>\n\t\t<div class=\"elementor-element elementor-element-aa200fe e-flex e-con-boxed e-con e-parent\" data-id=\"aa200fe\" data-element_type=\"container\" data-e-type=\"container\">\n\t\t\t\t\t<div class=\"e-con-inner\">\n\t\t\t\t<div class=\"elementor-element elementor-element-377fc1a elementor--h-position-center elementor--v-position-middle elementor-arrows-position-inside elementor-pagination-position-inside elementor-widget elementor-widget-slides\" data-id=\"377fc1a\" data-element_type=\"widget\" data-e-type=\"widget\" data-settings=\"{&quot;transition&quot;:&quot;fade&quot;,&quot;transition_speed&quot;:900,&quot;navigation&quot;:&quot;both&quot;,&quot;autoplay&quot;:&quot;yes&quot;,&quot;pause_on_hover&quot;:&quot;yes&quot;,&quot;pause_on_interaction&quot;:&quot;yes&quot;,&quot;autoplay_speed&quot;:5000}\" data-widget_type=\"slides.default\">\n\t\t\t\t<div class=\"elementor-widget-container\">\n\t\t\t\t\t\t\t\t\t<div class=\"elementor-swiper\">\n\t\t\t\t\t<div class=\"elementor-slides-wrapper elementor-main-swiper swiper\" role=\"region\" aria-roledescription=\"carousel\" aria-label=\"Slides\" dir=\"ltr\" data-animation=\"zoomIn\">\n\t\t\t\t<div class=\"swiper-wrapper elementor-slides\">\n\t\t\t\t\t\t\t\t\t\t<div class=\"elementor-repeater-item-da9b668 swiper-slide\" role=\"group\" aria-roledescription=\"slide\"><div class=\"swiper-slide-bg\" role=\"img\" aria-label=\"T\u00e1xi a\u00e9reo Bell Nexus\"><\/div><div class=\"swiper-slide-inner\" ><div class=\"swiper-slide-contents\"><div class=\"elementor-slide-heading\"> Exposi\u00e7\u00e3o \/ Show Tecnol\u00f3gico da AAM e da UAM nos EUA<\/div><div class=\"elementor-slide-description\">Pioneirismo e revolu\u00e7\u00e3o no futuro emergente da mobilidade a\u00e9rea avan\u00e7ada e da tecnologia de avia\u00e7\u00e3o emergente<\/div><div  class=\"elementor-button elementor-slide-button elementor-size-sm\">Clique aqui<\/div><\/div><\/div><\/div><div class=\"elementor-repeater-item-08c67dc swiper-slide\" role=\"group\" aria-roledescription=\"slide\"><div class=\"swiper-slide-bg\" role=\"img\" aria-label=\"SVP Exposi\u00e7\u00e3o Europeia Aeroespacial\"><\/div><div class=\"swiper-slide-inner\" ><div class=\"swiper-slide-contents\"><div class=\"elementor-slide-heading\">Exposi\u00e7\u00e3o Tecnol\u00f3gica Europeia da AAM e da UAM<\/div><div class=\"elementor-slide-description\">Pioneirismo e revolu\u00e7\u00e3o no futuro emergente da mobilidade a\u00e9rea avan\u00e7ada e da tecnologia de avia\u00e7\u00e3o emergente<\/div><div  class=\"elementor-button elementor-slide-button elementor-size-sm\">Clique aqui<\/div><\/div><\/div><\/div><div class=\"elementor-repeater-item-3278edc swiper-slide\" role=\"group\" aria-roledescription=\"slide\"><div class=\"swiper-slide-bg\" role=\"img\" aria-label=\"Asia Autoflight V1500M\"><\/div><div class=\"swiper-slide-inner\" ><div class=\"swiper-slide-contents\"><div class=\"elementor-slide-heading\"> Exposi\u00e7\u00e3o Tecnol\u00f3gica da AAM e da UAM na \u00c1sia<\/div><div class=\"elementor-slide-description\">Pioneirismo e revolu\u00e7\u00e3o no futuro emergente da mobilidade a\u00e9rea avan\u00e7ada e da tecnologia de avia\u00e7\u00e3o emergente<\/div><div  class=\"elementor-button elementor-slide-button elementor-size-sm\">Clique aqui<\/div><\/div><\/div><\/div>\t\t\t\t<\/div>\n\t\t\t\t\t\t\t\t\t\t\t\t\t\t\t<div class=\"elementor-swiper-button elementor-swiper-button-prev\" role=\"button\" tabindex=\"0\" aria-label=\"\u041f\u0440\u0435\u0434\u044b\u0434\u0443\u0449\u0438\u0439 \u0441\u043b\u0430\u0439\u0434\" data-no-translation-aria-label=\"\">\n\t\t\t\t\t\t\t<svg aria-hidden=\"true\" class=\"e-font-icon-svg e-eicon-chevron-left\" viewbox=\"0 0 1000 1000\" xmlns=\"http:\/\/www.w3.org\/2000\/svg\"><path d=\"M646 125C629 125 613 133 604 142L308 442C296 454 292 471 292 487 292 504 296 521 308 533L604 854C617 867 629 875 646 875 663 875 679 871 692 858 704 846 713 829 713 812 713 796 708 779 692 767L438 487 692 225C700 217 708 204 708 187 708 171 704 154 692 142 675 129 663 125 646 125Z\"><\/path><\/svg>\t\t\t\t\t\t<\/div>\n\t\t\t\t\t\t<div class=\"elementor-swiper-button elementor-swiper-button-next\" role=\"button\" tabindex=\"0\" aria-label=\"\u0421\u043b\u0435\u0434\u0443\u044e\u0449\u0438\u0439 \u0441\u043b\u0430\u0439\u0434\" data-no-translation-aria-label=\"\">\n\t\t\t\t\t\t\t<svg aria-hidden=\"true\" class=\"e-font-icon-svg e-eicon-chevron-right\" viewbox=\"0 0 1000 1000\" xmlns=\"http:\/\/www.w3.org\/2000\/svg\"><path d=\"M696 533C708 521 713 504 713 487 713 471 708 454 696 446L400 146C388 133 375 125 354 125 338 125 325 129 313 142 300 154 292 171 292 187 292 204 296 221 308 233L563 492 304 771C292 783 288 800 288 817 288 833 296 850 308 863 321 871 338 875 354 875 371 875 388 867 400 854L696 533Z\"><\/path><\/svg>\t\t\t\t\t\t<\/div>\n\t\t\t\t\t\t\t\t\t\t\t\t\t\t\t\t<div class=\"swiper-pagination\"><\/div>\n\t\t\t\t\t\t\t\t\t\t\t\t<\/div>\n\t\t\t\t<\/div>\n\t\t\t\t\t\t\t\t<\/div>\n\t\t\t\t<\/div>\n\t\t\t\t\t<\/div>\n\t\t\t\t<\/div>\n\t\t<div class=\"elementor-element elementor-element-8a1c9da e-flex e-con-boxed e-con e-parent\" data-id=\"8a1c9da\" data-element_type=\"container\" data-e-type=\"container\">\n\t\t\t\t\t<div class=\"e-con-inner\">\n\t\t\t\t<div class=\"elementor-element elementor-element-8c6c622 elementor-widget elementor-widget-text-editor\" data-id=\"8c6c622\" data-element_type=\"widget\" data-e-type=\"widget\" data-widget_type=\"text-editor.default\">\n\t\t\t\t<div class=\"elementor-widget-container\">\n\t\t\t\t\t\t\t\t\t<h3><span style=\"color: #000000;\">Advanced Air Mobility Nation Exposi\u00e7\u00e3o e EXPO Tecnol\u00f3gica de Mobilidade A\u00e9rea Avan\u00e7ada (AAM) e Mobilidade A\u00e9rea Urbana (UAM)\u00a0<\/span><\/h3>\t\t\t\t\t\t\t\t<\/div>\n\t\t\t\t<\/div>\n\t\t\t\t\t<\/div>\n\t\t\t\t<\/div>\n\t\t<div class=\"elementor-element elementor-element-1331088 e-flex e-con-boxed e-con e-parent\" data-id=\"1331088\" data-element_type=\"container\" data-e-type=\"container\">\n\t\t\t\t\t<div class=\"e-con-inner\">\n\t\t\t\t<div class=\"elementor-element elementor-element-ccf35cc elementor-widget elementor-widget-text-editor\" data-id=\"ccf35cc\" data-element_type=\"widget\" data-e-type=\"widget\" data-widget_type=\"text-editor.default\">\n\t\t\t\t<div class=\"elementor-widget-container\">\n\t\t\t\t\t\t\t\t\t<h4><span style=\"color: #000000;\"><strong>Sobre a AAM &amp; UAM Tech Expo &amp; Show:<\/strong><\/span><\/h4><h4><span style=\"color: #000000;\"><strong>Pioneirismo e revolu\u00e7\u00e3o no futuro emergente da mobilidade a\u00e9rea avan\u00e7ada e da tecnologia de avia\u00e7\u00e3o emergente\u00a0<\/strong><\/span><\/h4><p><span style=\"color: #000000;\">A AAM &amp; UAM Tech Expo \u00e9 voltada para aeronaves VTOL Flying Car movidas a bateria el\u00e9trica, h\u00edbrida-el\u00e9trica e hidrog\u00eanio-el\u00e9trica para decolagem e aterrissagem vertical avan\u00e7ada (AAM &amp; UAM).<\/span><\/p><p><span style=\"color: #000000;\">A AAM &amp; UAM Expo est\u00e1 na vanguarda da revolu\u00e7\u00e3o da mobilidade a\u00e9rea avan\u00e7ada, atuando como o principal mercado de exposi\u00e7\u00e3o para aeronaves VTOL de decolagem e aterrissagem verticais el\u00e9tricas a bateria, h\u00edbridas e a hidrog\u00eanio (AAM &amp; UAM). Projetada para atender \u00e0s necessidades dos atuais consumidores capacitados e das empresas com vis\u00e3o de futuro, a AAM &amp; UAM Tech Expo oferece uma plataforma de exposi\u00e7\u00e3o perfeita para explorar a tecnologia das aeronaves VTOL AAM &amp; UAM.<\/span><\/p><p><span style=\"color: #000000;\">Como parte da AAM Nation, uma marca vision\u00e1ria da EVVTOL INC., a AAM &amp; UAM Tech Expo &amp; Show n\u00e3o est\u00e1 apenas facilitando o com\u00e9rcio, mas apresentando tecnologias futuras e moldando o futuro da avia\u00e7\u00e3o sustent\u00e1vel avan\u00e7ada. Ao unir a tecnologia de baterias, estamos fomentando o crescimento do setor de VTOLs h\u00edbridos e movidos a baterias el\u00e9tricas da AAM &amp; UAM e redefinindo a forma como o mundo aborda a exposi\u00e7\u00e3o tecnol\u00f3gica de mobilidade a\u00e9rea avan\u00e7ada.<\/span><\/p>\t\t\t\t\t\t\t\t<\/div>\n\t\t\t\t<\/div>\n\t\t\t\t\t<\/div>\n\t\t\t\t<\/div>\n\t\t<div class=\"elementor-element elementor-element-a2c1618 e-flex e-con-boxed e-con e-parent\" data-id=\"a2c1618\" data-element_type=\"container\" data-e-type=\"container\">\n\t\t\t\t\t<div class=\"e-con-inner\">\n\t\t\t\t\t<\/div>\n\t\t\t\t<\/div>\n\t\t<div class=\"elementor-element elementor-element-d29a24a e-flex e-con-boxed e-con e-parent\" data-id=\"d29a24a\" data-element_type=\"container\" data-e-type=\"container\">\n\t\t\t\t\t<div class=\"e-con-inner\">\n\t\t\t\t<div class=\"elementor-element elementor-element-0e3e0f8 elementor-widget elementor-widget-text-editor\" data-id=\"0e3e0f8\" data-element_type=\"widget\" data-e-type=\"widget\" data-widget_type=\"text-editor.default\">\n\t\t\t\t<div class=\"elementor-widget-container\">\n\t\t\t\t\t\t\t\t\t<h4><span style=\"color: #000000;\">AAM Euro Tech Expo &amp; Show\u00a0<\/span><\/h4>\t\t\t\t\t\t\t\t<\/div>\n\t\t\t\t<\/div>\n\t\t\t\t\t<\/div>\n\t\t\t\t<\/div>\n\t\t<div class=\"elementor-element elementor-element-47eb2a6 e-flex e-con-boxed e-con e-parent\" data-id=\"47eb2a6\" data-element_type=\"container\" data-e-type=\"container\">\n\t\t\t\t\t<div class=\"e-con-inner\">\n\t\t\t\t<div class=\"elementor-element elementor-element-b6e43d1 elementor-widget elementor-widget-text-editor\" data-id=\"b6e43d1\" data-element_type=\"widget\" data-e-type=\"widget\" data-widget_type=\"text-editor.default\">\n\t\t\t\t<div class=\"elementor-widget-container\">\n\t\t\t\t\t\t\t\t\t<h4><span style=\"color: #000000;\">AAM Asia Tech Expo &amp; Show\u00a0<\/span><\/h4>\t\t\t\t\t\t\t\t<\/div>\n\t\t\t\t<\/div>\n\t\t\t\t\t<\/div>\n\t\t\t\t<\/div>\n\t\t<div class=\"elementor-element elementor-element-0fdff46 e-flex e-con-boxed e-con e-parent\" data-id=\"0fdff46\" data-element_type=\"container\" data-e-type=\"container\">\n\t\t\t\t\t<div class=\"e-con-inner\">\n\t\t\t\t<div class=\"elementor-element elementor-element-18352e8 elementor-widget elementor-widget-text-editor\" data-id=\"18352e8\" data-element_type=\"widget\" data-e-type=\"widget\" data-widget_type=\"text-editor.default\">\n\t\t\t\t<div class=\"elementor-widget-container\">\n\t\t\t\t\t\t\t\t\t<h4>Exposi\u00e7\u00e3o e show de tecnologia da AAM US<\/h4>\t\t\t\t\t\t\t\t<\/div>\n\t\t\t\t<\/div>\n\t\t\t\t\t<\/div>\n\t\t\t\t<\/div>\n\t\t\t\t<\/div>","protected":false},"excerpt":{"rendered":"<p>AAM &#038; UAM US Tech Expo \/ ShowPioneering And Revolutionizing The Emerging Future Of Advanced&#8230;<\/p>","protected":false},"author":165558846,"featured_media":0,"parent":0,"menu_order":0,"comment_status":"closed","ping_status":"closed","template":"","meta":{"_crdt_document":"","om_disable_all_campaigns":false,"_monsterinsights_skip_tracking":false,"_monsterinsights_sitenote_active":false,"_monsterinsights_sitenote_note":"","_monsterinsights_sitenote_category":0,"footnotes":""},"class_list":["post-738","page","type-page","status-publish","hentry"],"aioseo_notices":[],"aioseo_head":"\n\t\t<!-- All in One SEO Pro 4.9.6.2 - aioseo.com -->\n\t<meta name=\"description\" content=\"AAM &amp; UAM US Tech Expo \/ ShowPioneering And Revolutionizing The Emerging Future Of Advanced Air Mobility And Emerging Aviation TechnologyClick HereAAM &amp; UAM European Tech Expo \/ ShowPioneering And Revolutionizing The Emerging Future Of Advanced Air Mobility And Emerging Aviation TechnologyClick Here AAM &amp; UAM Asia Tech Expo \/ ShowPioneering And Revolutionizing The Emerging\" \/>\n\t<meta name=\"robots\" content=\"max-image-preview:large\" \/>\n\t<meta name=\"google-site-verification\" content=\"VhfKKFpAUd5BDOqNdL0E7pN1M5DYDEoFZZAnvKiTddM\" \/>\n\t<link rel=\"canonical\" href=\"https:\/\/aamnation.com\/pt\/expo-show\/\" \/>\n\t<meta name=\"generator\" content=\"All in One SEO Pro (AIOSEO) 4.9.6.2\" \/>\n\t\t<meta property=\"og:locale\" content=\"pt_BR\" \/>\n\t\t<meta property=\"og:site_name\" content=\"AAM Nation - Is Elevating The Worldwide AAM \/ UAM \/ UAS \/ UAV \/ Air Taxi eVTOL and Flying Car Industry Into The Future!\" \/>\n\t\t<meta property=\"og:type\" content=\"article\" \/>\n\t\t<meta property=\"og:title\" content=\"EXPO \/ SHOW - AAM Nation\" \/>\n\t\t<meta property=\"og:description\" content=\"AAM &amp; UAM US Tech Expo \/ ShowPioneering And Revolutionizing The Emerging Future Of Advanced Air Mobility And Emerging Aviation TechnologyClick HereAAM &amp; UAM European Tech Expo \/ ShowPioneering And Revolutionizing The Emerging Future Of Advanced Air Mobility And Emerging Aviation TechnologyClick Here AAM &amp; UAM Asia Tech Expo \/ ShowPioneering And Revolutionizing The Emerging\" \/>\n\t\t<meta property=\"og:url\" content=\"https:\/\/aamnation.com\/pt\/expo-show\/\" \/>\n\t\t<meta property=\"og:image\" content=\"https:\/\/aamnation.com\/wp-content\/uploads\/2025\/05\/AAM-Logo-2.png\" \/>\n\t\t<meta property=\"og:image:secure_url\" content=\"https:\/\/aamnation.com\/wp-content\/uploads\/2025\/05\/AAM-Logo-2.png\" \/>\n\t\t<meta property=\"og:image:width\" content=\"150\" \/>\n\t\t<meta property=\"og:image:height\" content=\"150\" \/>\n\t\t<meta property=\"article:published_time\" content=\"2024-12-29T20:18:34+00:00\" \/>\n\t\t<meta property=\"article:modified_time\" content=\"2025-03-27T02:03:32+00:00\" \/>\n\t\t<meta name=\"twitter:card\" content=\"summary_large_image\" \/>\n\t\t<meta name=\"twitter:title\" content=\"EXPO \/ SHOW - AAM Nation\" \/>\n\t\t<meta name=\"twitter:description\" content=\"AAM &amp; UAM US Tech Expo \/ ShowPioneering And Revolutionizing The Emerging Future Of Advanced Air Mobility And Emerging Aviation TechnologyClick HereAAM &amp; UAM European Tech Expo \/ ShowPioneering And Revolutionizing The Emerging Future Of Advanced Air Mobility And Emerging Aviation TechnologyClick Here AAM &amp; UAM Asia Tech Expo \/ ShowPioneering And Revolutionizing The Emerging\" \/>\n\t\t<meta name=\"twitter:image\" content=\"https:\/\/aamnation.com\/wp-content\/uploads\/2025\/05\/AAM-Logo-2.png\" \/>\n\t\t<script type=\"application\/ld+json\" class=\"aioseo-schema\">\n\t\t\t{\"@context\":\"https:\\\/\\\/schema.org\",\"@graph\":[{\"@type\":\"BreadcrumbList\",\"@id\":\"https:\\\/\\\/aamnation.com\\\/pt\\\/expo-show\\\/#breadcrumblist\",\"itemListElement\":[{\"@type\":\"ListItem\",\"@id\":\"https:\\\/\\\/aamnation.com\\\/pt#listItem\",\"position\":1,\"name\":\"Home\",\"item\":\"https:\\\/\\\/aamnation.com\\\/pt\",\"nextItem\":{\"@type\":\"ListItem\",\"@id\":\"https:\\\/\\\/aamnation.com\\\/pt\\\/expo-show\\\/#listItem\",\"name\":\"EXPO \\\/ SHOW\"}},{\"@type\":\"ListItem\",\"@id\":\"https:\\\/\\\/aamnation.com\\\/pt\\\/expo-show\\\/#listItem\",\"position\":2,\"name\":\"EXPO \\\/ SHOW\",\"previousItem\":{\"@type\":\"ListItem\",\"@id\":\"https:\\\/\\\/aamnation.com\\\/pt#listItem\",\"name\":\"Home\"}}]},{\"@type\":\"Organization\",\"@id\":\"https:\\\/\\\/aamnation.com\\\/pt\\\/#organization\",\"name\":\"AAM Nation AAM Nation\",\"description\":\"Is Elevating The Worldwide AAM \\\/ UAM \\\/ UAS \\\/ UAV \\\/ Air Taxi eVTOL and Flying Car Industry Into The Future! Elevating The Worldwide AAM \\\/ UAM \\\/ UAS \\\/ UAV Air Taxi eVTOL and Flying Car Industry Into The Future!\",\"url\":\"https:\\\/\\\/aamnation.com\\\/pt\\\/\",\"email\":\"contact@aamnation.com\",\"telephone\":\"+19492268880\",\"logo\":{\"@type\":\"ImageObject\",\"url\":\"https:\\\/\\\/i0.wp.com\\\/aamnation.com\\\/wp-content\\\/uploads\\\/2025\\\/05\\\/AAM-Logo-2.png?fit=150%2C150&ssl=1\",\"@id\":\"https:\\\/\\\/aamnation.com\\\/pt\\\/expo-show\\\/#organizationLogo\",\"width\":150,\"height\":150},\"image\":{\"@id\":\"https:\\\/\\\/aamnation.com\\\/pt\\\/expo-show\\\/#organizationLogo\"}},{\"@type\":\"WebPage\",\"@id\":\"https:\\\/\\\/aamnation.com\\\/pt\\\/expo-show\\\/#webpage\",\"url\":\"https:\\\/\\\/aamnation.com\\\/pt\\\/expo-show\\\/\",\"name\":\"EXPO \\\/ SHOW - AAM Nation\",\"description\":\"AAM & UAM US Tech Expo \\\/ ShowPioneering And Revolutionizing The Emerging Future Of Advanced Air Mobility And Emerging Aviation TechnologyClick HereAAM & UAM European Tech Expo \\\/ ShowPioneering And Revolutionizing The Emerging Future Of Advanced Air Mobility And Emerging Aviation TechnologyClick Here AAM & UAM Asia Tech Expo \\\/ ShowPioneering And Revolutionizing The Emerging\",\"inLanguage\":\"pt-BR\",\"isPartOf\":{\"@id\":\"https:\\\/\\\/aamnation.com\\\/pt\\\/#website\"},\"breadcrumb\":{\"@id\":\"https:\\\/\\\/aamnation.com\\\/pt\\\/expo-show\\\/#breadcrumblist\"},\"datePublished\":\"2024-12-29T12:18:34-08:00\",\"dateModified\":\"2025-03-26T19:03:32-07:00\"},{\"@type\":\"WebSite\",\"@id\":\"https:\\\/\\\/aamnation.com\\\/pt\\\/#website\",\"url\":\"https:\\\/\\\/aamnation.com\\\/pt\\\/\",\"name\":\"AAM Nation\",\"description\":\"Is Elevating The Worldwide AAM \\\/ UAM \\\/ UAS \\\/ UAV \\\/ Air Taxi eVTOL and Flying Car Industry Into The Future!\",\"inLanguage\":\"pt-BR\",\"publisher\":{\"@id\":\"https:\\\/\\\/aamnation.com\\\/pt\\\/#organization\"}}]}\n\t\t<\/script>\n\t\t<!-- All in One SEO Pro -->\r\n\t\t<title>EXPO \/ SHOW - AAM Nation<\/title>\n\n","aioseo_head_json":{"title":"EXPO \/ SHOW - AAM Nation","description":"AAM & UAM US Tech Expo \/ ShowPioneering And Revolutionizing The Emerging Future Of Advanced Air Mobility And Emerging Aviation TechnologyClick HereAAM & UAM European Tech Expo \/ ShowPioneering And Revolutionizing The Emerging Future Of Advanced Air Mobility And Emerging Aviation TechnologyClick Here AAM & UAM Asia Tech Expo \/ ShowPioneering And Revolutionizing The Emerging","canonical_url":"https:\/\/aamnation.com\/pt\/expo-show\/","robots":"max-image-preview:large","keywords":"","webmasterTools":{"google-site-verification":"VhfKKFpAUd5BDOqNdL0E7pN1M5DYDEoFZZAnvKiTddM","miscellaneous":""},"schema":{"@context":"https:\/\/schema.org","@graph":[{"@type":"BreadcrumbList","@id":"https:\/\/aamnation.com\/pt\/expo-show\/#breadcrumblist","itemListElement":[{"@type":"ListItem","@id":"https:\/\/aamnation.com\/pt#listItem","position":1,"name":"Home","item":"https:\/\/aamnation.com\/pt","nextItem":{"@type":"ListItem","@id":"https:\/\/aamnation.com\/pt\/expo-show\/#listItem","name":"EXPO \/ SHOW"}},{"@type":"ListItem","@id":"https:\/\/aamnation.com\/pt\/expo-show\/#listItem","position":2,"name":"EXPO \/ SHOW","previousItem":{"@type":"ListItem","@id":"https:\/\/aamnation.com\/pt#listItem","name":"Home"}}]},{"@type":"Organization","@id":"https:\/\/aamnation.com\/pt\/#organization","name":"AAM Nation AAM Nation","description":"Is Elevating The Worldwide AAM \/ UAM \/ UAS \/ UAV \/ Air Taxi eVTOL and Flying Car Industry Into The Future! Elevating The Worldwide AAM \/ UAM \/ UAS \/ UAV Air Taxi eVTOL and Flying Car Industry Into The Future!","url":"https:\/\/aamnation.com\/pt\/","email":"contact@aamnation.com","telephone":"+19492268880","logo":{"@type":"ImageObject","url":"https:\/\/i0.wp.com\/aamnation.com\/wp-content\/uploads\/2025\/05\/AAM-Logo-2.png?fit=150%2C150&ssl=1","@id":"https:\/\/aamnation.com\/pt\/expo-show\/#organizationLogo","width":150,"height":150},"image":{"@id":"https:\/\/aamnation.com\/pt\/expo-show\/#organizationLogo"}},{"@type":"WebPage","@id":"https:\/\/aamnation.com\/pt\/expo-show\/#webpage","url":"https:\/\/aamnation.com\/pt\/expo-show\/","name":"EXPO \/ SHOW - AAM Nation","description":"AAM & UAM US Tech Expo \/ ShowPioneering And Revolutionizing The Emerging Future Of Advanced Air Mobility And Emerging Aviation TechnologyClick HereAAM & UAM European Tech Expo \/ ShowPioneering And Revolutionizing The Emerging Future Of Advanced Air Mobility And Emerging Aviation TechnologyClick Here AAM & UAM Asia Tech Expo \/ ShowPioneering And Revolutionizing The Emerging","inLanguage":"pt-BR","isPartOf":{"@id":"https:\/\/aamnation.com\/pt\/#website"},"breadcrumb":{"@id":"https:\/\/aamnation.com\/pt\/expo-show\/#breadcrumblist"},"datePublished":"2024-12-29T12:18:34-08:00","dateModified":"2025-03-26T19:03:32-07:00"},{"@type":"WebSite","@id":"https:\/\/aamnation.com\/pt\/#website","url":"https:\/\/aamnation.com\/pt\/","name":"AAM Nation","description":"Is Elevating The Worldwide AAM \/ UAM \/ UAS \/ UAV \/ Air Taxi eVTOL and Flying Car Industry Into The Future!","inLanguage":"pt-BR","publisher":{"@id":"https:\/\/aamnation.com\/pt\/#organization"}}]},"og:locale":"pt_BR","og:site_name":"AAM Nation - Is Elevating The Worldwide AAM \/ UAM \/ UAS \/ UAV \/ Air Taxi eVTOL and Flying Car Industry Into The Future!","og:type":"article","og:title":"EXPO \/ SHOW - AAM Nation","og:description":"AAM &amp; UAM US Tech Expo \/ ShowPioneering And Revolutionizing The Emerging Future Of Advanced Air Mobility And Emerging Aviation TechnologyClick HereAAM &amp; UAM European Tech Expo \/ ShowPioneering And Revolutionizing The Emerging Future Of Advanced Air Mobility And Emerging Aviation TechnologyClick Here AAM &amp; UAM Asia Tech Expo \/ ShowPioneering And Revolutionizing The Emerging","og:url":"https:\/\/aamnation.com\/pt\/expo-show\/","og:image":"https:\/\/aamnation.com\/wp-content\/uploads\/2025\/05\/AAM-Logo-2.png","og:image:secure_url":"https:\/\/aamnation.com\/wp-content\/uploads\/2025\/05\/AAM-Logo-2.png","og:image:width":150,"og:image:height":150,"article:published_time":"2024-12-29T20:18:34+00:00","article:modified_time":"2025-03-27T02:03:32+00:00","twitter:card":"summary_large_image","twitter:title":"EXPO \/ SHOW - AAM Nation","twitter:description":"AAM &amp; UAM US Tech Expo \/ ShowPioneering And Revolutionizing The Emerging Future Of Advanced Air Mobility And Emerging Aviation TechnologyClick HereAAM &amp; UAM European Tech Expo \/ ShowPioneering And Revolutionizing The Emerging Future Of Advanced Air Mobility And Emerging Aviation TechnologyClick Here AAM &amp; UAM Asia Tech Expo \/ ShowPioneering And Revolutionizing The Emerging","twitter:image":"https:\/\/aamnation.com\/wp-content\/uploads\/2025\/05\/AAM-Logo-2.png"},"aioseo_meta_data":{"post_id":"738","title":null,"description":null,"keywords":null,"keyphrases":null,"primary_term":null,"canonical_url":null,"og_title":null,"og_description":null,"og_object_type":"default","og_image_type":"default","og_image_url":null,"og_image_width":null,"og_image_height":null,"og_image_custom_url":null,"og_image_custom_fields":null,"og_video":null,"og_custom_url":null,"og_article_section":null,"og_article_tags":null,"twitter_use_og":false,"twitter_card":"default","twitter_image_type":"default","twitter_image_url":null,"twitter_image_custom_url":null,"twitter_image_custom_fields":null,"twitter_title":null,"twitter_description":null,"schema":{"blockGraphs":[],"customGraphs":[],"default":{"data":{"Article":[],"Course":[],"Dataset":[],"FAQPage":[],"Movie":[],"Person":[],"Product":[],"ProductReview":[],"Car":[],"Recipe":[],"Service":[],"SoftwareApplication":[],"WebPage":[]},"graphName":"","isEnabled":true},"graphs":[]},"schema_type":"default","schema_type_options":null,"pillar_content":false,"robots_default":true,"robots_noindex":false,"robots_noarchive":false,"robots_nosnippet":false,"robots_nofollow":false,"robots_noimageindex":false,"robots_noodp":false,"robots_notranslate":false,"robots_max_snippet":null,"robots_max_videopreview":null,"robots_max_imagepreview":"large","priority":null,"frequency":null,"local_seo":null,"seo_analyzer_scan_date":"2025-10-08 21:23:12","breadcrumb_settings":null,"limit_modified_date":false,"reviewed_by":null,"open_ai":null,"ai":null,"created":"2025-09-12 02:29:46","updated":"2025-10-08 21:23:12"},"aioseo_breadcrumb":"<div class=\"aioseo-breadcrumbs\"><span class=\"aioseo-breadcrumb\">\n\t<a href=\"https:\/\/aamnation.com\/pt\" title=\"Home\">Home<\/a>\n<\/span><span class=\"aioseo-breadcrumb-separator\">&raquo;<\/span><span class=\"aioseo-breadcrumb\">\n\tEXPO \/ SHOW\n<\/span><\/div>","aioseo_breadcrumb_json":[{"label":"Home","link":"https:\/\/aamnation.com\/pt"},{"label":"EXPO \/ SHOW","link":"https:\/\/aamnation.com\/pt\/expo-show\/"}],"jetpack_likes_enabled":true,"jetpack_sharing_enabled":true,"jetpack_shortlink":"https:\/\/wp.me\/Pgg37f-bU","jetpack-related-posts":[],"_links":{"self":[{"href":"https:\/\/aamnation.com\/pt\/wp-json\/wp\/v2\/pages\/738","targetHints":{"allow":["GET"]}}],"collection":[{"href":"https:\/\/aamnation.com\/pt\/wp-json\/wp\/v2\/pages"}],"about":[{"href":"https:\/\/aamnation.com\/pt\/wp-json\/wp\/v2\/types\/page"}],"author":[{"embeddable":true,"href":"https:\/\/aamnation.com\/pt\/wp-json\/wp\/v2\/users\/165558846"}],"replies":[{"embeddable":true,"href":"https:\/\/aamnation.com\/pt\/wp-json\/wp\/v2\/comments?post=738"}],"version-history":[{"count":56,"href":"https:\/\/aamnation.com\/pt\/wp-json\/wp\/v2\/pages\/738\/revisions"}],"predecessor-version":[{"id":1910,"href":"https:\/\/aamnation.com\/pt\/wp-json\/wp\/v2\/pages\/738\/revisions\/1910"}],"wp:attachment":[{"href":"https:\/\/aamnation.com\/pt\/wp-json\/wp\/v2\/media?parent=738"}],"curies":[{"name":"wp","href":"https:\/\/api.w.org\/{rel}","templated":true}]}}