{"id":1318,"date":"2025-03-06T19:22:31","date_gmt":"2025-03-07T03:22:31","guid":{"rendered":"https:\/\/aamnation.com\/?page_id=1318"},"modified":"2025-03-22T12:20:21","modified_gmt":"2025-03-22T19:20:21","slug":"feira-de-carreiras-da-aam-uam","status":"publish","type":"page","link":"https:\/\/aamnation.com\/pt\/aam-uam-career-fair\/","title":{"rendered":"Feira de Carreiras da AAM e da UAM"},"content":{"rendered":"<div data-elementor-type=\"wp-page\" data-elementor-id=\"1318\" class=\"elementor elementor-1318\" data-elementor-post-type=\"page\">\n\t\t\t\t<div class=\"elementor-element elementor-element-45cc7c8 e-flex e-con-boxed e-con e-parent\" data-id=\"45cc7c8\" data-element_type=\"container\" data-e-type=\"container\">\n\t\t\t\t\t<div class=\"e-con-inner\">\n\t\t\t\t<div class=\"elementor-element elementor-element-f478df7 elementor--h-position-center elementor--v-position-middle elementor-arrows-position-inside elementor-pagination-position-inside elementor-widget elementor-widget-slides\" data-id=\"f478df7\" data-element_type=\"widget\" data-e-type=\"widget\" data-settings=\"{&quot;transition&quot;:&quot;fade&quot;,&quot;navigation&quot;:&quot;both&quot;,&quot;autoplay&quot;:&quot;yes&quot;,&quot;pause_on_hover&quot;:&quot;yes&quot;,&quot;pause_on_interaction&quot;:&quot;yes&quot;,&quot;autoplay_speed&quot;:5000,&quot;transition_speed&quot;:500}\" data-widget_type=\"slides.default\">\n\t\t\t\t<div class=\"elementor-widget-container\">\n\t\t\t\t\t\t\t\t\t<div class=\"elementor-swiper\">\n\t\t\t\t\t<div class=\"elementor-slides-wrapper elementor-main-swiper swiper\" role=\"region\" aria-roledescription=\"carousel\" aria-label=\"Slides\" dir=\"ltr\" data-animation=\"zoomIn\">\n\t\t\t\t<div class=\"swiper-wrapper elementor-slides\">\n\t\t\t\t\t\t\t\t\t\t<div class=\"elementor-repeater-item-9671244 swiper-slide\" role=\"group\" aria-roledescription=\"slide\"><div class=\"swiper-slide-bg\" role=\"img\" aria-label=\"Logotipo da AAM Nation\"><\/div><div class=\"swiper-slide-inner\" ><div class=\"swiper-slide-contents\"><div class=\"elementor-slide-heading\">Feira de Carreiras da AAM e da UAM<\/div><div class=\"elementor-slide-description\">Treinamento e caminhos de carreira para a pr\u00f3xima gera\u00e7\u00e3o de t\u00e9cnicos de avia\u00e7\u00e3o<\/div><div  class=\"elementor-button elementor-slide-button elementor-size-sm\">Clique aqui<\/div><\/div><\/div><\/div><div class=\"elementor-repeater-item-b656b9a swiper-slide\" role=\"group\" aria-roledescription=\"slide\"><div class=\"swiper-slide-bg\"><\/div><div class=\"swiper-slide-inner\" ><div class=\"swiper-slide-contents\"><div class=\"elementor-slide-heading\">Feira de Carreiras da AAM e da UAM<\/div><div class=\"elementor-slide-description\">Treinamento e caminhos de carreira para a pr\u00f3xima gera\u00e7\u00e3o de t\u00e9cnicos de avia\u00e7\u00e3o<\/div><div  class=\"elementor-button elementor-slide-button elementor-size-sm\">Clique aqui<\/div><\/div><\/div><\/div><div class=\"elementor-repeater-item-086a405 swiper-slide\" role=\"group\" aria-roledescription=\"slide\"><div class=\"swiper-slide-bg\"><\/div><div class=\"swiper-slide-inner\" ><div class=\"swiper-slide-contents\"><div class=\"elementor-slide-heading\">Feira de Carreiras da AAM e da UAM<\/div><div class=\"elementor-slide-description\">Treinamento e caminhos de carreira para a pr\u00f3xima gera\u00e7\u00e3o de t\u00e9cnicos de avia\u00e7\u00e3o<\/div><div  class=\"elementor-button elementor-slide-button elementor-size-sm\">Clique aqui<\/div><\/div><\/div><\/div>\t\t\t\t<\/div>\n\t\t\t\t\t\t\t\t\t\t\t\t\t\t\t<div class=\"elementor-swiper-button elementor-swiper-button-prev\" role=\"button\" tabindex=\"0\" aria-label=\"Slide anterior\" data-no-translation-aria-label=\"\">\n\t\t\t\t\t\t\t<svg aria-hidden=\"true\" class=\"e-font-icon-svg e-eicon-chevron-left\" viewbox=\"0 0 1000 1000\" xmlns=\"http:\/\/www.w3.org\/2000\/svg\"><path d=\"M646 125C629 125 613 133 604 142L308 442C296 454 292 471 292 487 292 504 296 521 308 533L604 854C617 867 629 875 646 875 663 875 679 871 692 858 704 846 713 829 713 812 713 796 708 779 692 767L438 487 692 225C700 217 708 204 708 187 708 171 704 154 692 142 675 129 663 125 646 125Z\"><\/path><\/svg>\t\t\t\t\t\t<\/div>\n\t\t\t\t\t\t<div class=\"elementor-swiper-button elementor-swiper-button-next\" role=\"button\" tabindex=\"0\" aria-label=\"Pr\u00f3ximo slide\" data-no-translation-aria-label=\"\">\n\t\t\t\t\t\t\t<svg aria-hidden=\"true\" class=\"e-font-icon-svg e-eicon-chevron-right\" viewbox=\"0 0 1000 1000\" xmlns=\"http:\/\/www.w3.org\/2000\/svg\"><path d=\"M696 533C708 521 713 504 713 487 713 471 708 454 696 446L400 146C388 133 375 125 354 125 338 125 325 129 313 142 300 154 292 171 292 187 292 204 296 221 308 233L563 492 304 771C292 783 288 800 288 817 288 833 296 850 308 863 321 871 338 875 354 875 371 875 388 867 400 854L696 533Z\"><\/path><\/svg>\t\t\t\t\t\t<\/div>\n\t\t\t\t\t\t\t\t\t\t\t\t\t\t\t\t<div class=\"swiper-pagination\"><\/div>\n\t\t\t\t\t\t\t\t\t\t\t\t<\/div>\n\t\t\t\t<\/div>\n\t\t\t\t\t\t\t\t<\/div>\n\t\t\t\t<\/div>\n\t\t\t\t\t<\/div>\n\t\t\t\t<\/div>\n\t\t<div class=\"elementor-element elementor-element-3726f5b e-flex e-con-boxed e-con e-parent\" data-id=\"3726f5b\" data-element_type=\"container\" data-e-type=\"container\">\n\t\t\t\t\t<div class=\"e-con-inner\">\n\t\t\t\t<div class=\"elementor-element elementor-element-6beb120 elementor-widget elementor-widget-text-editor\" data-id=\"6beb120\" data-element_type=\"widget\" data-e-type=\"widget\" data-widget_type=\"text-editor.default\">\n\t\t\t\t<div class=\"elementor-widget-container\">\n\t\t\t\t\t\t\t\t\t<h4>AAM Nation Estamos construindo o futuro da for\u00e7a de trabalho de manuten\u00e7\u00e3o da AAM e da UAM<\/h4><p><span style=\"color: #000000;\">Treinamento e caminhos de carreira para a pr\u00f3xima gera\u00e7\u00e3o de t\u00e9cnicos de avia\u00e7\u00e3o<\/span><\/p><p><br \/><span style=\"color: #000000;\">O surgimento da Mobilidade A\u00e9rea Avan\u00e7ada (AAM) e das aeronaves el\u00e9tricas de decolagem e aterrissagem vertical (eVTOL) est\u00e1 revolucionando o transporte urbano e regional. \u00c0 medida que esse setor cresce, t\u00e9cnicos e engenheiros de manuten\u00e7\u00e3o altamente qualificados s\u00e3o essenciais para garantir a seguran\u00e7a, a efici\u00eancia e a sustentabilidade.<\/span><\/p><p><span style=\"color: #000000;\">Para atender a essa demanda crescente, os fabricantes de equipamentos originais, as institui\u00e7\u00f5es de treinamento e os \u00f3rg\u00e3os governamentais est\u00e3o desenvolvendo programas especializados de m\u00e3o de obra, caminhos de certifica\u00e7\u00e3o e oportunidades de aprendizado para profissionais de avia\u00e7\u00e3o aspirantes e experientes.<\/span><\/p><p><br \/><strong><span style=\"color: #000000;\">Programas de treinamento e certifica\u00e7\u00e3o da for\u00e7a de trabalho da AAM e da eVTOL<\/span><\/strong><\/p><p><strong><span style=\"color: #000000;\">Programas de treinamento liderados pelo setor e por OEMs<\/span><\/strong><\/p><p><span style=\"color: #000000;\">Os principais fabricantes de eVTOL e prestadores de servi\u00e7os de AAM est\u00e3o investindo em programas de treinamento e aperfei\u00e7oamento de t\u00e9cnicos para desenvolver uma for\u00e7a de trabalho capaz de prestar servi\u00e7os de manuten\u00e7\u00e3o a aeronaves de \u00faltima gera\u00e7\u00e3o.<\/span><\/p><p><br \/><span style=\"color: #000000;\">Joby Aviation Technician Academy - Treinamento pr\u00e1tico para manuten\u00e7\u00e3o de eVTOL, sistemas de bateria e opera\u00e7\u00f5es de vertiport.<\/span><br \/><br \/><span style=\"color: #000000;\">Programa de treinamento da Archer Aviation - Focado em reparos de estruturas de aeronaves compostas, avi\u00f4nica e manuten\u00e7\u00e3o de propuls\u00e3o el\u00e9trica.<\/span><\/p><p><span style=\"color: #000000;\">Workshops de Propuls\u00e3o H\u00edbrida da Vertical Aerospace e Rolls-Royce - Treinamento especializado em propuls\u00e3o el\u00e9trica e manuten\u00e7\u00e3o de c\u00e9lulas de combust\u00edvel de hidrog\u00eanio.<\/span><\/p><p><span style=\"color: #000000;\">Hyundai Supernal &amp; Hanwha Systems Technician Pipeline - Desenvolvendo a pr\u00f3xima gera\u00e7\u00e3o de profissionais de servi\u00e7os de AAM em toda a \u00c1sia.<\/span><\/p><p><br \/><strong><span style=\"color: #000000;\">Bolsas de estudo e subs\u00eddios para t\u00e9cnicos da AAM<\/span><\/strong><\/p><p><span style=\"color: #000000;\">Para atrair novos talentos para o setor, organiza\u00e7\u00f5es e fabricantes de equipamentos originais (OEMs) est\u00e3o oferecendo assist\u00eancia financeira, apoio para o pagamento de mensalidades e est\u00e1gios para aspirantes a profissionais de manuten\u00e7\u00e3o de eVTOL.<\/span><\/p><p><span style=\"color: #000000;\">Bolsas de estudo para t\u00e9cnicos da FAA e da NASA AAM - Financiamento patrocinado para estudantes que buscam carreiras de manuten\u00e7\u00e3o e reparo de eVTOL.<\/span><br \/><br \/><span style=\"color: #000000;\">Subs\u00eddios para o desenvolvimento de t\u00e9cnicos da EASA eVTOL - Apoio a t\u00e9cnicos baseados na Europa que est\u00e3o entrando no mercado de trabalho da AAM.<\/span><br \/><br \/><span style=\"color: #000000;\">Patroc\u00ednios de aprendizagem do setor - As principais empresas da AAM est\u00e3o cobrindo os custos de certifica\u00e7\u00e3o, aprendizagem remunerada e treinamento pr\u00e1tico.<\/span><\/p><p><strong><span style=\"color: #000000;\">Parcerias de Aprendizagem e For\u00e7a de Trabalho<\/span><\/strong><\/p><p><span style=\"color: #000000;\">Boeing Wisk Aero &amp; Community College Apprenticeships - Parceria com escolas de avia\u00e7\u00e3o para oferecer treinamento pr\u00e1tico e coloca\u00e7\u00e3o no mercado de trabalho.<\/span><br \/><br \/><span style=\"color: #000000;\">United Airlines &amp; Eve Air Mobility MRO Expansion - Programas de treinamento apoiados pela companhia a\u00e9rea para ampliar a for\u00e7a de trabalho para opera\u00e7\u00f5es regionais de AAM.<\/span><br \/><br \/><span style=\"color: #000000;\">\u2714 Desenvolvimento da for\u00e7a de trabalho da AAM e colabora\u00e7\u00f5es com escolas t\u00e9cnicas - Parcerias entre OEMs, fornecedores de MRO e escolas de avia\u00e7\u00e3o para criar canais de t\u00e9cnicos certificados.<\/span><\/p><p><span style=\"color: #000000;\">Principais \u00e1reas de foco do desenvolvimento da for\u00e7a de trabalho de manuten\u00e7\u00e3o da AAM e da UAM<\/span><\/p><p><span style=\"color: #000000;\">Manuten\u00e7\u00e3o de baterias e propuls\u00e3o el\u00e9trica - Treinamento especializado em sistemas de alta tens\u00e3o, diagn\u00f3stico de baterias e manuten\u00e7\u00e3o do trem de for\u00e7a.<\/span><br \/><br \/><span style=\"color: #000000;\">Infraestrutura de vertiport e opera\u00e7\u00f5es de suporte de solo - Prepara\u00e7\u00e3o de t\u00e9cnicos para manuten\u00e7\u00e3o de vertiport, gerenciamento de tr\u00e1fego a\u00e9reo e protocolos de seguran\u00e7a.<\/span><br \/><br \/><span style=\"color: #000000;\">Treinamento de conformidade regulat\u00f3ria e de seguran\u00e7a - Entendendo os padr\u00f5es de aeronavegabilidade da FAA, EASA e internacionais.<\/span><br \/><br \/><span style=\"color: #000000;\">Reparo de fuselagem composta e avi\u00f4nica - Treinamento para materiais leves de \u00faltima gera\u00e7\u00e3o e sistemas avi\u00f4nicos avan\u00e7ados.<\/span><\/p><p><br \/><strong><span style=\"color: #000000;\">Junte-se ao futuro da manuten\u00e7\u00e3o de AAM e eVTOL!<\/span><\/strong><\/p><p><span style=\"color: #000000;\">Com o aumento dos investimentos globais na avia\u00e7\u00e3o el\u00e9trica, agora \u00e9 o momento perfeito para seguir uma carreira nos servi\u00e7os de manuten\u00e7\u00e3o e suporte da AAM. Quer voc\u00ea seja estudante, mec\u00e2nico de avia\u00e7\u00e3o experiente ou esteja fazendo a transi\u00e7\u00e3o para a avia\u00e7\u00e3o el\u00e9trica, h\u00e1 programas de treinamento e certifica\u00e7\u00e3o dispon\u00edveis para iniciar sua carreira nesse setor em crescimento.<\/span><\/p><p><br \/><strong><span style=\"color: #000000;\">Explore programas de treinamento da for\u00e7a de trabalho, bolsas de estudo e est\u00e1gios hoje mesmo!<\/span><\/strong><\/p><p><br \/><span style=\"color: #000000;\">Para obter mais informa\u00e7\u00f5es sobre carreiras e treinamento em manuten\u00e7\u00e3o da AAM, entre em contato conosco pelo e-mail contact@aamnation.com<\/span><\/p>\t\t\t\t\t\t\t\t<\/div>\n\t\t\t\t<\/div>\n\t\t\t\t\t<\/div>\n\t\t\t\t<\/div>\n\t\t\t\t<\/div>","protected":false},"excerpt":{"rendered":"<p>AAM &#038; UAM Career FairTraining &#038; Career Pathways for the Next Generation of Aviation TechniciansClick&#8230;<\/p>","protected":false},"author":165558846,"featured_media":0,"parent":0,"menu_order":0,"comment_status":"closed","ping_status":"closed","template":"","meta":{"_crdt_document":"","om_disable_all_campaigns":false,"_monsterinsights_skip_tracking":false,"_monsterinsights_sitenote_active":false,"_monsterinsights_sitenote_note":"","_monsterinsights_sitenote_category":0,"footnotes":""},"class_list":["post-1318","page","type-page","status-publish","hentry"],"aioseo_notices":[],"aioseo_head":"\n\t\t<!-- All in One SEO Pro 4.9.6.2 - aioseo.com -->\n\t<meta name=\"description\" content=\"AAM &amp; UAM Career FairTraining &amp; Career Pathways for the Next Generation of Aviation TechniciansClick HereAAM &amp; UAM Career FairTraining &amp; Career Pathways for the Next Generation of Aviation TechniciansClick HereAAM &amp; UAM Career FairTraining &amp; Career Pathways for the Next Generation of Aviation TechniciansClick Here AAM Nation We Are Building the Future of AAM,\" \/>\n\t<meta name=\"robots\" content=\"max-image-preview:large\" \/>\n\t<meta name=\"google-site-verification\" content=\"VhfKKFpAUd5BDOqNdL0E7pN1M5DYDEoFZZAnvKiTddM\" \/>\n\t<link rel=\"canonical\" href=\"https:\/\/aamnation.com\/pt\/aam-uam-career-fair\/\" \/>\n\t<meta name=\"generator\" content=\"All in One SEO Pro (AIOSEO) 4.9.6.2\" \/>\n\t\t<meta property=\"og:locale\" content=\"pt_BR\" \/>\n\t\t<meta property=\"og:site_name\" content=\"AAM Nation - Is Elevating The Worldwide AAM \/ UAM \/ UAS \/ UAV \/ Air Taxi eVTOL and Flying Car Industry Into The Future!\" \/>\n\t\t<meta property=\"og:type\" content=\"article\" \/>\n\t\t<meta property=\"og:title\" content=\"AAM &amp; UAM Career Fair - AAM Nation\" \/>\n\t\t<meta property=\"og:description\" content=\"AAM &amp; UAM Career FairTraining &amp; Career Pathways for the Next Generation of Aviation TechniciansClick HereAAM &amp; UAM Career FairTraining &amp; Career Pathways for the Next Generation of Aviation TechniciansClick HereAAM &amp; UAM Career FairTraining &amp; Career Pathways for the Next Generation of Aviation TechniciansClick Here AAM Nation We Are Building the Future of AAM,\" \/>\n\t\t<meta property=\"og:url\" content=\"https:\/\/aamnation.com\/pt\/aam-uam-career-fair\/\" \/>\n\t\t<meta property=\"og:image\" content=\"https:\/\/aamnation.com\/wp-content\/uploads\/2025\/05\/AAM-Logo-2.png\" \/>\n\t\t<meta property=\"og:image:secure_url\" content=\"https:\/\/aamnation.com\/wp-content\/uploads\/2025\/05\/AAM-Logo-2.png\" \/>\n\t\t<meta property=\"og:image:width\" content=\"150\" \/>\n\t\t<meta property=\"og:image:height\" content=\"150\" \/>\n\t\t<meta property=\"article:published_time\" content=\"2025-03-07T03:22:31+00:00\" \/>\n\t\t<meta property=\"article:modified_time\" content=\"2025-03-22T19:20:21+00:00\" \/>\n\t\t<meta name=\"twitter:card\" content=\"summary_large_image\" \/>\n\t\t<meta name=\"twitter:title\" content=\"AAM &amp; UAM Career Fair - AAM Nation\" \/>\n\t\t<meta name=\"twitter:description\" content=\"AAM &amp; UAM Career FairTraining &amp; Career Pathways for the Next Generation of Aviation TechniciansClick HereAAM &amp; UAM Career FairTraining &amp; Career Pathways for the Next Generation of Aviation TechniciansClick HereAAM &amp; UAM Career FairTraining &amp; Career Pathways for the Next Generation of Aviation TechniciansClick Here AAM Nation We Are Building the Future of AAM,\" \/>\n\t\t<meta name=\"twitter:image\" content=\"https:\/\/aamnation.com\/wp-content\/uploads\/2025\/05\/AAM-Logo-2.png\" \/>\n\t\t<script type=\"application\/ld+json\" class=\"aioseo-schema\">\n\t\t\t{\"@context\":\"https:\\\/\\\/schema.org\",\"@graph\":[{\"@type\":\"BreadcrumbList\",\"@id\":\"https:\\\/\\\/aamnation.com\\\/pt\\\/aam-uam-career-fair\\\/#breadcrumblist\",\"itemListElement\":[{\"@type\":\"ListItem\",\"@id\":\"https:\\\/\\\/aamnation.com\\\/pt#listItem\",\"position\":1,\"name\":\"Home\",\"item\":\"https:\\\/\\\/aamnation.com\\\/pt\",\"nextItem\":{\"@type\":\"ListItem\",\"@id\":\"https:\\\/\\\/aamnation.com\\\/pt\\\/aam-uam-career-fair\\\/#listItem\",\"name\":\"AAM &#038; UAM Career Fair\"}},{\"@type\":\"ListItem\",\"@id\":\"https:\\\/\\\/aamnation.com\\\/pt\\\/aam-uam-career-fair\\\/#listItem\",\"position\":2,\"name\":\"AAM &#038; UAM Career Fair\",\"previousItem\":{\"@type\":\"ListItem\",\"@id\":\"https:\\\/\\\/aamnation.com\\\/pt#listItem\",\"name\":\"Home\"}}]},{\"@type\":\"Organization\",\"@id\":\"https:\\\/\\\/aamnation.com\\\/pt\\\/#organization\",\"name\":\"AAM Nation AAM Nation\",\"description\":\"Is Elevating The Worldwide AAM \\\/ UAM \\\/ UAS \\\/ UAV \\\/ Air Taxi eVTOL and Flying Car Industry Into The Future! Elevating The Worldwide AAM \\\/ UAM \\\/ UAS \\\/ UAV Air Taxi eVTOL and Flying Car Industry Into The Future!\",\"url\":\"https:\\\/\\\/aamnation.com\\\/pt\\\/\",\"email\":\"contact@aamnation.com\",\"telephone\":\"+19492268880\",\"logo\":{\"@type\":\"ImageObject\",\"url\":\"https:\\\/\\\/i0.wp.com\\\/aamnation.com\\\/wp-content\\\/uploads\\\/2025\\\/05\\\/AAM-Logo-2.png?fit=150%2C150&ssl=1\",\"@id\":\"https:\\\/\\\/aamnation.com\\\/pt\\\/aam-uam-career-fair\\\/#organizationLogo\",\"width\":150,\"height\":150},\"image\":{\"@id\":\"https:\\\/\\\/aamnation.com\\\/pt\\\/aam-uam-career-fair\\\/#organizationLogo\"}},{\"@type\":\"WebPage\",\"@id\":\"https:\\\/\\\/aamnation.com\\\/pt\\\/aam-uam-career-fair\\\/#webpage\",\"url\":\"https:\\\/\\\/aamnation.com\\\/pt\\\/aam-uam-career-fair\\\/\",\"name\":\"AAM & UAM Career Fair - AAM Nation\",\"description\":\"AAM & UAM Career FairTraining & Career Pathways for the Next Generation of Aviation TechniciansClick HereAAM & UAM Career FairTraining & Career Pathways for the Next Generation of Aviation TechniciansClick HereAAM & UAM Career FairTraining & Career Pathways for the Next Generation of Aviation TechniciansClick Here AAM Nation We Are Building the Future of AAM,\",\"inLanguage\":\"pt-BR\",\"isPartOf\":{\"@id\":\"https:\\\/\\\/aamnation.com\\\/pt\\\/#website\"},\"breadcrumb\":{\"@id\":\"https:\\\/\\\/aamnation.com\\\/pt\\\/aam-uam-career-fair\\\/#breadcrumblist\"},\"datePublished\":\"2025-03-06T19:22:31-08:00\",\"dateModified\":\"2025-03-22T12:20:21-07:00\"},{\"@type\":\"WebSite\",\"@id\":\"https:\\\/\\\/aamnation.com\\\/pt\\\/#website\",\"url\":\"https:\\\/\\\/aamnation.com\\\/pt\\\/\",\"name\":\"AAM Nation\",\"description\":\"Is Elevating The Worldwide AAM \\\/ UAM \\\/ UAS \\\/ UAV \\\/ Air Taxi eVTOL and Flying Car Industry Into The Future!\",\"inLanguage\":\"pt-BR\",\"publisher\":{\"@id\":\"https:\\\/\\\/aamnation.com\\\/pt\\\/#organization\"}}]}\n\t\t<\/script>\n\t\t<!-- All in One SEO Pro -->\r\n\t\t<title>AAM &amp; UAM Career Fair - AAM Nation<\/title>\n\n","aioseo_head_json":{"title":"Feira de Carreiras da AAM e da UAM - AAM Nation","description":"Feira de carreiras da AAM e da UAMTreinamento e caminhos de carreira para a pr\u00f3xima gera\u00e7\u00e3o de t\u00e9cnicos de avia\u00e7\u00e3oClique aquiFeira de carreiras da AAM e da UAMTreinamento e caminhos de carreira para a pr\u00f3xima gera\u00e7\u00e3o de t\u00e9cnicos de avia\u00e7\u00e3oClique aquiFeira de carreiras da AAM e da UAMTreinamento e caminhos de carreira para a pr\u00f3xima gera\u00e7\u00e3o de t\u00e9cnicos de avia\u00e7\u00e3oClique aqui Na\u00e7\u00e3o AAM Estamos construindo o futuro da AAM,","canonical_url":"https:\/\/aamnation.com\/pt\/aam-uam-career-fair\/","robots":"max-image-preview:large","keywords":"","webmasterTools":{"google-site-verification":"VhfKKFpAUd5BDOqNdL0E7pN1M5DYDEoFZZAnvKiTddM","miscellaneous":""},"schema":{"@context":"https:\/\/schema.org","@graph":[{"@type":"BreadcrumbList","@id":"https:\/\/aamnation.com\/pt\/aam-uam-career-fair\/#breadcrumblist","itemListElement":[{"@type":"ListItem","@id":"https:\/\/aamnation.com\/pt#listItem","position":1,"name":"Home","item":"https:\/\/aamnation.com\/pt","nextItem":{"@type":"ListItem","@id":"https:\/\/aamnation.com\/pt\/aam-uam-career-fair\/#listItem","name":"AAM &#038; UAM Career Fair"}},{"@type":"ListItem","@id":"https:\/\/aamnation.com\/pt\/aam-uam-career-fair\/#listItem","position":2,"name":"AAM &#038; UAM Career Fair","previousItem":{"@type":"ListItem","@id":"https:\/\/aamnation.com\/pt#listItem","name":"Home"}}]},{"@type":"Organization","@id":"https:\/\/aamnation.com\/pt\/#organization","name":"AAM Nation AAM Nation","description":"Is Elevating The Worldwide AAM \/ UAM \/ UAS \/ UAV \/ Air Taxi eVTOL and Flying Car Industry Into The Future! Elevating The Worldwide AAM \/ UAM \/ UAS \/ UAV Air Taxi eVTOL and Flying Car Industry Into The Future!","url":"https:\/\/aamnation.com\/pt\/","email":"contact@aamnation.com","telephone":"+19492268880","logo":{"@type":"ImageObject","url":"https:\/\/i0.wp.com\/aamnation.com\/wp-content\/uploads\/2025\/05\/AAM-Logo-2.png?fit=150%2C150&ssl=1","@id":"https:\/\/aamnation.com\/pt\/aam-uam-career-fair\/#organizationLogo","width":150,"height":150},"image":{"@id":"https:\/\/aamnation.com\/pt\/aam-uam-career-fair\/#organizationLogo"}},{"@type":"WebPage","@id":"https:\/\/aamnation.com\/pt\/aam-uam-career-fair\/#webpage","url":"https:\/\/aamnation.com\/pt\/aam-uam-career-fair\/","name":"AAM & UAM Career Fair - AAM Nation","description":"AAM & UAM Career FairTraining & Career Pathways for the Next Generation of Aviation TechniciansClick HereAAM & UAM Career FairTraining & Career Pathways for the Next Generation of Aviation TechniciansClick HereAAM & UAM Career FairTraining & Career Pathways for the Next Generation of Aviation TechniciansClick Here AAM Nation We Are Building the Future of AAM,","inLanguage":"pt-BR","isPartOf":{"@id":"https:\/\/aamnation.com\/pt\/#website"},"breadcrumb":{"@id":"https:\/\/aamnation.com\/pt\/aam-uam-career-fair\/#breadcrumblist"},"datePublished":"2025-03-06T19:22:31-08:00","dateModified":"2025-03-22T12:20:21-07:00"},{"@type":"WebSite","@id":"https:\/\/aamnation.com\/pt\/#website","url":"https:\/\/aamnation.com\/pt\/","name":"AAM Nation","description":"Is Elevating The Worldwide AAM \/ UAM \/ UAS \/ UAV \/ Air Taxi eVTOL and Flying Car Industry Into The Future!","inLanguage":"pt-BR","publisher":{"@id":"https:\/\/aamnation.com\/pt\/#organization"}}]},"og:locale":"pt_BR","og:site_name":"AAM Nation - Is Elevating The Worldwide AAM \/ UAM \/ UAS \/ UAV \/ Air Taxi eVTOL and Flying Car Industry Into The Future!","og:type":"article","og:title":"AAM &amp; UAM Career Fair - AAM Nation","og:description":"AAM &amp; UAM Career FairTraining &amp; Career Pathways for the Next Generation of Aviation TechniciansClick HereAAM &amp; UAM Career FairTraining &amp; Career Pathways for the Next Generation of Aviation TechniciansClick HereAAM &amp; UAM Career FairTraining &amp; Career Pathways for the Next Generation of Aviation TechniciansClick Here AAM Nation We Are Building the Future of AAM,","og:url":"https:\/\/aamnation.com\/pt\/aam-uam-career-fair\/","og:image":"https:\/\/aamnation.com\/wp-content\/uploads\/2025\/05\/AAM-Logo-2.png","og:image:secure_url":"https:\/\/aamnation.com\/wp-content\/uploads\/2025\/05\/AAM-Logo-2.png","og:image:width":150,"og:image:height":150,"article:published_time":"2025-03-07T03:22:31+00:00","article:modified_time":"2025-03-22T19:20:21+00:00","twitter:card":"summary_large_image","twitter:title":"AAM &amp; UAM Career Fair - AAM Nation","twitter:description":"AAM &amp; UAM Career FairTraining &amp; Career Pathways for the Next Generation of Aviation TechniciansClick HereAAM &amp; UAM Career FairTraining &amp; Career Pathways for the Next Generation of Aviation TechniciansClick HereAAM &amp; UAM Career FairTraining &amp; Career Pathways for the Next Generation of Aviation TechniciansClick Here AAM Nation We Are Building the Future of AAM,","twitter:image":"https:\/\/aamnation.com\/wp-content\/uploads\/2025\/05\/AAM-Logo-2.png"},"aioseo_meta_data":{"post_id":"1318","title":null,"description":null,"keywords":null,"keyphrases":null,"primary_term":null,"canonical_url":null,"og_title":null,"og_description":null,"og_object_type":"default","og_image_type":"default","og_image_url":null,"og_image_width":null,"og_image_height":null,"og_image_custom_url":null,"og_image_custom_fields":null,"og_video":null,"og_custom_url":null,"og_article_section":null,"og_article_tags":null,"twitter_use_og":false,"twitter_card":"default","twitter_image_type":"default","twitter_image_url":null,"twitter_image_custom_url":null,"twitter_image_custom_fields":null,"twitter_title":null,"twitter_description":null,"schema":{"blockGraphs":[],"customGraphs":[],"default":{"data":{"Article":[],"Course":[],"Dataset":[],"FAQPage":[],"Movie":[],"Person":[],"Product":[],"ProductReview":[],"Car":[],"Recipe":[],"Service":[],"SoftwareApplication":[],"WebPage":[]},"graphName":"","isEnabled":true},"graphs":[]},"schema_type":"default","schema_type_options":null,"pillar_content":false,"robots_default":true,"robots_noindex":false,"robots_noarchive":false,"robots_nosnippet":false,"robots_nofollow":false,"robots_noimageindex":false,"robots_noodp":false,"robots_notranslate":false,"robots_max_snippet":null,"robots_max_videopreview":null,"robots_max_imagepreview":"large","priority":null,"frequency":null,"local_seo":null,"seo_analyzer_scan_date":"2025-10-08 21:26:00","breadcrumb_settings":null,"limit_modified_date":false,"reviewed_by":null,"open_ai":null,"ai":null,"created":"2025-09-12 02:31:23","updated":"2025-10-08 21:26:00"},"aioseo_breadcrumb":"<div class=\"aioseo-breadcrumbs\"><span class=\"aioseo-breadcrumb\">\n\t<a href=\"https:\/\/aamnation.com\/pt\" title=\"Home\">Home<\/a>\n<\/span><span class=\"aioseo-breadcrumb-separator\">&raquo;<\/span><span class=\"aioseo-breadcrumb\">\n\tAAM &amp; UAM Career Fair\n<\/span><\/div>","aioseo_breadcrumb_json":[{"label":"Home","link":"https:\/\/aamnation.com\/pt"},{"label":"AAM &#038; UAM Career Fair","link":"https:\/\/aamnation.com\/pt\/aam-uam-career-fair\/"}],"jetpack_likes_enabled":true,"jetpack_sharing_enabled":true,"jetpack_shortlink":"https:\/\/wp.me\/Pgg37f-lg","jetpack-related-posts":[],"_links":{"self":[{"href":"https:\/\/aamnation.com\/pt\/wp-json\/wp\/v2\/pages\/1318","targetHints":{"allow":["GET"]}}],"collection":[{"href":"https:\/\/aamnation.com\/pt\/wp-json\/wp\/v2\/pages"}],"about":[{"href":"https:\/\/aamnation.com\/pt\/wp-json\/wp\/v2\/types\/page"}],"author":[{"embeddable":true,"href":"https:\/\/aamnation.com\/pt\/wp-json\/wp\/v2\/users\/165558846"}],"replies":[{"embeddable":true,"href":"https:\/\/aamnation.com\/pt\/wp-json\/wp\/v2\/comments?post=1318"}],"version-history":[{"count":18,"href":"https:\/\/aamnation.com\/pt\/wp-json\/wp\/v2\/pages\/1318\/revisions"}],"predecessor-version":[{"id":1735,"href":"https:\/\/aamnation.com\/pt\/wp-json\/wp\/v2\/pages\/1318\/revisions\/1735"}],"wp:attachment":[{"href":"https:\/\/aamnation.com\/pt\/wp-json\/wp\/v2\/media?parent=1318"}],"curies":[{"name":"wp","href":"https:\/\/api.w.org\/{rel}","templated":true}]}}