{"id":1240,"date":"2025-03-04T17:47:45","date_gmt":"2025-03-05T01:47:45","guid":{"rendered":"https:\/\/aamnation.com\/?page_id=1240"},"modified":"2025-03-26T19:09:56","modified_gmt":"2025-03-27T02:09:56","slug":"logistica-aam-uam","status":"publish","type":"page","link":"https:\/\/aamnation.com\/it\/aam-uam-logistics\/","title":{"rendered":"Logistica AAM e UAM"},"content":{"rendered":"<div data-elementor-type=\"wp-page\" data-elementor-id=\"1240\" class=\"elementor elementor-1240\" data-elementor-post-type=\"page\">\n\t\t\t\t<div class=\"elementor-element elementor-element-6255d55 e-flex e-con-boxed e-con e-parent\" data-id=\"6255d55\" data-element_type=\"container\" data-e-type=\"container\">\n\t\t\t\t\t<div class=\"e-con-inner\">\n\t\t\t\t<div class=\"elementor-element elementor-element-13e461d elementor-widget elementor-widget-video\" data-id=\"13e461d\" data-element_type=\"widget\" data-e-type=\"widget\" data-settings=\"{&quot;youtube_url&quot;:&quot;https:\\\/\\\/youtu.be\\\/2eYuMeRygHE?si=01zkCyAmBnJEpzDh&quot;,&quot;video_type&quot;:&quot;youtube&quot;,&quot;controls&quot;:&quot;yes&quot;}\" data-widget_type=\"video.default\">\n\t\t\t\t<div class=\"elementor-widget-container\">\n\t\t\t\t\t\t\t<div class=\"elementor-wrapper elementor-open-inline\">\n\t\t\t<div class=\"elementor-video\"><\/div>\t\t<\/div>\n\t\t\t\t\t\t<\/div>\n\t\t\t\t<\/div>\n\t\t\t\t\t<\/div>\n\t\t\t\t<\/div>\n\t\t<div class=\"elementor-element elementor-element-d559af0 e-flex e-con-boxed e-con e-parent\" data-id=\"d559af0\" data-element_type=\"container\" data-e-type=\"container\">\n\t\t\t\t\t<div class=\"e-con-inner\">\n\t\t\t\t<div class=\"elementor-element elementor-element-10fd587 elementor--h-position-center elementor--v-position-middle elementor-arrows-position-inside elementor-pagination-position-inside elementor-widget elementor-widget-slides\" data-id=\"10fd587\" data-element_type=\"widget\" data-e-type=\"widget\" data-settings=\"{&quot;transition&quot;:&quot;fade&quot;,&quot;navigation&quot;:&quot;both&quot;,&quot;autoplay&quot;:&quot;yes&quot;,&quot;pause_on_hover&quot;:&quot;yes&quot;,&quot;pause_on_interaction&quot;:&quot;yes&quot;,&quot;autoplay_speed&quot;:5000,&quot;transition_speed&quot;:500}\" data-widget_type=\"slides.default\">\n\t\t\t\t<div class=\"elementor-widget-container\">\n\t\t\t\t\t\t\t\t\t<div class=\"elementor-swiper\">\n\t\t\t\t\t<div class=\"elementor-slides-wrapper elementor-main-swiper swiper\" role=\"region\" aria-roledescription=\"carousel\" aria-label=\"Diapositive\" dir=\"ltr\" data-animation=\"zoomIn\">\n\t\t\t\t<div class=\"swiper-wrapper elementor-slides\">\n\t\t\t\t\t\t\t\t\t\t<div class=\"elementor-repeater-item-0df7479 swiper-slide\" role=\"group\" aria-roledescription=\"slide\"><div class=\"swiper-slide-bg\" role=\"img\" aria-label=\"Logo della nazione AAM\"><\/div><div class=\"swiper-slide-inner\" ><div class=\"swiper-slide-contents\"><div class=\"elementor-slide-heading\">Logistica AAM e UAM<\/div><div class=\"elementor-slide-description\">Lavoriamo con voi per trovare la soluzione logistica avanzata per il trasporto aereo.<\/div><div  class=\"elementor-button elementor-slide-button elementor-size-sm\">Clicca qui<\/div><\/div><\/div><\/div><div class=\"elementor-repeater-item-59a2885 swiper-slide\" role=\"group\" aria-roledescription=\"slide\"><div class=\"swiper-slide-bg\"><\/div><div class=\"swiper-slide-inner\" ><div class=\"swiper-slide-contents\"><div class=\"elementor-slide-heading\">Logistica AAM e UAM<\/div><div class=\"elementor-slide-description\">Lavoriamo con voi per trovare la soluzione logistica avanzata per il trasporto aereo.<\/div><div  class=\"elementor-button elementor-slide-button elementor-size-sm\">Clicca qui<\/div><\/div><\/div><\/div><div class=\"elementor-repeater-item-04d72a3 swiper-slide\" role=\"group\" aria-roledescription=\"slide\"><div class=\"swiper-slide-bg\"><\/div><div class=\"swiper-slide-inner\" ><div class=\"swiper-slide-contents\"><div class=\"elementor-slide-heading\">Logistica AAM e UAM <\/div><div class=\"elementor-slide-description\">Lavoriamo con voi per trovare la soluzione logistica avanzata per il trasporto aereo.<\/div><div  class=\"elementor-button elementor-slide-button elementor-size-sm\">Clicca qui<\/div><\/div><\/div><\/div><div class=\"elementor-repeater-item-c665699 swiper-slide\" role=\"group\" aria-roledescription=\"slide\"><div class=\"swiper-slide-bg\"><\/div><div class=\"swiper-slide-inner\" ><div class=\"swiper-slide-contents\"><div class=\"elementor-slide-heading\">Logistica AAM e UAM<\/div><div class=\"elementor-slide-description\">Lavoriamo con voi per trovare la soluzione logistica avanzata per il trasporto aereo.<\/div><div  class=\"elementor-button elementor-slide-button elementor-size-sm\">Clicca qui<\/div><\/div><\/div><\/div>\t\t\t\t<\/div>\n\t\t\t\t\t\t\t\t\t\t\t\t\t\t\t<div class=\"elementor-swiper-button elementor-swiper-button-prev\" role=\"button\" tabindex=\"0\" aria-label=\"Vorheriger Slide\" data-no-translation-aria-label=\"\">\n\t\t\t\t\t\t\t<svg aria-hidden=\"true\" class=\"e-font-icon-svg e-eicon-chevron-left\" viewbox=\"0 0 1000 1000\" xmlns=\"http:\/\/www.w3.org\/2000\/svg\"><path d=\"M646 125C629 125 613 133 604 142L308 442C296 454 292 471 292 487 292 504 296 521 308 533L604 854C617 867 629 875 646 875 663 875 679 871 692 858 704 846 713 829 713 812 713 796 708 779 692 767L438 487 692 225C700 217 708 204 708 187 708 171 704 154 692 142 675 129 663 125 646 125Z\"><\/path><\/svg>\t\t\t\t\t\t<\/div>\n\t\t\t\t\t\t<div class=\"elementor-swiper-button elementor-swiper-button-next\" role=\"button\" tabindex=\"0\" aria-label=\"N\u00e4chster Slide\" data-no-translation-aria-label=\"\">\n\t\t\t\t\t\t\t<svg aria-hidden=\"true\" class=\"e-font-icon-svg e-eicon-chevron-right\" viewbox=\"0 0 1000 1000\" xmlns=\"http:\/\/www.w3.org\/2000\/svg\"><path d=\"M696 533C708 521 713 504 713 487 713 471 708 454 696 446L400 146C388 133 375 125 354 125 338 125 325 129 313 142 300 154 292 171 292 187 292 204 296 221 308 233L563 492 304 771C292 783 288 800 288 817 288 833 296 850 308 863 321 871 338 875 354 875 371 875 388 867 400 854L696 533Z\"><\/path><\/svg>\t\t\t\t\t\t<\/div>\n\t\t\t\t\t\t\t\t\t\t\t\t\t\t\t\t<div class=\"swiper-pagination\"><\/div>\n\t\t\t\t\t\t\t\t\t\t\t\t<\/div>\n\t\t\t\t<\/div>\n\t\t\t\t\t\t\t\t<\/div>\n\t\t\t\t<\/div>\n\t\t\t\t\t<\/div>\n\t\t\t\t<\/div>\n\t\t<div class=\"elementor-element elementor-element-676c469 e-flex e-con-boxed e-con e-parent\" data-id=\"676c469\" data-element_type=\"container\" data-e-type=\"container\">\n\t\t\t\t\t<div class=\"e-con-inner\">\n\t\t\t\t<div class=\"elementor-element elementor-element-22e1928 elementor-widget elementor-widget-text-editor\" data-id=\"22e1928\" data-element_type=\"widget\" data-e-type=\"widget\" data-widget_type=\"text-editor.default\">\n\t\t\t\t<div class=\"elementor-widget-container\">\n\t\t\t\t\t\t\t\t\t<h4>Costruire il futuro della logistica con la mobilit\u00e0 aerea avanzata<\/h4><p><span style=\"color: #000000;\">In AAM Nation stiamo creando una nuova rete per la mobilit\u00e0 aerea avanzata (AAM) e la mobilit\u00e0 aerea urbana (UAM) per rivoluzionare la logistica e i trasporti. Attraverso partnership strategiche e tecnologie emergenti, stiamo sviluppando una rete logistica aerea innovativa che migliora l'efficienza, la sostenibilit\u00e0 e la velocit\u00e0 operativa.<\/span><\/p><p><span style=\"color: #000000;\">Mentre muoviamo i primi passi in questo settore trasformativo, ci concentriamo sulla creazione di una rete di mobilit\u00e0 aerea scalabile e on-demand che si integri perfettamente nelle moderne catene di approvvigionamento. Grazie alla collaborazione e all'innovazione, stiamo gettando le basi per un futuro in cui la mobilit\u00e0 aerea ridefinir\u00e0 le modalit\u00e0 di trasporto delle merci.<\/span><\/p><p><span style=\"color: #000000;\">Unitevi a noi nella costruzione della rete logistica di nuova generazione.<\/span><\/p>\t\t\t\t\t\t\t\t<\/div>\n\t\t\t\t<\/div>\n\t\t\t\t\t<\/div>\n\t\t\t\t<\/div>\n\t\t<div class=\"elementor-element elementor-element-39ae01f e-flex e-con-boxed e-con e-parent\" data-id=\"39ae01f\" data-element_type=\"container\" data-e-type=\"container\">\n\t\t\t\t\t<div class=\"e-con-inner\">\n\t\t\t\t<div class=\"elementor-element elementor-element-4fd3cd1 elementor-widget elementor-widget-text-editor\" data-id=\"4fd3cd1\" data-element_type=\"widget\" data-e-type=\"widget\" data-widget_type=\"text-editor.default\">\n\t\t\t\t<div class=\"elementor-widget-container\">\n\t\t\t\t\t\t\t\t\t<p><span style=\"color: #000000;\"><strong>I nostri partner<\/strong><\/span><\/p>\t\t\t\t\t\t\t\t<\/div>\n\t\t\t\t<\/div>\n\t\t\t\t\t<\/div>\n\t\t\t\t<\/div>\n\t\t\t\t<\/div>","protected":false},"excerpt":{"rendered":"<p>AAM &#038; UAM LogisticsWe work with you in finding the advanced airfreight logistics solution.Click HereAAM&#8230;<\/p>","protected":false},"author":165558846,"featured_media":0,"parent":0,"menu_order":0,"comment_status":"closed","ping_status":"closed","template":"","meta":{"_crdt_document":"","om_disable_all_campaigns":false,"_monsterinsights_skip_tracking":false,"_monsterinsights_sitenote_active":false,"_monsterinsights_sitenote_note":"","_monsterinsights_sitenote_category":0,"footnotes":""},"class_list":["post-1240","page","type-page","status-publish","hentry"],"aioseo_notices":[],"aioseo_head":"\n\t\t<!-- All in One SEO Pro 4.9.6.2 - aioseo.com -->\n\t<meta name=\"description\" content=\"AAM &amp; UAM LogisticsWe work with you in finding the advanced airfreight logistics solution.Click HereAAM &amp; UAM LogisticsWe work with you in finding the advanced airfreight logistics solution.Click HereAAM &amp; UAM Logistics We work with you in finding the advanced airfreight logistics solution.Click HereAAM &amp; UAM LogisticsWe work with you in finding the advanced airfreight\" \/>\n\t<meta name=\"robots\" content=\"max-image-preview:large\" \/>\n\t<meta name=\"google-site-verification\" content=\"VhfKKFpAUd5BDOqNdL0E7pN1M5DYDEoFZZAnvKiTddM\" \/>\n\t<link rel=\"canonical\" href=\"https:\/\/aamnation.com\/it\/aam-uam-logistics\/\" \/>\n\t<meta name=\"generator\" content=\"All in One SEO Pro (AIOSEO) 4.9.6.2\" \/>\n\t\t<meta property=\"og:locale\" content=\"it_IT\" \/>\n\t\t<meta property=\"og:site_name\" content=\"AAM Nation - Is Elevating The Worldwide AAM \/ UAM \/ UAS \/ UAV \/ Air Taxi eVTOL and Flying Car Industry Into The Future!\" \/>\n\t\t<meta property=\"og:type\" content=\"article\" \/>\n\t\t<meta property=\"og:title\" content=\"AAM &amp; UAM Logistics - AAM Nation\" \/>\n\t\t<meta property=\"og:description\" content=\"AAM &amp; UAM LogisticsWe work with you in finding the advanced airfreight logistics solution.Click HereAAM &amp; UAM LogisticsWe work with you in finding the advanced airfreight logistics solution.Click HereAAM &amp; UAM Logistics We work with you in finding the advanced airfreight logistics solution.Click HereAAM &amp; UAM LogisticsWe work with you in finding the advanced airfreight\" \/>\n\t\t<meta property=\"og:url\" content=\"https:\/\/aamnation.com\/it\/aam-uam-logistics\/\" \/>\n\t\t<meta property=\"og:image\" content=\"https:\/\/aamnation.com\/wp-content\/uploads\/2025\/05\/AAM-Logo-2.png\" \/>\n\t\t<meta property=\"og:image:secure_url\" content=\"https:\/\/aamnation.com\/wp-content\/uploads\/2025\/05\/AAM-Logo-2.png\" \/>\n\t\t<meta property=\"og:image:width\" content=\"150\" \/>\n\t\t<meta property=\"og:image:height\" content=\"150\" \/>\n\t\t<meta property=\"article:published_time\" content=\"2025-03-05T01:47:45+00:00\" \/>\n\t\t<meta property=\"article:modified_time\" content=\"2025-03-27T02:09:56+00:00\" \/>\n\t\t<meta name=\"twitter:card\" content=\"summary_large_image\" \/>\n\t\t<meta name=\"twitter:title\" content=\"AAM &amp; UAM Logistics - AAM Nation\" \/>\n\t\t<meta name=\"twitter:description\" content=\"AAM &amp; UAM LogisticsWe work with you in finding the advanced airfreight logistics solution.Click HereAAM &amp; UAM LogisticsWe work with you in finding the advanced airfreight logistics solution.Click HereAAM &amp; UAM Logistics We work with you in finding the advanced airfreight logistics solution.Click HereAAM &amp; UAM LogisticsWe work with you in finding the advanced airfreight\" \/>\n\t\t<meta name=\"twitter:image\" content=\"https:\/\/aamnation.com\/wp-content\/uploads\/2025\/05\/AAM-Logo-2.png\" \/>\n\t\t<script type=\"application\/ld+json\" class=\"aioseo-schema\">\n\t\t\t{\"@context\":\"https:\\\/\\\/schema.org\",\"@graph\":[{\"@type\":\"BreadcrumbList\",\"@id\":\"https:\\\/\\\/aamnation.com\\\/it\\\/aam-uam-logistics\\\/#breadcrumblist\",\"itemListElement\":[{\"@type\":\"ListItem\",\"@id\":\"https:\\\/\\\/aamnation.com\\\/it#listItem\",\"position\":1,\"name\":\"Home\",\"item\":\"https:\\\/\\\/aamnation.com\\\/it\",\"nextItem\":{\"@type\":\"ListItem\",\"@id\":\"https:\\\/\\\/aamnation.com\\\/it\\\/aam-uam-logistics\\\/#listItem\",\"name\":\"AAM &#038; UAM Logistics\"}},{\"@type\":\"ListItem\",\"@id\":\"https:\\\/\\\/aamnation.com\\\/it\\\/aam-uam-logistics\\\/#listItem\",\"position\":2,\"name\":\"AAM &#038; UAM Logistics\",\"previousItem\":{\"@type\":\"ListItem\",\"@id\":\"https:\\\/\\\/aamnation.com\\\/it#listItem\",\"name\":\"Home\"}}]},{\"@type\":\"Organization\",\"@id\":\"https:\\\/\\\/aamnation.com\\\/it\\\/#organization\",\"name\":\"AAM Nation AAM Nation\",\"description\":\"Is Elevating The Worldwide AAM \\\/ UAM \\\/ UAS \\\/ UAV \\\/ Air Taxi eVTOL and Flying Car Industry Into The Future! Elevating The Worldwide AAM \\\/ UAM \\\/ UAS \\\/ UAV Air Taxi eVTOL and Flying Car Industry Into The Future!\",\"url\":\"https:\\\/\\\/aamnation.com\\\/it\\\/\",\"email\":\"contact@aamnation.com\",\"telephone\":\"+19492268880\",\"logo\":{\"@type\":\"ImageObject\",\"url\":\"https:\\\/\\\/i0.wp.com\\\/aamnation.com\\\/wp-content\\\/uploads\\\/2025\\\/05\\\/AAM-Logo-2.png?fit=150%2C150&ssl=1\",\"@id\":\"https:\\\/\\\/aamnation.com\\\/it\\\/aam-uam-logistics\\\/#organizationLogo\",\"width\":150,\"height\":150},\"image\":{\"@id\":\"https:\\\/\\\/aamnation.com\\\/it\\\/aam-uam-logistics\\\/#organizationLogo\"}},{\"@type\":\"WebPage\",\"@id\":\"https:\\\/\\\/aamnation.com\\\/it\\\/aam-uam-logistics\\\/#webpage\",\"url\":\"https:\\\/\\\/aamnation.com\\\/it\\\/aam-uam-logistics\\\/\",\"name\":\"AAM & UAM Logistics - AAM Nation\",\"description\":\"AAM & UAM LogisticsWe work with you in finding the advanced airfreight logistics solution.Click HereAAM & UAM LogisticsWe work with you in finding the advanced airfreight logistics solution.Click HereAAM & UAM Logistics We work with you in finding the advanced airfreight logistics solution.Click HereAAM & UAM LogisticsWe work with you in finding the advanced airfreight\",\"inLanguage\":\"it-IT\",\"isPartOf\":{\"@id\":\"https:\\\/\\\/aamnation.com\\\/it\\\/#website\"},\"breadcrumb\":{\"@id\":\"https:\\\/\\\/aamnation.com\\\/it\\\/aam-uam-logistics\\\/#breadcrumblist\"},\"datePublished\":\"2025-03-04T17:47:45-08:00\",\"dateModified\":\"2025-03-26T19:09:56-07:00\"},{\"@type\":\"WebSite\",\"@id\":\"https:\\\/\\\/aamnation.com\\\/it\\\/#website\",\"url\":\"https:\\\/\\\/aamnation.com\\\/it\\\/\",\"name\":\"AAM Nation\",\"description\":\"Is Elevating The Worldwide AAM \\\/ UAM \\\/ UAS \\\/ UAV \\\/ Air Taxi eVTOL and Flying Car Industry Into The Future!\",\"inLanguage\":\"it-IT\",\"publisher\":{\"@id\":\"https:\\\/\\\/aamnation.com\\\/it\\\/#organization\"}}]}\n\t\t<\/script>\n\t\t<!-- All in One SEO Pro -->\r\n\t\t<title>AAM &amp; UAM Logistics - AAM Nation<\/title>\n\n","aioseo_head_json":{"title":"AAM & UAM Logistics - AAM Nation","description":"AAM & UAM LogisticsWe work with you in finding the advanced airfreight logistics solution.Click HereAAM & UAM LogisticsWe work with you in finding the advanced airfreight logistics solution.Click HereAAM & UAM Logistics We work with you in finding the advanced airfreight logistics solution.Click HereAAM & UAM LogisticsWe work with you in finding the advanced airfreight","canonical_url":"https:\/\/aamnation.com\/it\/aam-uam-logistics\/","robots":"max-image-preview:large","keywords":"","webmasterTools":{"google-site-verification":"VhfKKFpAUd5BDOqNdL0E7pN1M5DYDEoFZZAnvKiTddM","miscellaneous":""},"schema":{"@context":"https:\/\/schema.org","@graph":[{"@type":"BreadcrumbList","@id":"https:\/\/aamnation.com\/it\/aam-uam-logistics\/#breadcrumblist","itemListElement":[{"@type":"ListItem","@id":"https:\/\/aamnation.com\/it#listItem","position":1,"name":"Home","item":"https:\/\/aamnation.com\/it","nextItem":{"@type":"ListItem","@id":"https:\/\/aamnation.com\/it\/aam-uam-logistics\/#listItem","name":"AAM &#038; UAM Logistics"}},{"@type":"ListItem","@id":"https:\/\/aamnation.com\/it\/aam-uam-logistics\/#listItem","position":2,"name":"AAM &#038; UAM Logistics","previousItem":{"@type":"ListItem","@id":"https:\/\/aamnation.com\/it#listItem","name":"Home"}}]},{"@type":"Organization","@id":"https:\/\/aamnation.com\/it\/#organization","name":"AAM Nation AAM Nation","description":"Is Elevating The Worldwide AAM \/ UAM \/ UAS \/ UAV \/ Air Taxi eVTOL and Flying Car Industry Into The Future! Elevating The Worldwide AAM \/ UAM \/ UAS \/ UAV Air Taxi eVTOL and Flying Car Industry Into The Future!","url":"https:\/\/aamnation.com\/it\/","email":"contact@aamnation.com","telephone":"+19492268880","logo":{"@type":"ImageObject","url":"https:\/\/i0.wp.com\/aamnation.com\/wp-content\/uploads\/2025\/05\/AAM-Logo-2.png?fit=150%2C150&ssl=1","@id":"https:\/\/aamnation.com\/it\/aam-uam-logistics\/#organizationLogo","width":150,"height":150},"image":{"@id":"https:\/\/aamnation.com\/it\/aam-uam-logistics\/#organizationLogo"}},{"@type":"WebPage","@id":"https:\/\/aamnation.com\/it\/aam-uam-logistics\/#webpage","url":"https:\/\/aamnation.com\/it\/aam-uam-logistics\/","name":"AAM & UAM Logistics - AAM Nation","description":"AAM & UAM LogisticsWe work with you in finding the advanced airfreight logistics solution.Click HereAAM & UAM LogisticsWe work with you in finding the advanced airfreight logistics solution.Click HereAAM & UAM Logistics We work with you in finding the advanced airfreight logistics solution.Click HereAAM & UAM LogisticsWe work with you in finding the advanced airfreight","inLanguage":"it-IT","isPartOf":{"@id":"https:\/\/aamnation.com\/it\/#website"},"breadcrumb":{"@id":"https:\/\/aamnation.com\/it\/aam-uam-logistics\/#breadcrumblist"},"datePublished":"2025-03-04T17:47:45-08:00","dateModified":"2025-03-26T19:09:56-07:00"},{"@type":"WebSite","@id":"https:\/\/aamnation.com\/it\/#website","url":"https:\/\/aamnation.com\/it\/","name":"AAM Nation","description":"Is Elevating The Worldwide AAM \/ UAM \/ UAS \/ UAV \/ Air Taxi eVTOL and Flying Car Industry Into The Future!","inLanguage":"it-IT","publisher":{"@id":"https:\/\/aamnation.com\/it\/#organization"}}]},"og:locale":"it_IT","og:site_name":"AAM Nation - Is Elevating The Worldwide AAM \/ UAM \/ UAS \/ UAV \/ Air Taxi eVTOL and Flying Car Industry Into The Future!","og:type":"article","og:title":"AAM &amp; UAM Logistics - AAM Nation","og:description":"AAM &amp; UAM LogisticsWe work with you in finding the advanced airfreight logistics solution.Click HereAAM &amp; UAM LogisticsWe work with you in finding the advanced airfreight logistics solution.Click HereAAM &amp; UAM Logistics We work with you in finding the advanced airfreight logistics solution.Click HereAAM &amp; UAM LogisticsWe work with you in finding the advanced airfreight","og:url":"https:\/\/aamnation.com\/it\/aam-uam-logistics\/","og:image":"https:\/\/aamnation.com\/wp-content\/uploads\/2025\/05\/AAM-Logo-2.png","og:image:secure_url":"https:\/\/aamnation.com\/wp-content\/uploads\/2025\/05\/AAM-Logo-2.png","og:image:width":150,"og:image:height":150,"article:published_time":"2025-03-05T01:47:45+00:00","article:modified_time":"2025-03-27T02:09:56+00:00","twitter:card":"summary_large_image","twitter:title":"AAM &amp; UAM Logistics - AAM Nation","twitter:description":"AAM &amp; UAM LogisticsWe work with you in finding the advanced airfreight logistics solution.Click HereAAM &amp; UAM LogisticsWe work with you in finding the advanced airfreight logistics solution.Click HereAAM &amp; UAM Logistics We work with you in finding the advanced airfreight logistics solution.Click HereAAM &amp; UAM LogisticsWe work with you in finding the advanced airfreight","twitter:image":"https:\/\/aamnation.com\/wp-content\/uploads\/2025\/05\/AAM-Logo-2.png"},"aioseo_meta_data":{"post_id":"1240","title":null,"description":null,"keywords":null,"keyphrases":null,"primary_term":null,"canonical_url":null,"og_title":null,"og_description":null,"og_object_type":"default","og_image_type":"default","og_image_url":null,"og_image_width":null,"og_image_height":null,"og_image_custom_url":null,"og_image_custom_fields":null,"og_video":null,"og_custom_url":null,"og_article_section":null,"og_article_tags":null,"twitter_use_og":false,"twitter_card":"default","twitter_image_type":"default","twitter_image_url":null,"twitter_image_custom_url":null,"twitter_image_custom_fields":null,"twitter_title":null,"twitter_description":null,"schema":{"blockGraphs":[],"customGraphs":[],"default":{"data":{"Article":[],"Course":[],"Dataset":[],"FAQPage":[],"Movie":[],"Person":[],"Product":[],"ProductReview":[],"Car":[],"Recipe":[],"Service":[],"SoftwareApplication":[],"WebPage":[]},"graphName":"","isEnabled":true},"graphs":[]},"schema_type":"default","schema_type_options":null,"pillar_content":false,"robots_default":true,"robots_noindex":false,"robots_noarchive":false,"robots_nosnippet":false,"robots_nofollow":false,"robots_noimageindex":false,"robots_noodp":false,"robots_notranslate":false,"robots_max_snippet":null,"robots_max_videopreview":null,"robots_max_imagepreview":"large","priority":null,"frequency":null,"local_seo":null,"seo_analyzer_scan_date":"2025-10-08 21:21:40","breadcrumb_settings":null,"limit_modified_date":false,"reviewed_by":null,"open_ai":null,"ai":null,"created":"2025-09-12 02:30:52","updated":"2025-10-08 21:21:40"},"aioseo_breadcrumb":"<div class=\"aioseo-breadcrumbs\"><span class=\"aioseo-breadcrumb\">\n\t<a href=\"https:\/\/aamnation.com\/it\" title=\"Home\">Home<\/a>\n<\/span><span class=\"aioseo-breadcrumb-separator\">&raquo;<\/span><span class=\"aioseo-breadcrumb\">\n\tAAM &amp; UAM Logistics\n<\/span><\/div>","aioseo_breadcrumb_json":[{"label":"Home","link":"https:\/\/aamnation.com\/it"},{"label":"AAM &#038; UAM Logistics","link":"https:\/\/aamnation.com\/it\/aam-uam-logistics\/"}],"jetpack_likes_enabled":true,"jetpack_sharing_enabled":true,"jetpack_shortlink":"https:\/\/wp.me\/Pgg37f-k0","jetpack-related-posts":[],"_links":{"self":[{"href":"https:\/\/aamnation.com\/it\/wp-json\/wp\/v2\/pages\/1240","targetHints":{"allow":["GET"]}}],"collection":[{"href":"https:\/\/aamnation.com\/it\/wp-json\/wp\/v2\/pages"}],"about":[{"href":"https:\/\/aamnation.com\/it\/wp-json\/wp\/v2\/types\/page"}],"author":[{"embeddable":true,"href":"https:\/\/aamnation.com\/it\/wp-json\/wp\/v2\/users\/165558846"}],"replies":[{"embeddable":true,"href":"https:\/\/aamnation.com\/it\/wp-json\/wp\/v2\/comments?post=1240"}],"version-history":[{"count":29,"href":"https:\/\/aamnation.com\/it\/wp-json\/wp\/v2\/pages\/1240\/revisions"}],"predecessor-version":[{"id":1919,"href":"https:\/\/aamnation.com\/it\/wp-json\/wp\/v2\/pages\/1240\/revisions\/1919"}],"wp:attachment":[{"href":"https:\/\/aamnation.com\/it\/wp-json\/wp\/v2\/media?parent=1240"}],"curies":[{"name":"wp","href":"https:\/\/api.w.org\/{rel}","templated":true}]}}