{"id":1454,"date":"2025-03-12T17:57:45","date_gmt":"2025-03-13T00:57:45","guid":{"rendered":"https:\/\/aamnation.com\/?page_id=1454"},"modified":"2025-03-22T12:46:46","modified_gmt":"2025-03-22T19:46:46","slug":"seminarios-web-de-la-aam-uam","status":"publish","type":"page","link":"https:\/\/aamnation.com\/es\/aam-uam-webinars\/","title":{"rendered":"Seminarios web de la AAM y la UAM"},"content":{"rendered":"<div data-elementor-type=\"wp-page\" data-elementor-id=\"1454\" class=\"elementor elementor-1454\" data-elementor-post-type=\"page\">\n\t\t\t\t<div class=\"elementor-element elementor-element-676f2b4 e-flex e-con-boxed e-con e-parent\" data-id=\"676f2b4\" data-element_type=\"container\" data-e-type=\"container\">\n\t\t\t\t\t<div class=\"e-con-inner\">\n\t\t\t\t<div class=\"elementor-element elementor-element-8fd53ba elementor--h-position-center elementor--v-position-middle elementor-arrows-position-inside elementor-pagination-position-inside elementor-widget elementor-widget-slides\" data-id=\"8fd53ba\" data-element_type=\"widget\" data-e-type=\"widget\" data-settings=\"{&quot;transition&quot;:&quot;fade&quot;,&quot;navigation&quot;:&quot;both&quot;,&quot;autoplay&quot;:&quot;yes&quot;,&quot;pause_on_hover&quot;:&quot;yes&quot;,&quot;pause_on_interaction&quot;:&quot;yes&quot;,&quot;autoplay_speed&quot;:5000,&quot;transition_speed&quot;:500}\" data-widget_type=\"slides.default\">\n\t\t\t\t<div class=\"elementor-widget-container\">\n\t\t\t\t\t\t\t\t\t<div class=\"elementor-swiper\">\n\t\t\t\t\t<div class=\"elementor-slides-wrapper elementor-main-swiper swiper\" role=\"region\" aria-roledescription=\"carousel\" aria-label=\"Diapositivas\" dir=\"ltr\" data-animation=\"zoomIn\">\n\t\t\t\t<div class=\"swiper-wrapper elementor-slides\">\n\t\t\t\t\t\t\t\t\t\t<div class=\"elementor-repeater-item-9c7faae swiper-slide\" role=\"group\" aria-roledescription=\"slide\"><div class=\"swiper-slide-bg\" role=\"img\" aria-label=\"Logotipo de la naci\u00f3n AAM\"><\/div><div class=\"swiper-slide-inner\" ><div class=\"swiper-slide-contents\"><div class=\"elementor-slide-heading\">Seminarios web de la AAM y la UAM<\/div><div class=\"elementor-slide-description\">Colmar la brecha entre innovaci\u00f3n y aplicaci\u00f3n.<\/div><div  class=\"elementor-button elementor-slide-button elementor-size-sm\">Haga clic aqu\u00ed<\/div><\/div><\/div><\/div><div class=\"elementor-repeater-item-3c52d45 swiper-slide\" role=\"group\" aria-roledescription=\"slide\"><div class=\"swiper-slide-bg\"><\/div><div class=\"swiper-slide-inner\" ><div class=\"swiper-slide-contents\"><div class=\"elementor-slide-heading\">Seminarios web de la AAM y la UAM<\/div><div class=\"elementor-slide-description\">Colmar la brecha entre innovaci\u00f3n y aplicaci\u00f3n.<\/div><div  class=\"elementor-button elementor-slide-button elementor-size-sm\">Haga clic aqu\u00ed<\/div><\/div><\/div><\/div><div class=\"elementor-repeater-item-00f75d4 swiper-slide\" role=\"group\" aria-roledescription=\"slide\"><div class=\"swiper-slide-bg\"><\/div><div class=\"swiper-slide-inner\" ><div class=\"swiper-slide-contents\"><div class=\"elementor-slide-heading\">Seminarios web de la AAM y la UAM<\/div><div class=\"elementor-slide-description\">Colmar la brecha entre innovaci\u00f3n y aplicaci\u00f3n.<\/div><div  class=\"elementor-button elementor-slide-button elementor-size-sm\">Haga clic aqu\u00ed<\/div><\/div><\/div><\/div>\t\t\t\t<\/div>\n\t\t\t\t\t\t\t\t\t\t\t\t\t\t\t<div class=\"elementor-swiper-button elementor-swiper-button-prev\" role=\"button\" tabindex=\"0\" aria-label=\"\u041f\u0440\u0435\u0434\u044b\u0434\u0443\u0449\u0438\u0439 \u0441\u043b\u0430\u0439\u0434\" data-no-translation-aria-label=\"\">\n\t\t\t\t\t\t\t<svg aria-hidden=\"true\" class=\"e-font-icon-svg e-eicon-chevron-left\" viewbox=\"0 0 1000 1000\" xmlns=\"http:\/\/www.w3.org\/2000\/svg\"><path d=\"M646 125C629 125 613 133 604 142L308 442C296 454 292 471 292 487 292 504 296 521 308 533L604 854C617 867 629 875 646 875 663 875 679 871 692 858 704 846 713 829 713 812 713 796 708 779 692 767L438 487 692 225C700 217 708 204 708 187 708 171 704 154 692 142 675 129 663 125 646 125Z\"><\/path><\/svg>\t\t\t\t\t\t<\/div>\n\t\t\t\t\t\t<div class=\"elementor-swiper-button elementor-swiper-button-next\" role=\"button\" tabindex=\"0\" aria-label=\"\u0421\u043b\u0435\u0434\u0443\u044e\u0449\u0438\u0439 \u0441\u043b\u0430\u0439\u0434\" data-no-translation-aria-label=\"\">\n\t\t\t\t\t\t\t<svg aria-hidden=\"true\" class=\"e-font-icon-svg e-eicon-chevron-right\" viewbox=\"0 0 1000 1000\" xmlns=\"http:\/\/www.w3.org\/2000\/svg\"><path d=\"M696 533C708 521 713 504 713 487 713 471 708 454 696 446L400 146C388 133 375 125 354 125 338 125 325 129 313 142 300 154 292 171 292 187 292 204 296 221 308 233L563 492 304 771C292 783 288 800 288 817 288 833 296 850 308 863 321 871 338 875 354 875 371 875 388 867 400 854L696 533Z\"><\/path><\/svg>\t\t\t\t\t\t<\/div>\n\t\t\t\t\t\t\t\t\t\t\t\t\t\t\t\t<div class=\"swiper-pagination\"><\/div>\n\t\t\t\t\t\t\t\t\t\t\t\t<\/div>\n\t\t\t\t<\/div>\n\t\t\t\t\t\t\t\t<\/div>\n\t\t\t\t<\/div>\n\t\t\t\t\t<\/div>\n\t\t\t\t<\/div>\n\t\t<div class=\"elementor-element elementor-element-7ce4d44 e-flex e-con-boxed e-con e-parent\" data-id=\"7ce4d44\" data-element_type=\"container\" data-e-type=\"container\">\n\t\t\t\t\t<div class=\"e-con-inner\">\n\t\t\t\t<div class=\"elementor-element elementor-element-f1c197a elementor-widget elementor-widget-text-editor\" data-id=\"f1c197a\" data-element_type=\"widget\" data-e-type=\"widget\" data-widget_type=\"text-editor.default\">\n\t\t\t\t<div class=\"elementor-widget-container\">\n\t\t\t\t\t\t\t\t\t<h4>Webinars de la AAM y la UAM para salvar la distancia entre innovaci\u00f3n y aplicaci\u00f3n.<\/h4><p><span style=\"color: #000000;\">AAM Nation AAM UAM Webinars es un programa dise\u00f1ado para acelerar el avance de la Movilidad A\u00e9rea Avanzada (AAM) y la Movilidad A\u00e9rea Urbana (UAM). Estos seminarios web sirven de plataforma din\u00e1mica para que los profesionales del sector, los responsables pol\u00edticos, las empresas y el p\u00fablico en general se interesen por los \u00faltimos avances que configuran el futuro del transporte a\u00e9reo.<\/span><\/p><p><span style=\"color: #000000;\">Centrada en la innovaci\u00f3n t\u00e9cnica y el crecimiento econ\u00f3mico, la serie profundiza en los marcos normativos, el desarrollo de infraestructuras, las estrategias de inversi\u00f3n, la escalabilidad operativa, la sostenibilidad, la adopci\u00f3n p\u00fablica y los avances tecnol\u00f3gicos de vanguardia. A trav\u00e9s de debates, estudios de casos e historias de \u00e9xito del mundo real, los seminarios web proporcionan informaci\u00f3n pr\u00e1ctica sobre la evoluci\u00f3n del panorama de la AAM y la UAM.<\/span><\/p><p><span style=\"color: #000000;\">Para garantizar una perspectiva completa, los seminarios web AAM Nation AAM UAM cuentan con los principales l\u00edderes del sector, agencias gubernamentales e instituciones de investigaci\u00f3n como ponentes y socios clave. Estas colaboraciones refuerzan la credibilidad, fomentan el liderazgo de pensamiento e impulsan un di\u00e1logo significativo sobre las oportunidades y los retos de la integraci\u00f3n de la AAM y la UAM en los ecosistemas de transporte globales.<\/span><\/p><p><span style=\"color: #000000;\">Al tender un puente entre la innovaci\u00f3n y la aplicaci\u00f3n, los seminarios web de la AAM Nation AAM UAM desempe\u00f1an un papel fundamental en la configuraci\u00f3n de la pr\u00f3xima generaci\u00f3n de transporte de movilidad a\u00e9rea.<\/span><\/p>\t\t\t\t\t\t\t\t<\/div>\n\t\t\t\t<\/div>\n\t\t\t\t\t<\/div>\n\t\t\t\t<\/div>\n\t\t\t\t<\/div>","protected":false},"excerpt":{"rendered":"<p>AAM &#038; UAM WebinarsBridging the gap between innovation and implementation.Click HereAAM &#038; UAM WebinarsBridging the&#8230;<\/p>","protected":false},"author":165558846,"featured_media":0,"parent":0,"menu_order":0,"comment_status":"closed","ping_status":"closed","template":"","meta":{"_crdt_document":"","om_disable_all_campaigns":false,"_monsterinsights_skip_tracking":false,"_monsterinsights_sitenote_active":false,"_monsterinsights_sitenote_note":"","_monsterinsights_sitenote_category":0,"footnotes":""},"class_list":["post-1454","page","type-page","status-publish","hentry"],"aioseo_notices":[],"aioseo_head":"\n\t\t<!-- All in One SEO Pro 4.9.7.1 - aioseo.com -->\n\t<meta name=\"description\" content=\"AAM &amp; UAM WebinarsBridging the gap between innovation and implementation.Click HereAAM &amp; UAM WebinarsBridging the gap between innovation and implementation.Click HereAAM &amp; UAM WebinarsBridging the gap between innovation and implementation.Click Here AAM &amp; UAM Webinars bridging the gap between innovation and implementation!AAM Nation AAM UAM Webinars is a designed to accelerate the advancement of Advanced\" \/>\n\t<meta name=\"robots\" content=\"max-image-preview:large\" \/>\n\t<meta name=\"google-site-verification\" content=\"VhfKKFpAUd5BDOqNdL0E7pN1M5DYDEoFZZAnvKiTddM\" \/>\n\t<link rel=\"canonical\" href=\"https:\/\/aamnation.com\/es\/aam-uam-webinars\/\" \/>\n\t<meta name=\"generator\" content=\"All in One SEO Pro (AIOSEO) 4.9.7.1\" \/>\n\t\t<meta property=\"og:locale\" content=\"es_ES\" \/>\n\t\t<meta property=\"og:site_name\" content=\"AAM Nation - Is Elevating The Worldwide AAM \/ UAM \/ UAS \/ UAV \/ Air Taxi eVTOL and Flying Car Industry Into The Future!\" \/>\n\t\t<meta property=\"og:type\" content=\"article\" \/>\n\t\t<meta property=\"og:title\" content=\"AAM &amp; UAM Webinars - AAM Nation\" \/>\n\t\t<meta property=\"og:description\" content=\"AAM &amp; UAM WebinarsBridging the gap between innovation and implementation.Click HereAAM &amp; UAM WebinarsBridging the gap between innovation and implementation.Click HereAAM &amp; UAM WebinarsBridging the gap between innovation and implementation.Click Here AAM &amp; UAM Webinars bridging the gap between innovation and implementation!AAM Nation AAM UAM Webinars is a designed to accelerate the advancement of Advanced\" \/>\n\t\t<meta property=\"og:url\" content=\"https:\/\/aamnation.com\/es\/aam-uam-webinars\/\" \/>\n\t\t<meta property=\"og:image\" content=\"https:\/\/aamnation.com\/wp-content\/uploads\/2025\/05\/AAM-Logo-2.png\" \/>\n\t\t<meta property=\"og:image:secure_url\" content=\"https:\/\/aamnation.com\/wp-content\/uploads\/2025\/05\/AAM-Logo-2.png\" \/>\n\t\t<meta property=\"og:image:width\" content=\"150\" \/>\n\t\t<meta property=\"og:image:height\" content=\"150\" \/>\n\t\t<meta property=\"article:published_time\" content=\"2025-03-13T00:57:45+00:00\" \/>\n\t\t<meta property=\"article:modified_time\" content=\"2025-03-22T19:46:46+00:00\" \/>\n\t\t<meta name=\"twitter:card\" content=\"summary_large_image\" \/>\n\t\t<meta name=\"twitter:title\" content=\"AAM &amp; UAM Webinars - AAM Nation\" \/>\n\t\t<meta name=\"twitter:description\" content=\"AAM &amp; UAM WebinarsBridging the gap between innovation and implementation.Click HereAAM &amp; UAM WebinarsBridging the gap between innovation and implementation.Click HereAAM &amp; UAM WebinarsBridging the gap between innovation and implementation.Click Here AAM &amp; UAM Webinars bridging the gap between innovation and implementation!AAM Nation AAM UAM Webinars is a designed to accelerate the advancement of Advanced\" \/>\n\t\t<meta name=\"twitter:image\" content=\"https:\/\/aamnation.com\/wp-content\/uploads\/2025\/05\/AAM-Logo-2.png\" \/>\n\t\t<script type=\"application\/ld+json\" class=\"aioseo-schema\">\n\t\t\t{\"@context\":\"https:\\\/\\\/schema.org\",\"@graph\":[{\"@type\":\"BreadcrumbList\",\"@id\":\"https:\\\/\\\/aamnation.com\\\/es\\\/aam-uam-webinars\\\/#breadcrumblist\",\"itemListElement\":[{\"@type\":\"ListItem\",\"@id\":\"https:\\\/\\\/aamnation.com\\\/es#listItem\",\"position\":1,\"name\":\"Home\",\"item\":\"https:\\\/\\\/aamnation.com\\\/es\",\"nextItem\":{\"@type\":\"ListItem\",\"@id\":\"https:\\\/\\\/aamnation.com\\\/es\\\/aam-uam-webinars\\\/#listItem\",\"name\":\"AAM &#038; UAM Webinars\"}},{\"@type\":\"ListItem\",\"@id\":\"https:\\\/\\\/aamnation.com\\\/es\\\/aam-uam-webinars\\\/#listItem\",\"position\":2,\"name\":\"AAM &#038; UAM Webinars\",\"previousItem\":{\"@type\":\"ListItem\",\"@id\":\"https:\\\/\\\/aamnation.com\\\/es#listItem\",\"name\":\"Home\"}}]},{\"@type\":\"Organization\",\"@id\":\"https:\\\/\\\/aamnation.com\\\/es\\\/#organization\",\"name\":\"AAM Nation AAM Nation\",\"description\":\"Is Elevating The Worldwide AAM \\\/ UAM \\\/ UAS \\\/ UAV \\\/ Air Taxi eVTOL and Flying Car Industry Into The Future! Elevating The Worldwide AAM \\\/ UAM \\\/ UAS \\\/ UAV Air Taxi eVTOL and Flying Car Industry Into The Future!\",\"url\":\"https:\\\/\\\/aamnation.com\\\/es\\\/\",\"email\":\"contact@aamnation.com\",\"telephone\":\"+19492268880\",\"logo\":{\"@type\":\"ImageObject\",\"url\":\"https:\\\/\\\/i0.wp.com\\\/aamnation.com\\\/wp-content\\\/uploads\\\/2025\\\/05\\\/AAM-Logo-2.png?fit=150%2C150&ssl=1\",\"@id\":\"https:\\\/\\\/aamnation.com\\\/es\\\/aam-uam-webinars\\\/#organizationLogo\",\"width\":150,\"height\":150},\"image\":{\"@id\":\"https:\\\/\\\/aamnation.com\\\/es\\\/aam-uam-webinars\\\/#organizationLogo\"}},{\"@type\":\"WebPage\",\"@id\":\"https:\\\/\\\/aamnation.com\\\/es\\\/aam-uam-webinars\\\/#webpage\",\"url\":\"https:\\\/\\\/aamnation.com\\\/es\\\/aam-uam-webinars\\\/\",\"name\":\"AAM & UAM Webinars - AAM Nation\",\"description\":\"AAM & UAM WebinarsBridging the gap between innovation and implementation.Click HereAAM & UAM WebinarsBridging the gap between innovation and implementation.Click HereAAM & UAM WebinarsBridging the gap between innovation and implementation.Click Here AAM & UAM Webinars bridging the gap between innovation and implementation!AAM Nation AAM UAM Webinars is a designed to accelerate the advancement of Advanced\",\"inLanguage\":\"es-ES\",\"isPartOf\":{\"@id\":\"https:\\\/\\\/aamnation.com\\\/es\\\/#website\"},\"breadcrumb\":{\"@id\":\"https:\\\/\\\/aamnation.com\\\/es\\\/aam-uam-webinars\\\/#breadcrumblist\"},\"datePublished\":\"2025-03-12T17:57:45-07:00\",\"dateModified\":\"2025-03-22T12:46:46-07:00\"},{\"@type\":\"WebSite\",\"@id\":\"https:\\\/\\\/aamnation.com\\\/es\\\/#website\",\"url\":\"https:\\\/\\\/aamnation.com\\\/es\\\/\",\"name\":\"AAM Nation\",\"description\":\"Is Elevating The Worldwide AAM \\\/ UAM \\\/ UAS \\\/ UAV \\\/ Air Taxi eVTOL and Flying Car Industry Into The Future!\",\"inLanguage\":\"es-ES\",\"publisher\":{\"@id\":\"https:\\\/\\\/aamnation.com\\\/es\\\/#organization\"}}]}\n\t\t<\/script>\n\t\t<!-- All in One SEO Pro -->\r\n\t\t<title>AAM &amp; UAM Webinars - AAM Nation<\/title>\n\n","aioseo_head_json":{"title":"Webinarios de la AAM y la UAM - AAM Nation","description":"AAM &amp; UAM WebinarsCortar la brecha entre la innovaci\u00f3n y la aplicaci\u00f3n.Haga clic aqu\u00edAAM &amp; UAM WebinarsCortar la brecha entre la innovaci\u00f3n y la aplicaci\u00f3n.Haga clic aqu\u00edAAM &amp; UAM WebinarsCortar la brecha entre la innovaci\u00f3n y la aplicaci\u00f3n.Haga clic aqu\u00edAAM &amp; UAM WebinarsCortar la brecha entre la innovaci\u00f3n y la aplicaci\u00f3n!AAM Nation AAM UAM Webinars es un dise\u00f1ado para acelerar el avance de la avanzada","canonical_url":"https:\/\/aamnation.com\/es\/aam-uam-webinars\/","robots":"max-image-preview:large","keywords":"","webmasterTools":{"google-site-verification":"VhfKKFpAUd5BDOqNdL0E7pN1M5DYDEoFZZAnvKiTddM","miscellaneous":""},"schema":{"@context":"https:\/\/schema.org","@graph":[{"@type":"BreadcrumbList","@id":"https:\/\/aamnation.com\/es\/aam-uam-webinars\/#breadcrumblist","itemListElement":[{"@type":"ListItem","@id":"https:\/\/aamnation.com\/es#listItem","position":1,"name":"Home","item":"https:\/\/aamnation.com\/es","nextItem":{"@type":"ListItem","@id":"https:\/\/aamnation.com\/es\/aam-uam-webinars\/#listItem","name":"AAM &#038; UAM Webinars"}},{"@type":"ListItem","@id":"https:\/\/aamnation.com\/es\/aam-uam-webinars\/#listItem","position":2,"name":"AAM &#038; UAM Webinars","previousItem":{"@type":"ListItem","@id":"https:\/\/aamnation.com\/es#listItem","name":"Home"}}]},{"@type":"Organization","@id":"https:\/\/aamnation.com\/es\/#organization","name":"AAM Nation AAM Nation","description":"Is Elevating The Worldwide AAM \/ UAM \/ UAS \/ UAV \/ Air Taxi eVTOL and Flying Car Industry Into The Future! Elevating The Worldwide AAM \/ UAM \/ UAS \/ UAV Air Taxi eVTOL and Flying Car Industry Into The Future!","url":"https:\/\/aamnation.com\/es\/","email":"contact@aamnation.com","telephone":"+19492268880","logo":{"@type":"ImageObject","url":"https:\/\/i0.wp.com\/aamnation.com\/wp-content\/uploads\/2025\/05\/AAM-Logo-2.png?fit=150%2C150&ssl=1","@id":"https:\/\/aamnation.com\/es\/aam-uam-webinars\/#organizationLogo","width":150,"height":150},"image":{"@id":"https:\/\/aamnation.com\/es\/aam-uam-webinars\/#organizationLogo"}},{"@type":"WebPage","@id":"https:\/\/aamnation.com\/es\/aam-uam-webinars\/#webpage","url":"https:\/\/aamnation.com\/es\/aam-uam-webinars\/","name":"AAM & UAM Webinars - AAM Nation","description":"AAM & UAM WebinarsBridging the gap between innovation and implementation.Click HereAAM & UAM WebinarsBridging the gap between innovation and implementation.Click HereAAM & UAM WebinarsBridging the gap between innovation and implementation.Click Here AAM & UAM Webinars bridging the gap between innovation and implementation!AAM Nation AAM UAM Webinars is a designed to accelerate the advancement of Advanced","inLanguage":"es-ES","isPartOf":{"@id":"https:\/\/aamnation.com\/es\/#website"},"breadcrumb":{"@id":"https:\/\/aamnation.com\/es\/aam-uam-webinars\/#breadcrumblist"},"datePublished":"2025-03-12T17:57:45-07:00","dateModified":"2025-03-22T12:46:46-07:00"},{"@type":"WebSite","@id":"https:\/\/aamnation.com\/es\/#website","url":"https:\/\/aamnation.com\/es\/","name":"AAM Nation","description":"Is Elevating The Worldwide AAM \/ UAM \/ UAS \/ UAV \/ Air Taxi eVTOL and Flying Car Industry Into The Future!","inLanguage":"es-ES","publisher":{"@id":"https:\/\/aamnation.com\/es\/#organization"}}]},"og:locale":"es_ES","og:site_name":"AAM Nation - Is Elevating The Worldwide AAM \/ UAM \/ UAS \/ UAV \/ Air Taxi eVTOL and Flying Car Industry Into The Future!","og:type":"article","og:title":"AAM &amp; UAM Webinars - AAM Nation","og:description":"AAM &amp; UAM WebinarsBridging the gap between innovation and implementation.Click HereAAM &amp; UAM WebinarsBridging the gap between innovation and implementation.Click HereAAM &amp; UAM WebinarsBridging the gap between innovation and implementation.Click Here AAM &amp; UAM Webinars bridging the gap between innovation and implementation!AAM Nation AAM UAM Webinars is a designed to accelerate the advancement of Advanced","og:url":"https:\/\/aamnation.com\/es\/aam-uam-webinars\/","og:image":"https:\/\/aamnation.com\/wp-content\/uploads\/2025\/05\/AAM-Logo-2.png","og:image:secure_url":"https:\/\/aamnation.com\/wp-content\/uploads\/2025\/05\/AAM-Logo-2.png","og:image:width":150,"og:image:height":150,"article:published_time":"2025-03-13T00:57:45+00:00","article:modified_time":"2025-03-22T19:46:46+00:00","twitter:card":"summary_large_image","twitter:title":"AAM &amp; UAM Webinars - AAM Nation","twitter:description":"AAM &amp; UAM WebinarsBridging the gap between innovation and implementation.Click HereAAM &amp; UAM WebinarsBridging the gap between innovation and implementation.Click HereAAM &amp; UAM WebinarsBridging the gap between innovation and implementation.Click Here AAM &amp; UAM Webinars bridging the gap between innovation and implementation!AAM Nation AAM UAM Webinars is a designed to accelerate the advancement of Advanced","twitter:image":"https:\/\/aamnation.com\/wp-content\/uploads\/2025\/05\/AAM-Logo-2.png"},"aioseo_meta_data":{"post_id":"1454","title":null,"description":null,"keywords":null,"keyphrases":null,"primary_term":null,"canonical_url":null,"og_title":null,"og_description":null,"og_object_type":"default","og_image_type":"default","og_image_url":null,"og_image_width":null,"og_image_height":null,"og_image_custom_url":null,"og_image_custom_fields":null,"og_video":null,"og_custom_url":null,"og_article_section":null,"og_article_tags":null,"twitter_use_og":false,"twitter_card":"default","twitter_image_type":"default","twitter_image_url":null,"twitter_image_custom_url":null,"twitter_image_custom_fields":null,"twitter_title":null,"twitter_description":null,"schema":{"blockGraphs":[],"customGraphs":[],"default":{"data":{"Article":[],"Course":[],"Dataset":[],"FAQPage":[],"Movie":[],"Person":[],"Product":[],"ProductReview":[],"Car":[],"Recipe":[],"Service":[],"SoftwareApplication":[],"WebPage":[]},"graphName":"","isEnabled":true},"graphs":[]},"schema_type":"default","schema_type_options":null,"pillar_content":false,"robots_default":true,"robots_noindex":false,"robots_noarchive":false,"robots_nosnippet":false,"robots_nofollow":false,"robots_noimageindex":false,"robots_noodp":false,"robots_notranslate":false,"robots_max_snippet":null,"robots_max_videopreview":null,"robots_max_imagepreview":"large","priority":null,"frequency":null,"local_seo":null,"seo_analyzer_scan_date":"2026-05-12 22:38:04","breadcrumb_settings":null,"limit_modified_date":false,"reviewed_by":null,"open_ai":null,"ai":null,"created":"2025-09-12 02:32:25","updated":"2026-05-12 22:38:04"},"aioseo_breadcrumb":"<div class=\"aioseo-breadcrumbs\"><span class=\"aioseo-breadcrumb\">\n\t<a href=\"https:\/\/aamnation.com\/es\" title=\"Home\">Home<\/a>\n<\/span><span class=\"aioseo-breadcrumb-separator\">&raquo;<\/span><span class=\"aioseo-breadcrumb\">\n\tAAM &amp; UAM Webinars\n<\/span><\/div>","aioseo_breadcrumb_json":[{"label":"Home","link":"https:\/\/aamnation.com\/es"},{"label":"AAM &#038; UAM Webinars","link":"https:\/\/aamnation.com\/es\/aam-uam-webinars\/"}],"jetpack_likes_enabled":true,"jetpack_sharing_enabled":true,"jetpack_shortlink":"https:\/\/wp.me\/Pgg37f-ns","jetpack-related-posts":[],"_links":{"self":[{"href":"https:\/\/aamnation.com\/es\/wp-json\/wp\/v2\/pages\/1454","targetHints":{"allow":["GET"]}}],"collection":[{"href":"https:\/\/aamnation.com\/es\/wp-json\/wp\/v2\/pages"}],"about":[{"href":"https:\/\/aamnation.com\/es\/wp-json\/wp\/v2\/types\/page"}],"author":[{"embeddable":true,"href":"https:\/\/aamnation.com\/es\/wp-json\/wp\/v2\/users\/165558846"}],"replies":[{"embeddable":true,"href":"https:\/\/aamnation.com\/es\/wp-json\/wp\/v2\/comments?post=1454"}],"version-history":[{"count":13,"href":"https:\/\/aamnation.com\/es\/wp-json\/wp\/v2\/pages\/1454\/revisions"}],"predecessor-version":[{"id":1762,"href":"https:\/\/aamnation.com\/es\/wp-json\/wp\/v2\/pages\/1454\/revisions\/1762"}],"wp:attachment":[{"href":"https:\/\/aamnation.com\/es\/wp-json\/wp\/v2\/media?parent=1454"}],"curies":[{"name":"wp","href":"https:\/\/api.w.org\/{rel}","templated":true}]}}