{"id":1437,"date":"2025-03-11T18:17:35","date_gmt":"2025-03-12T01:17:35","guid":{"rendered":"https:\/\/aamnation.com\/?page_id=1437"},"modified":"2025-03-26T19:12:15","modified_gmt":"2025-03-27T02:12:15","slug":"aam-uam-finanzierung","status":"publish","type":"page","link":"https:\/\/aamnation.com\/de\/aam-uam-funding\/","title":{"rendered":"AAM &amp; UAM-Finanzierung"},"content":{"rendered":"<div data-elementor-type=\"wp-page\" data-elementor-id=\"1437\" class=\"elementor elementor-1437\" data-elementor-post-type=\"page\">\n\t\t\t\t<div class=\"elementor-element elementor-element-df03b96 e-flex e-con-boxed e-con e-parent\" data-id=\"df03b96\" data-element_type=\"container\" data-e-type=\"container\">\n\t\t\t\t\t<div class=\"e-con-inner\">\n\t\t\t\t<div class=\"elementor-element elementor-element-1617670 elementor-widget elementor-widget-video\" data-id=\"1617670\" data-element_type=\"widget\" data-e-type=\"widget\" data-settings=\"{&quot;youtube_url&quot;:&quot;https:\\\/\\\/youtu.be\\\/dHVHSoEPljw?si=HcRwnCdpOUcyM4oa&quot;,&quot;video_type&quot;:&quot;youtube&quot;,&quot;controls&quot;:&quot;yes&quot;}\" data-widget_type=\"video.default\">\n\t\t\t\t<div class=\"elementor-widget-container\">\n\t\t\t\t\t\t\t<div class=\"elementor-wrapper elementor-open-inline\">\n\t\t\t<div class=\"elementor-video\"><\/div>\t\t<\/div>\n\t\t\t\t\t\t<\/div>\n\t\t\t\t<\/div>\n\t\t\t\t\t<\/div>\n\t\t\t\t<\/div>\n\t\t<div class=\"elementor-element elementor-element-8340fe4 e-flex e-con-boxed e-con e-parent\" data-id=\"8340fe4\" data-element_type=\"container\" data-e-type=\"container\">\n\t\t\t\t\t<div class=\"e-con-inner\">\n\t\t\t\t<div class=\"elementor-element elementor-element-bf2c1df elementor--h-position-center elementor--v-position-middle elementor-arrows-position-inside elementor-pagination-position-inside elementor-widget elementor-widget-slides\" data-id=\"bf2c1df\" data-element_type=\"widget\" data-e-type=\"widget\" data-settings=\"{&quot;transition&quot;:&quot;fade&quot;,&quot;navigation&quot;:&quot;both&quot;,&quot;autoplay&quot;:&quot;yes&quot;,&quot;pause_on_hover&quot;:&quot;yes&quot;,&quot;pause_on_interaction&quot;:&quot;yes&quot;,&quot;autoplay_speed&quot;:5000,&quot;transition_speed&quot;:500}\" data-widget_type=\"slides.default\">\n\t\t\t\t<div class=\"elementor-widget-container\">\n\t\t\t\t\t\t\t\t\t<div class=\"elementor-swiper\">\n\t\t\t\t\t<div class=\"elementor-slides-wrapper elementor-main-swiper swiper\" role=\"region\" aria-roledescription=\"carousel\" aria-label=\"Folien\" dir=\"ltr\" data-animation=\"zoomIn\">\n\t\t\t\t<div class=\"swiper-wrapper elementor-slides\">\n\t\t\t\t\t\t\t\t\t\t<div class=\"elementor-repeater-item-ce2ef3e swiper-slide\" role=\"group\" aria-roledescription=\"slide\"><div class=\"swiper-slide-bg\" role=\"img\" aria-label=\"AAM Nation Logo\"><\/div><div class=\"swiper-slide-inner\" ><div class=\"swiper-slide-contents\"><div class=\"elementor-slide-heading\">AAM Nation<\/div><div class=\"elementor-slide-description\">Premier Funding Partners f\u00fcr ma\u00dfgeschneiderte Finanzierungsl\u00f6sungen<\/div><div  class=\"elementor-button elementor-slide-button elementor-size-sm\">Hier klicken<\/div><\/div><\/div><\/div><div class=\"elementor-repeater-item-a5d805a swiper-slide\" role=\"group\" aria-roledescription=\"slide\"><div class=\"swiper-slide-bg\"><\/div><div class=\"swiper-slide-inner\" ><div class=\"swiper-slide-contents\"><div class=\"elementor-slide-heading\">AAM Nation<\/div><div class=\"elementor-slide-description\">Premier Funding Partners f\u00fcr ma\u00dfgeschneiderte Finanzierungsl\u00f6sungen<\/div><div  class=\"elementor-button elementor-slide-button elementor-size-sm\">Hier klicken<\/div><\/div><\/div><\/div><div class=\"elementor-repeater-item-bfe1b9a swiper-slide\" role=\"group\" aria-roledescription=\"slide\"><div class=\"swiper-slide-bg\"><\/div><div class=\"swiper-slide-inner\" ><div class=\"swiper-slide-contents\"><div class=\"elementor-slide-heading\">AAM Nation<\/div><div class=\"elementor-slide-description\">Premier Funding Partners f\u00fcr ma\u00dfgeschneiderte Finanzierungsl\u00f6sungen<\/div><div  class=\"elementor-button elementor-slide-button elementor-size-sm\">Hier klicken<\/div><\/div><\/div><\/div>\t\t\t\t<\/div>\n\t\t\t\t\t\t\t\t\t\t\t\t\t\t\t<div class=\"elementor-swiper-button elementor-swiper-button-prev\" role=\"button\" tabindex=\"0\" aria-label=\"Vorheriger Slide\" data-no-translation-aria-label=\"\">\n\t\t\t\t\t\t\t<svg aria-hidden=\"true\" class=\"e-font-icon-svg e-eicon-chevron-left\" viewbox=\"0 0 1000 1000\" xmlns=\"http:\/\/www.w3.org\/2000\/svg\"><path d=\"M646 125C629 125 613 133 604 142L308 442C296 454 292 471 292 487 292 504 296 521 308 533L604 854C617 867 629 875 646 875 663 875 679 871 692 858 704 846 713 829 713 812 713 796 708 779 692 767L438 487 692 225C700 217 708 204 708 187 708 171 704 154 692 142 675 129 663 125 646 125Z\"><\/path><\/svg>\t\t\t\t\t\t<\/div>\n\t\t\t\t\t\t<div class=\"elementor-swiper-button elementor-swiper-button-next\" role=\"button\" tabindex=\"0\" aria-label=\"N\u00e4chster Slide\" data-no-translation-aria-label=\"\">\n\t\t\t\t\t\t\t<svg aria-hidden=\"true\" class=\"e-font-icon-svg e-eicon-chevron-right\" viewbox=\"0 0 1000 1000\" xmlns=\"http:\/\/www.w3.org\/2000\/svg\"><path d=\"M696 533C708 521 713 504 713 487 713 471 708 454 696 446L400 146C388 133 375 125 354 125 338 125 325 129 313 142 300 154 292 171 292 187 292 204 296 221 308 233L563 492 304 771C292 783 288 800 288 817 288 833 296 850 308 863 321 871 338 875 354 875 371 875 388 867 400 854L696 533Z\"><\/path><\/svg>\t\t\t\t\t\t<\/div>\n\t\t\t\t\t\t\t\t\t\t\t\t\t\t\t\t<div class=\"swiper-pagination\"><\/div>\n\t\t\t\t\t\t\t\t\t\t\t\t<\/div>\n\t\t\t\t<\/div>\n\t\t\t\t\t\t\t\t<\/div>\n\t\t\t\t<\/div>\n\t\t\t\t\t<\/div>\n\t\t\t\t<\/div>\n\t\t<div class=\"elementor-element elementor-element-5a65d06 e-flex e-con-boxed e-con e-parent\" data-id=\"5a65d06\" data-element_type=\"container\" data-e-type=\"container\">\n\t\t\t\t\t<div class=\"e-con-inner\">\n\t\t\t\t<div class=\"elementor-element elementor-element-84e38a1 elementor-widget elementor-widget-text-editor\" data-id=\"84e38a1\" data-element_type=\"widget\" data-e-type=\"widget\" data-widget_type=\"text-editor.default\">\n\t\t\t\t<div class=\"elementor-widget-container\">\n\t\t\t\t\t\t\t\t\t<h4>AAM Nation: Ihr zuverl\u00e4ssiger Finanzierungspartner f\u00fcr fortschrittliche Luftmobilit\u00e4tsl\u00f6sungen<\/h4><p><br \/><strong><span style=\"color: #000000;\">Gesch\u00e4ftsorientierter \u00dcberblick<\/span><\/strong><\/p><p><span style=\"color: #000000;\">Die Finanzierungspartner von AAM Nation sind der f\u00fchrende Anbieter von ma\u00dfgeschneiderten Finanzierungs- und Betriebsl\u00f6sungen f\u00fcr Unternehmen in den Bereichen Advanced Air Mobility (AAM) und Urban Air Mobility (UAM). Wir erm\u00f6glichen Organisationen die nahtlose Einf\u00fchrung und Skalierung von Luftverkehrstechnologien der n\u00e4chsten Generation, indem wir umfassende Finanzierung, Risikomanagement und strategische Unterst\u00fctzung anbieten.<\/span><\/p><p><span style=\"color: #000000;\">Durch exklusive Partnerschaften mit f\u00fchrenden AAM- und UAM-Finanzierern, Versicherern und modernsten Technologieanbietern gew\u00e4hrleistet AAM Nation einen reibungslosen \u00dcbergang in den kommerziellen Betrieb. Unser Fachwissen erstreckt sich \u00fcber:<\/span><\/p><p><span style=\"color: #000000;\">Ma\u00dfgeschneiderte Finanzl\u00f6sungen - Flexible Leasing-, strukturierte Finanzierungs- und Investitionsstrategien f\u00fcr AAM- und UAM-Betreiber.<\/span><br \/><br \/><span style=\"color: #000000;\">Operative Unterst\u00fctzung - Risikobewertung, Anleitung zur Einhaltung von Vorschriften und Leistungsoptimierung f\u00fcr nachhaltiges Unternehmenswachstum.<\/span><br \/><br \/><span style=\"color: #000000;\">Versicherung &amp; Risikomanagement - Umfassende Deckungsoptionen zum Schutz von Verm\u00f6genswerten, Betrieben und Interessengruppen.<\/span><br \/><br \/><span style=\"color: #000000;\">Technologie- und Infrastrukturberatung - Einblicke in die neuesten Innovationen und die Entwicklung der Infrastruktur, um Ihr Unternehmen zukunftssicher zu machen.<\/span><\/p><p><span style=\"color: #000000;\">AAM Nation hat sich zum Ziel gesetzt, die Zukunft der st\u00e4dtischen und regionalen Luftverkehrsmobilit\u00e4t voranzutreiben, indem wir die Kluft zwischen Innovation und wirtschaftlicher Tragf\u00e4higkeit \u00fcberbr\u00fccken. Unsere Branchenexpertise und unser strategisches Netzwerk machen uns zu einem zuverl\u00e4ssigen Partner f\u00fcr Unternehmen, die in der sich entwickelnden AAM-Landschaft erfolgreich sein wollen.<\/span><\/p><p><span style=\"color: #000000;\">Werden Sie noch heute Partner von AAM Nation und starten Sie in die Zukunft der Mobilit\u00e4t!<\/span><\/p>\t\t\t\t\t\t\t\t<\/div>\n\t\t\t\t<\/div>\n\t\t\t\t\t<\/div>\n\t\t\t\t<\/div>\n\t\t<div class=\"elementor-element elementor-element-4a2ed20 e-flex e-con-boxed e-con e-parent\" data-id=\"4a2ed20\" data-element_type=\"container\" data-e-type=\"container\">\n\t\t\t\t\t<div class=\"e-con-inner\">\n\t\t\t\t<div class=\"elementor-element elementor-element-4edbaad elementor-widget elementor-widget-text-editor\" data-id=\"4edbaad\" data-element_type=\"widget\" data-e-type=\"widget\" data-widget_type=\"text-editor.default\">\n\t\t\t\t<div class=\"elementor-widget-container\">\n\t\t\t\t\t\t\t\t\t<h4>Besuchen Sie unsere Finanzierungspartner<\/h4>\t\t\t\t\t\t\t\t<\/div>\n\t\t\t\t<\/div>\n\t\t\t\t\t<\/div>\n\t\t\t\t<\/div>\n\t\t<div class=\"elementor-element elementor-element-68d5f5d e-grid e-con-boxed e-con e-parent\" data-id=\"68d5f5d\" data-element_type=\"container\" data-e-type=\"container\">\n\t\t\t\t\t<div class=\"e-con-inner\">\n\t\t\t\t\t<\/div>\n\t\t\t\t<\/div>\n\t\t\t\t<\/div>","protected":false},"excerpt":{"rendered":"<p>AAM NationPremier Funding Partners For Tailored Funding SolutionsClick HereAAM NationPremier Funding Partners For Tailored Funding&#8230;<\/p>","protected":false},"author":165558846,"featured_media":0,"parent":0,"menu_order":0,"comment_status":"closed","ping_status":"closed","template":"","meta":{"_crdt_document":"","om_disable_all_campaigns":false,"_monsterinsights_skip_tracking":false,"_monsterinsights_sitenote_active":false,"_monsterinsights_sitenote_note":"","_monsterinsights_sitenote_category":0,"footnotes":""},"class_list":["post-1437","page","type-page","status-publish","hentry"],"aioseo_notices":[],"aioseo_head":"\n\t\t<!-- All in One SEO Pro 4.9.7.1 - aioseo.com -->\n\t<meta name=\"description\" content=\"AAM NationPremier Funding Partners For Tailored Funding SolutionsClick HereAAM NationPremier Funding Partners For Tailored Funding SolutionsClick HereAAM NationPremier Funding Partners For Tailored Funding SolutionsClick Here AAM Nation: Your Trusted Funding Partner in Advanced Air Mobility SolutionsBusiness-Focused OverviewAAM Nation funding partners are the premier provider of tailored Funding and operational solutions for businesses in the Advanced\" \/>\n\t<meta name=\"robots\" content=\"max-image-preview:large\" \/>\n\t<meta name=\"google-site-verification\" content=\"VhfKKFpAUd5BDOqNdL0E7pN1M5DYDEoFZZAnvKiTddM\" \/>\n\t<link rel=\"canonical\" href=\"https:\/\/aamnation.com\/de\/aam-uam-funding\/\" \/>\n\t<meta name=\"generator\" content=\"All in One SEO Pro (AIOSEO) 4.9.7.1\" \/>\n\t\t<meta property=\"og:locale\" content=\"de_DE\" \/>\n\t\t<meta property=\"og:site_name\" content=\"AAM Nation - Is Elevating The Worldwide AAM \/ UAM \/ UAS \/ UAV \/ Air Taxi eVTOL and Flying Car Industry Into The Future!\" \/>\n\t\t<meta property=\"og:type\" content=\"article\" \/>\n\t\t<meta property=\"og:title\" content=\"AAM &amp; UAM Funding - AAM Nation\" \/>\n\t\t<meta property=\"og:description\" content=\"AAM NationPremier Funding Partners For Tailored Funding SolutionsClick HereAAM NationPremier Funding Partners For Tailored Funding SolutionsClick HereAAM NationPremier Funding Partners For Tailored Funding SolutionsClick Here AAM Nation: Your Trusted Funding Partner in Advanced Air Mobility SolutionsBusiness-Focused OverviewAAM Nation funding partners are the premier provider of tailored Funding and operational solutions for businesses in the Advanced\" \/>\n\t\t<meta property=\"og:url\" content=\"https:\/\/aamnation.com\/de\/aam-uam-funding\/\" \/>\n\t\t<meta property=\"og:image\" content=\"https:\/\/aamnation.com\/wp-content\/uploads\/2025\/05\/AAM-Logo-2.png\" \/>\n\t\t<meta property=\"og:image:secure_url\" content=\"https:\/\/aamnation.com\/wp-content\/uploads\/2025\/05\/AAM-Logo-2.png\" \/>\n\t\t<meta property=\"og:image:width\" content=\"150\" \/>\n\t\t<meta property=\"og:image:height\" content=\"150\" \/>\n\t\t<meta property=\"article:published_time\" content=\"2025-03-12T01:17:35+00:00\" \/>\n\t\t<meta property=\"article:modified_time\" content=\"2025-03-27T02:12:15+00:00\" \/>\n\t\t<meta name=\"twitter:card\" content=\"summary_large_image\" \/>\n\t\t<meta name=\"twitter:title\" content=\"AAM &amp; UAM Funding - AAM Nation\" \/>\n\t\t<meta name=\"twitter:description\" content=\"AAM NationPremier Funding Partners For Tailored Funding SolutionsClick HereAAM NationPremier Funding Partners For Tailored Funding SolutionsClick HereAAM NationPremier Funding Partners For Tailored Funding SolutionsClick Here AAM Nation: Your Trusted Funding Partner in Advanced Air Mobility SolutionsBusiness-Focused OverviewAAM Nation funding partners are the premier provider of tailored Funding and operational solutions for businesses in the Advanced\" \/>\n\t\t<meta name=\"twitter:image\" content=\"https:\/\/aamnation.com\/wp-content\/uploads\/2025\/05\/AAM-Logo-2.png\" \/>\n\t\t<script type=\"application\/ld+json\" class=\"aioseo-schema\">\n\t\t\t{\"@context\":\"https:\\\/\\\/schema.org\",\"@graph\":[{\"@type\":\"BreadcrumbList\",\"@id\":\"https:\\\/\\\/aamnation.com\\\/de\\\/aam-uam-funding\\\/#breadcrumblist\",\"itemListElement\":[{\"@type\":\"ListItem\",\"@id\":\"https:\\\/\\\/aamnation.com\\\/de#listItem\",\"position\":1,\"name\":\"Home\",\"item\":\"https:\\\/\\\/aamnation.com\\\/de\",\"nextItem\":{\"@type\":\"ListItem\",\"@id\":\"https:\\\/\\\/aamnation.com\\\/de\\\/aam-uam-funding\\\/#listItem\",\"name\":\"AAM &#038; UAM Funding\"}},{\"@type\":\"ListItem\",\"@id\":\"https:\\\/\\\/aamnation.com\\\/de\\\/aam-uam-funding\\\/#listItem\",\"position\":2,\"name\":\"AAM &#038; UAM Funding\",\"previousItem\":{\"@type\":\"ListItem\",\"@id\":\"https:\\\/\\\/aamnation.com\\\/de#listItem\",\"name\":\"Home\"}}]},{\"@type\":\"Organization\",\"@id\":\"https:\\\/\\\/aamnation.com\\\/de\\\/#organization\",\"name\":\"AAM Nation AAM Nation\",\"description\":\"Is Elevating The Worldwide AAM \\\/ UAM \\\/ UAS \\\/ UAV \\\/ Air Taxi eVTOL and Flying Car Industry Into The Future! Elevating The Worldwide AAM \\\/ UAM \\\/ UAS \\\/ UAV Air Taxi eVTOL and Flying Car Industry Into The Future!\",\"url\":\"https:\\\/\\\/aamnation.com\\\/de\\\/\",\"email\":\"contact@aamnation.com\",\"telephone\":\"+19492268880\",\"logo\":{\"@type\":\"ImageObject\",\"url\":\"https:\\\/\\\/i0.wp.com\\\/aamnation.com\\\/wp-content\\\/uploads\\\/2025\\\/05\\\/AAM-Logo-2.png?fit=150%2C150&ssl=1\",\"@id\":\"https:\\\/\\\/aamnation.com\\\/de\\\/aam-uam-funding\\\/#organizationLogo\",\"width\":150,\"height\":150},\"image\":{\"@id\":\"https:\\\/\\\/aamnation.com\\\/de\\\/aam-uam-funding\\\/#organizationLogo\"}},{\"@type\":\"WebPage\",\"@id\":\"https:\\\/\\\/aamnation.com\\\/de\\\/aam-uam-funding\\\/#webpage\",\"url\":\"https:\\\/\\\/aamnation.com\\\/de\\\/aam-uam-funding\\\/\",\"name\":\"AAM & UAM Funding - AAM Nation\",\"description\":\"AAM NationPremier Funding Partners For Tailored Funding SolutionsClick HereAAM NationPremier Funding Partners For Tailored Funding SolutionsClick HereAAM NationPremier Funding Partners For Tailored Funding SolutionsClick Here AAM Nation: Your Trusted Funding Partner in Advanced Air Mobility SolutionsBusiness-Focused OverviewAAM Nation funding partners are the premier provider of tailored Funding and operational solutions for businesses in the Advanced\",\"inLanguage\":\"de-DE\",\"isPartOf\":{\"@id\":\"https:\\\/\\\/aamnation.com\\\/de\\\/#website\"},\"breadcrumb\":{\"@id\":\"https:\\\/\\\/aamnation.com\\\/de\\\/aam-uam-funding\\\/#breadcrumblist\"},\"datePublished\":\"2025-03-11T18:17:35-07:00\",\"dateModified\":\"2025-03-26T19:12:15-07:00\"},{\"@type\":\"WebSite\",\"@id\":\"https:\\\/\\\/aamnation.com\\\/de\\\/#website\",\"url\":\"https:\\\/\\\/aamnation.com\\\/de\\\/\",\"name\":\"AAM Nation\",\"description\":\"Is Elevating The Worldwide AAM \\\/ UAM \\\/ UAS \\\/ UAV \\\/ Air Taxi eVTOL and Flying Car Industry Into The Future!\",\"inLanguage\":\"de-DE\",\"publisher\":{\"@id\":\"https:\\\/\\\/aamnation.com\\\/de\\\/#organization\"}}]}\n\t\t<\/script>\n\t\t<!-- All in One SEO Pro -->\r\n\t\t<title>AAM &amp; UAM Funding - AAM Nation<\/title>\n\n","aioseo_head_json":{"title":"AAM &amp; UAM-Finanzierung - AAM Nation","description":"AAM NationPremier Funding Partners For Tailored Funding SolutionsClick HereAAM NationPremier Funding Partners For Tailored Funding SolutionsClick HereAAM NationPremier Funding Partners For Tailored Funding SolutionsClick Here AAM Nation: Your Trusted Funding Partner in Advanced Air Mobility SolutionsBusiness-Focused OverviewAAM Nation funding partners are the premier provider of tailored Funding and operational solutions for businesses in the Advanced","canonical_url":"https:\/\/aamnation.com\/de\/aam-uam-funding\/","robots":"max-image-preview:large","keywords":"","webmasterTools":{"google-site-verification":"VhfKKFpAUd5BDOqNdL0E7pN1M5DYDEoFZZAnvKiTddM","miscellaneous":""},"schema":{"@context":"https:\/\/schema.org","@graph":[{"@type":"BreadcrumbList","@id":"https:\/\/aamnation.com\/de\/aam-uam-funding\/#breadcrumblist","itemListElement":[{"@type":"ListItem","@id":"https:\/\/aamnation.com\/de#listItem","position":1,"name":"Home","item":"https:\/\/aamnation.com\/de","nextItem":{"@type":"ListItem","@id":"https:\/\/aamnation.com\/de\/aam-uam-funding\/#listItem","name":"AAM &#038; UAM Funding"}},{"@type":"ListItem","@id":"https:\/\/aamnation.com\/de\/aam-uam-funding\/#listItem","position":2,"name":"AAM &#038; UAM Funding","previousItem":{"@type":"ListItem","@id":"https:\/\/aamnation.com\/de#listItem","name":"Home"}}]},{"@type":"Organization","@id":"https:\/\/aamnation.com\/de\/#organization","name":"AAM Nation AAM Nation","description":"Is Elevating The Worldwide AAM \/ UAM \/ UAS \/ UAV \/ Air Taxi eVTOL and Flying Car Industry Into The Future! Elevating The Worldwide AAM \/ UAM \/ UAS \/ UAV Air Taxi eVTOL and Flying Car Industry Into The Future!","url":"https:\/\/aamnation.com\/de\/","email":"contact@aamnation.com","telephone":"+19492268880","logo":{"@type":"ImageObject","url":"https:\/\/i0.wp.com\/aamnation.com\/wp-content\/uploads\/2025\/05\/AAM-Logo-2.png?fit=150%2C150&ssl=1","@id":"https:\/\/aamnation.com\/de\/aam-uam-funding\/#organizationLogo","width":150,"height":150},"image":{"@id":"https:\/\/aamnation.com\/de\/aam-uam-funding\/#organizationLogo"}},{"@type":"WebPage","@id":"https:\/\/aamnation.com\/de\/aam-uam-funding\/#webpage","url":"https:\/\/aamnation.com\/de\/aam-uam-funding\/","name":"AAM & UAM Funding - AAM Nation","description":"AAM NationPremier Funding Partners For Tailored Funding SolutionsClick HereAAM NationPremier Funding Partners For Tailored Funding SolutionsClick HereAAM NationPremier Funding Partners For Tailored Funding SolutionsClick Here AAM Nation: Your Trusted Funding Partner in Advanced Air Mobility SolutionsBusiness-Focused OverviewAAM Nation funding partners are the premier provider of tailored Funding and operational solutions for businesses in the Advanced","inLanguage":"de-DE","isPartOf":{"@id":"https:\/\/aamnation.com\/de\/#website"},"breadcrumb":{"@id":"https:\/\/aamnation.com\/de\/aam-uam-funding\/#breadcrumblist"},"datePublished":"2025-03-11T18:17:35-07:00","dateModified":"2025-03-26T19:12:15-07:00"},{"@type":"WebSite","@id":"https:\/\/aamnation.com\/de\/#website","url":"https:\/\/aamnation.com\/de\/","name":"AAM Nation","description":"Is Elevating The Worldwide AAM \/ UAM \/ UAS \/ UAV \/ Air Taxi eVTOL and Flying Car Industry Into The Future!","inLanguage":"de-DE","publisher":{"@id":"https:\/\/aamnation.com\/de\/#organization"}}]},"og:locale":"de_DE","og:site_name":"AAM Nation - Is Elevating The Worldwide AAM \/ UAM \/ UAS \/ UAV \/ Air Taxi eVTOL and Flying Car Industry Into The Future!","og:type":"article","og:title":"AAM &amp; UAM Funding - AAM Nation","og:description":"AAM NationPremier Funding Partners For Tailored Funding SolutionsClick HereAAM NationPremier Funding Partners For Tailored Funding SolutionsClick HereAAM NationPremier Funding Partners For Tailored Funding SolutionsClick Here AAM Nation: Your Trusted Funding Partner in Advanced Air Mobility SolutionsBusiness-Focused OverviewAAM Nation funding partners are the premier provider of tailored Funding and operational solutions for businesses in the Advanced","og:url":"https:\/\/aamnation.com\/de\/aam-uam-funding\/","og:image":"https:\/\/aamnation.com\/wp-content\/uploads\/2025\/05\/AAM-Logo-2.png","og:image:secure_url":"https:\/\/aamnation.com\/wp-content\/uploads\/2025\/05\/AAM-Logo-2.png","og:image:width":150,"og:image:height":150,"article:published_time":"2025-03-12T01:17:35+00:00","article:modified_time":"2025-03-27T02:12:15+00:00","twitter:card":"summary_large_image","twitter:title":"AAM &amp; UAM Funding - AAM Nation","twitter:description":"AAM NationPremier Funding Partners For Tailored Funding SolutionsClick HereAAM NationPremier Funding Partners For Tailored Funding SolutionsClick HereAAM NationPremier Funding Partners For Tailored Funding SolutionsClick Here AAM Nation: Your Trusted Funding Partner in Advanced Air Mobility SolutionsBusiness-Focused OverviewAAM Nation funding partners are the premier provider of tailored Funding and operational solutions for businesses in the Advanced","twitter:image":"https:\/\/aamnation.com\/wp-content\/uploads\/2025\/05\/AAM-Logo-2.png"},"aioseo_meta_data":{"post_id":"1437","title":null,"description":null,"keywords":null,"keyphrases":null,"primary_term":null,"canonical_url":null,"og_title":null,"og_description":null,"og_object_type":"default","og_image_type":"default","og_image_url":null,"og_image_width":null,"og_image_height":null,"og_image_custom_url":null,"og_image_custom_fields":null,"og_video":null,"og_custom_url":null,"og_article_section":null,"og_article_tags":null,"twitter_use_og":false,"twitter_card":"default","twitter_image_type":"default","twitter_image_url":null,"twitter_image_custom_url":null,"twitter_image_custom_fields":null,"twitter_title":null,"twitter_description":null,"schema":{"blockGraphs":[],"customGraphs":[],"default":{"data":{"Article":[],"Course":[],"Dataset":[],"FAQPage":[],"Movie":[],"Person":[],"Product":[],"ProductReview":[],"Car":[],"Recipe":[],"Service":[],"SoftwareApplication":[],"WebPage":[]},"graphName":"","isEnabled":true},"graphs":[]},"schema_type":"default","schema_type_options":null,"pillar_content":false,"robots_default":true,"robots_noindex":false,"robots_noarchive":false,"robots_nosnippet":false,"robots_nofollow":false,"robots_noimageindex":false,"robots_noodp":false,"robots_notranslate":false,"robots_max_snippet":null,"robots_max_videopreview":null,"robots_max_imagepreview":"large","priority":null,"frequency":null,"local_seo":null,"seo_analyzer_scan_date":"2026-05-12 22:38:10","breadcrumb_settings":null,"limit_modified_date":false,"reviewed_by":null,"open_ai":null,"ai":null,"created":"2025-09-12 02:31:23","updated":"2026-05-12 22:38:10"},"aioseo_breadcrumb":"<div class=\"aioseo-breadcrumbs\"><span class=\"aioseo-breadcrumb\">\n\t<a href=\"https:\/\/aamnation.com\/de\" title=\"Home\">Home<\/a>\n<\/span><span class=\"aioseo-breadcrumb-separator\">&raquo;<\/span><span class=\"aioseo-breadcrumb\">\n\tAAM &amp; UAM Funding\n<\/span><\/div>","aioseo_breadcrumb_json":[{"label":"Home","link":"https:\/\/aamnation.com\/de"},{"label":"AAM &#038; UAM Funding","link":"https:\/\/aamnation.com\/de\/aam-uam-funding\/"}],"jetpack_likes_enabled":true,"jetpack_sharing_enabled":true,"jetpack_shortlink":"https:\/\/wp.me\/Pgg37f-nb","jetpack-related-posts":[],"_links":{"self":[{"href":"https:\/\/aamnation.com\/de\/wp-json\/wp\/v2\/pages\/1437","targetHints":{"allow":["GET"]}}],"collection":[{"href":"https:\/\/aamnation.com\/de\/wp-json\/wp\/v2\/pages"}],"about":[{"href":"https:\/\/aamnation.com\/de\/wp-json\/wp\/v2\/types\/page"}],"author":[{"embeddable":true,"href":"https:\/\/aamnation.com\/de\/wp-json\/wp\/v2\/users\/165558846"}],"replies":[{"embeddable":true,"href":"https:\/\/aamnation.com\/de\/wp-json\/wp\/v2\/comments?post=1437"}],"version-history":[{"count":16,"href":"https:\/\/aamnation.com\/de\/wp-json\/wp\/v2\/pages\/1437\/revisions"}],"predecessor-version":[{"id":1922,"href":"https:\/\/aamnation.com\/de\/wp-json\/wp\/v2\/pages\/1437\/revisions\/1922"}],"wp:attachment":[{"href":"https:\/\/aamnation.com\/de\/wp-json\/wp\/v2\/media?parent=1437"}],"curies":[{"name":"wp","href":"https:\/\/api.w.org\/{rel}","templated":true}]}}