{"id":1400,"date":"2025-03-09T19:17:44","date_gmt":"2025-03-10T02:17:44","guid":{"rendered":"https:\/\/aamnation.com\/?page_id=1400"},"modified":"2025-03-26T19:16:32","modified_gmt":"2025-03-27T02:16:32","slug":"aam-uam-versicherung","status":"publish","type":"page","link":"https:\/\/aamnation.com\/de\/aam-uam-insurance\/","title":{"rendered":"AAM &amp; UAM Versicherung"},"content":{"rendered":"<div data-elementor-type=\"wp-page\" data-elementor-id=\"1400\" class=\"elementor elementor-1400\" data-elementor-post-type=\"page\">\n\t\t\t\t<div class=\"elementor-element elementor-element-67c815a e-flex e-con-boxed e-con e-parent\" data-id=\"67c815a\" data-element_type=\"container\" data-e-type=\"container\">\n\t\t\t\t\t<div class=\"e-con-inner\">\n\t\t\t\t<div class=\"elementor-element elementor-element-68c7cc3 elementor-widget elementor-widget-video\" data-id=\"68c7cc3\" data-element_type=\"widget\" data-e-type=\"widget\" data-settings=\"{&quot;youtube_url&quot;:&quot;https:\\\/\\\/youtu.be\\\/rsJ49mLBJ1s?si=N9c7upAIiPDP9qcx&quot;,&quot;video_type&quot;:&quot;youtube&quot;,&quot;controls&quot;:&quot;yes&quot;}\" data-widget_type=\"video.default\">\n\t\t\t\t<div class=\"elementor-widget-container\">\n\t\t\t\t\t\t\t<div class=\"elementor-wrapper elementor-open-inline\">\n\t\t\t<div class=\"elementor-video\"><\/div>\t\t<\/div>\n\t\t\t\t\t\t<\/div>\n\t\t\t\t<\/div>\n\t\t\t\t\t<\/div>\n\t\t\t\t<\/div>\n\t\t<div class=\"elementor-element elementor-element-3b3fbce e-flex e-con-boxed e-con e-parent\" data-id=\"3b3fbce\" data-element_type=\"container\" data-e-type=\"container\">\n\t\t\t\t\t<div class=\"e-con-inner\">\n\t\t\t\t<div class=\"elementor-element elementor-element-4807f4f elementor--h-position-center elementor--v-position-middle elementor-arrows-position-inside elementor-pagination-position-inside elementor-widget elementor-widget-slides\" data-id=\"4807f4f\" data-element_type=\"widget\" data-e-type=\"widget\" data-settings=\"{&quot;transition&quot;:&quot;fade&quot;,&quot;navigation&quot;:&quot;both&quot;,&quot;autoplay&quot;:&quot;yes&quot;,&quot;pause_on_hover&quot;:&quot;yes&quot;,&quot;pause_on_interaction&quot;:&quot;yes&quot;,&quot;autoplay_speed&quot;:5000,&quot;transition_speed&quot;:500}\" data-widget_type=\"slides.default\">\n\t\t\t\t<div class=\"elementor-widget-container\">\n\t\t\t\t\t\t\t\t\t<div class=\"elementor-swiper\">\n\t\t\t\t\t<div class=\"elementor-slides-wrapper elementor-main-swiper swiper\" role=\"region\" aria-roledescription=\"carousel\" aria-label=\"Folien\" dir=\"ltr\" data-animation=\"zoomIn\">\n\t\t\t\t<div class=\"swiper-wrapper elementor-slides\">\n\t\t\t\t\t\t\t\t\t\t<div class=\"elementor-repeater-item-892845f swiper-slide\" role=\"group\" aria-roledescription=\"slide\"><div class=\"swiper-slide-bg\" role=\"img\" aria-label=\"AAM Nation Logo\"><\/div><div class=\"swiper-slide-inner\" ><div class=\"swiper-slide-contents\"><div class=\"elementor-slide-heading\">AAM Nation Versicherungsl\u00f6sungen<\/div><div class=\"elementor-slide-description\">eVTOL &amp; Hybrid Aircraft Coverage - Umfassender Schutz gegen Sch\u00e4den, Haftpflicht- und Betriebsrisiken.<\/div><div  class=\"elementor-button elementor-slide-button elementor-size-sm\">Hier klicken<\/div><\/div><\/div><\/div><div class=\"elementor-repeater-item-a41d60c swiper-slide\" role=\"group\" aria-roledescription=\"slide\"><div class=\"swiper-slide-bg\"><\/div><div class=\"swiper-slide-inner\" ><div class=\"swiper-slide-contents\"><div class=\"elementor-slide-heading\">AAM Nation Versicherungsl\u00f6sungen<\/div><div class=\"elementor-slide-description\">Vertiport &amp; Infrastrukturversicherung - Versicherungsschutz f\u00fcr Landepl\u00e4tze, Ladestationen und Bodenbetrieb.<\/div><div  class=\"elementor-button elementor-slide-button elementor-size-sm\">Hier klicken<\/div><\/div><\/div><\/div><div class=\"elementor-repeater-item-d46cf9f swiper-slide\" role=\"group\" aria-roledescription=\"slide\"><div class=\"swiper-slide-bg\"><\/div><div class=\"swiper-slide-inner\" ><div class=\"swiper-slide-contents\"><div class=\"elementor-slide-heading\">AAM Nation Versicherungsl\u00f6sungen<\/div><div class=\"elementor-slide-description\">Flotten- und Pilotenhaftpflichtversicherung - Risikominderung f\u00fcr Betreiber, Piloten und Ausbildungsprogramme.<\/div><div  class=\"elementor-button elementor-slide-button elementor-size-sm\">Hier klicken<\/div><\/div><\/div><\/div>\t\t\t\t<\/div>\n\t\t\t\t\t\t\t\t\t\t\t\t\t\t\t<div class=\"elementor-swiper-button elementor-swiper-button-prev\" role=\"button\" tabindex=\"0\" aria-label=\"Vorheriges Dia\">\n\t\t\t\t\t\t\t<svg aria-hidden=\"true\" class=\"e-font-icon-svg e-eicon-chevron-left\" viewbox=\"0 0 1000 1000\" xmlns=\"http:\/\/www.w3.org\/2000\/svg\"><path d=\"M646 125C629 125 613 133 604 142L308 442C296 454 292 471 292 487 292 504 296 521 308 533L604 854C617 867 629 875 646 875 663 875 679 871 692 858 704 846 713 829 713 812 713 796 708 779 692 767L438 487 692 225C700 217 708 204 708 187 708 171 704 154 692 142 675 129 663 125 646 125Z\"><\/path><\/svg>\t\t\t\t\t\t<\/div>\n\t\t\t\t\t\t<div class=\"elementor-swiper-button elementor-swiper-button-next\" role=\"button\" tabindex=\"0\" aria-label=\"N\u00e4chste Folie\">\n\t\t\t\t\t\t\t<svg aria-hidden=\"true\" class=\"e-font-icon-svg e-eicon-chevron-right\" viewbox=\"0 0 1000 1000\" xmlns=\"http:\/\/www.w3.org\/2000\/svg\"><path d=\"M696 533C708 521 713 504 713 487 713 471 708 454 696 446L400 146C388 133 375 125 354 125 338 125 325 129 313 142 300 154 292 171 292 187 292 204 296 221 308 233L563 492 304 771C292 783 288 800 288 817 288 833 296 850 308 863 321 871 338 875 354 875 371 875 388 867 400 854L696 533Z\"><\/path><\/svg>\t\t\t\t\t\t<\/div>\n\t\t\t\t\t\t\t\t\t\t\t\t\t\t\t\t<div class=\"swiper-pagination\"><\/div>\n\t\t\t\t\t\t\t\t\t\t\t\t<\/div>\n\t\t\t\t<\/div>\n\t\t\t\t\t\t\t\t<\/div>\n\t\t\t\t<\/div>\n\t\t\t\t\t<\/div>\n\t\t\t\t<\/div>\n\t\t<div class=\"elementor-element elementor-element-6d6fbfd e-flex e-con-boxed e-con e-parent\" data-id=\"6d6fbfd\" data-element_type=\"container\" data-e-type=\"container\">\n\t\t\t\t\t<div class=\"e-con-inner\">\n\t\t\t\t<div class=\"elementor-element elementor-element-11fb4e5 elementor-widget elementor-widget-text-editor\" data-id=\"11fb4e5\" data-element_type=\"widget\" data-e-type=\"widget\" data-widget_type=\"text-editor.default\">\n\t\t\t\t<div class=\"elementor-widget-container\">\n\t\t\t\t\t\t\t\t\t<h4>AAM Nation Versicherungsl\u00f6sungen<\/h4><p><em><br \/><span style=\"color: #000000;\">Ma\u00dfgeschneidertes Risikomanagement f\u00fcr fortschrittliche Luftmobilit\u00e4t und urbane Luftmobilit\u00e4t<\/span><\/em><\/p><p><strong><span style=\"color: #000000;\">Umfassende Deckung f\u00fcr die Zukunft der Luftfahrt<\/span><\/strong><\/p><p><span style=\"color: #000000;\">Da sich die AAM- und UAM-Branche weiterentwickelt, sind herk\u00f6mmliche Luftfahrtversicherungen nicht mehr in der Lage, ihre einzigartigen Risiken abzudecken. AAM Nation bietet in Zusammenarbeit mit f\u00fchrenden Versicherungsanbietern ma\u00dfgeschneiderte Versicherungsl\u00f6sungen an, um die n\u00e4chste Generation des Luftverkehrs zu sch\u00fctzen.<\/span><\/p><p><span style=\"color: #000000;\">Unser Fachwissen stellt sicher, dass Flugzeughersteller, Flottenbetreiber, Infrastrukturentwickler und Dienstleistungsanbieter \u00fcber den notwendigen Risikoschutz verf\u00fcgen, um ihren Betrieb mit Zuversicht auszuweiten.<\/span><\/p><p><br \/><strong><span style=\"color: #000000;\">Spezialisierte Versicherungsl\u00f6sungen<\/span><\/strong><\/p><ul><li><span style=\"color: #000000;\">eVTOL &amp; Hybrid Aircraft Coverage - Umfassender Schutz gegen Sch\u00e4den, Haftpflicht- und Betriebsrisiken.<\/span><\/li><li><span style=\"color: #000000;\">Vertiport &amp; Infrastrukturversicherung - Versicherungsschutz f\u00fcr Landepl\u00e4tze, Ladestationen und Bodenbetrieb.<\/span><\/li><li><span style=\"color: #000000;\">Cybersicherheit und Schutz vor digitalen Risiken - Schutz von Flugautomatisierung, Navigationssystemen und Datennetzen.<\/span><\/li><li><span style=\"color: #000000;\">Nutzungsbasierter und skalierbarer Versicherungsschutz - Dynamische Versicherungsmodelle, die sich an die Flugstunden, die Nutzlast und die Betriebsbedingungen anpassen.<\/span><\/li><li><span style=\"color: #000000;\">Flotten- und Pilotenhaftpflichtversicherung - Risikominderung f\u00fcr Betreiber, Piloten und Ausbildungsprogramme.<\/span><\/li><\/ul><p><strong><span style=\"color: #000000;\">Warum eine Partnerschaft mit AAM Nation Insurance Partners?<\/span><\/strong><\/p><ul><li><span style=\"color: #000000;\">Branchenspezifisches Fachwissen - Ausschlie\u00dflich f\u00fcr den AAM- und UAM-Sektor entwickelt.<\/span><\/li><li><span style=\"color: #000000;\">Sicherstellung der Einhaltung gesetzlicher Vorschriften - Abdeckungsl\u00f6sungen, die auf die sich entwickelnden globalen Luftfahrtvorschriften abgestimmt sind.<\/span><\/li><li><span style=\"color: #000000;\">Technologiegest\u00fctzte Risikobewertung - KI-gest\u00fctztes Underwriting f\u00fcr pr\u00e4zise Risikobewertung und Pr\u00e4mienoptimierung.<\/span><\/li><li><span style=\"color: #000000;\">Nahtlose Schadenbearbeitung - Schnelle, transparente und datengest\u00fctzte Unterst\u00fctzung bei der Schadenbearbeitung.<\/span><\/li><\/ul><p><strong><span style=\"color: #000000;\">Sichern Sie die Zukunft Ihres Unternehmens<\/span><\/strong><\/p><p><span style=\"color: #000000;\">Ob Sie ein Flugzeug-OEM, ein Flottenbetreiber oder ein Infrastrukturanbieter sind, AAM Nation Insurance Solutions bietet Ihnen den Schutz und die Anpassungsf\u00e4higkeit, die Ihr Unternehmen braucht, um in dieser sich schnell entwickelnden Branche erfolgreich zu sein.<\/span><\/p><p><br \/><strong><span style=\"color: #000000;\">Kontaktieren Sie uns heute<\/span><\/strong><\/p><p><span style=\"color: #000000;\">Lassen Sie sich von unseren Versicherungspartnern beraten, wie sie Ihnen eine Versicherungsl\u00f6sung anbieten k\u00f6nnen, die Ihren individuellen betrieblichen Anforderungen entspricht.<\/span><\/p><p>\u00a0<\/p><p><strong><span style=\"color: #000000;\">Konsultation anfordern<br \/><\/span><\/strong><span style=\"color: #000000;\">Kontaktieren Sie uns unter contact@aamnation.com<\/span><\/p><p><span style=\"color: #000000;\">\u00a9 2025 AAM Nation. Alle Rechte vorbehalten.<\/span><\/p><p>\u00a0<\/p>\t\t\t\t\t\t\t\t<\/div>\n\t\t\t\t<\/div>\n\t\t\t\t\t<\/div>\n\t\t\t\t<\/div>\n\t\t\t\t<\/div>","protected":false},"excerpt":{"rendered":"<p>AAM Nation Insurance SolutionseVTOL &#038; Hybrid Aircraft Coverage \u2013 Comprehensive protection against damage, liability, and&#8230;<\/p>","protected":false},"author":165558846,"featured_media":0,"parent":0,"menu_order":0,"comment_status":"closed","ping_status":"closed","template":"","meta":{"_crdt_document":"","om_disable_all_campaigns":false,"_monsterinsights_skip_tracking":false,"_monsterinsights_sitenote_active":false,"_monsterinsights_sitenote_note":"","_monsterinsights_sitenote_category":0,"footnotes":""},"class_list":["post-1400","page","type-page","status-publish","hentry"],"aioseo_notices":[],"aioseo_head":"\n\t\t<!-- All in One SEO Pro 4.9.7.1 - aioseo.com -->\n\t<meta name=\"description\" content=\"AAM Nation Insurance SolutionseVTOL &amp; Hybrid Aircraft Coverage \u2013 Comprehensive protection against damage, liability, and operational risks.Click HereAAM Nation Insurance SolutionsVertiport &amp; Infrastructure Insurance \u2013 Coverage for landing hubs, charging stations, and ground operations.Click HereAAM Nation Insurance SolutionsFleet &amp; Pilot Liability Insurance \u2013 Risk mitigation for operators, pilots, and training programs.Click Here AAM Nation Insurance\" \/>\n\t<meta name=\"robots\" content=\"max-image-preview:large\" \/>\n\t<meta name=\"google-site-verification\" content=\"VhfKKFpAUd5BDOqNdL0E7pN1M5DYDEoFZZAnvKiTddM\" \/>\n\t<link rel=\"canonical\" href=\"https:\/\/aamnation.com\/de\/aam-uam-insurance\/\" \/>\n\t<meta name=\"generator\" content=\"All in One SEO Pro (AIOSEO) 4.9.7.1\" \/>\n\t\t<meta property=\"og:locale\" content=\"de_DE\" \/>\n\t\t<meta property=\"og:site_name\" content=\"AAM Nation - Is Elevating The Worldwide AAM \/ UAM \/ UAS \/ UAV \/ Air Taxi eVTOL and Flying Car Industry Into The Future!\" \/>\n\t\t<meta property=\"og:type\" content=\"article\" \/>\n\t\t<meta property=\"og:title\" content=\"AAM &amp; UAM Insurance - AAM Nation\" \/>\n\t\t<meta property=\"og:description\" content=\"AAM Nation Insurance SolutionseVTOL &amp; Hybrid Aircraft Coverage \u2013 Comprehensive protection against damage, liability, and operational risks.Click HereAAM Nation Insurance SolutionsVertiport &amp; Infrastructure Insurance \u2013 Coverage for landing hubs, charging stations, and ground operations.Click HereAAM Nation Insurance SolutionsFleet &amp; Pilot Liability Insurance \u2013 Risk mitigation for operators, pilots, and training programs.Click Here AAM Nation Insurance\" \/>\n\t\t<meta property=\"og:url\" content=\"https:\/\/aamnation.com\/de\/aam-uam-insurance\/\" \/>\n\t\t<meta property=\"og:image\" content=\"https:\/\/aamnation.com\/wp-content\/uploads\/2025\/05\/AAM-Logo-2.png\" \/>\n\t\t<meta property=\"og:image:secure_url\" content=\"https:\/\/aamnation.com\/wp-content\/uploads\/2025\/05\/AAM-Logo-2.png\" \/>\n\t\t<meta property=\"og:image:width\" content=\"150\" \/>\n\t\t<meta property=\"og:image:height\" content=\"150\" \/>\n\t\t<meta property=\"article:published_time\" content=\"2025-03-10T02:17:44+00:00\" \/>\n\t\t<meta property=\"article:modified_time\" content=\"2025-03-27T02:16:32+00:00\" \/>\n\t\t<meta name=\"twitter:card\" content=\"summary_large_image\" \/>\n\t\t<meta name=\"twitter:title\" content=\"AAM &amp; UAM Insurance - AAM Nation\" \/>\n\t\t<meta name=\"twitter:description\" content=\"AAM Nation Insurance SolutionseVTOL &amp; Hybrid Aircraft Coverage \u2013 Comprehensive protection against damage, liability, and operational risks.Click HereAAM Nation Insurance SolutionsVertiport &amp; Infrastructure Insurance \u2013 Coverage for landing hubs, charging stations, and ground operations.Click HereAAM Nation Insurance SolutionsFleet &amp; Pilot Liability Insurance \u2013 Risk mitigation for operators, pilots, and training programs.Click Here AAM Nation Insurance\" \/>\n\t\t<meta name=\"twitter:image\" content=\"https:\/\/aamnation.com\/wp-content\/uploads\/2025\/05\/AAM-Logo-2.png\" \/>\n\t\t<script type=\"application\/ld+json\" class=\"aioseo-schema\">\n\t\t\t{\"@context\":\"https:\\\/\\\/schema.org\",\"@graph\":[{\"@type\":\"BreadcrumbList\",\"@id\":\"https:\\\/\\\/aamnation.com\\\/de\\\/aam-uam-insurance\\\/#breadcrumblist\",\"itemListElement\":[{\"@type\":\"ListItem\",\"@id\":\"https:\\\/\\\/aamnation.com\\\/de#listItem\",\"position\":1,\"name\":\"Home\",\"item\":\"https:\\\/\\\/aamnation.com\\\/de\",\"nextItem\":{\"@type\":\"ListItem\",\"@id\":\"https:\\\/\\\/aamnation.com\\\/de\\\/aam-uam-insurance\\\/#listItem\",\"name\":\"AAM &#038; UAM Insurance\"}},{\"@type\":\"ListItem\",\"@id\":\"https:\\\/\\\/aamnation.com\\\/de\\\/aam-uam-insurance\\\/#listItem\",\"position\":2,\"name\":\"AAM &#038; UAM Insurance\",\"previousItem\":{\"@type\":\"ListItem\",\"@id\":\"https:\\\/\\\/aamnation.com\\\/de#listItem\",\"name\":\"Home\"}}]},{\"@type\":\"Organization\",\"@id\":\"https:\\\/\\\/aamnation.com\\\/de\\\/#organization\",\"name\":\"AAM Nation AAM Nation\",\"description\":\"Is Elevating The Worldwide AAM \\\/ UAM \\\/ UAS \\\/ UAV \\\/ Air Taxi eVTOL and Flying Car Industry Into The Future! Elevating The Worldwide AAM \\\/ UAM \\\/ UAS \\\/ UAV Air Taxi eVTOL and Flying Car Industry Into The Future!\",\"url\":\"https:\\\/\\\/aamnation.com\\\/de\\\/\",\"email\":\"contact@aamnation.com\",\"telephone\":\"+19492268880\",\"logo\":{\"@type\":\"ImageObject\",\"url\":\"https:\\\/\\\/i0.wp.com\\\/aamnation.com\\\/wp-content\\\/uploads\\\/2025\\\/05\\\/AAM-Logo-2.png?fit=150%2C150&ssl=1\",\"@id\":\"https:\\\/\\\/aamnation.com\\\/de\\\/aam-uam-insurance\\\/#organizationLogo\",\"width\":150,\"height\":150},\"image\":{\"@id\":\"https:\\\/\\\/aamnation.com\\\/de\\\/aam-uam-insurance\\\/#organizationLogo\"}},{\"@type\":\"WebPage\",\"@id\":\"https:\\\/\\\/aamnation.com\\\/de\\\/aam-uam-insurance\\\/#webpage\",\"url\":\"https:\\\/\\\/aamnation.com\\\/de\\\/aam-uam-insurance\\\/\",\"name\":\"AAM & UAM Insurance - AAM Nation\",\"description\":\"AAM Nation Insurance SolutionseVTOL & Hybrid Aircraft Coverage \\u2013 Comprehensive protection against damage, liability, and operational risks.Click HereAAM Nation Insurance SolutionsVertiport & Infrastructure Insurance \\u2013 Coverage for landing hubs, charging stations, and ground operations.Click HereAAM Nation Insurance SolutionsFleet & Pilot Liability Insurance \\u2013 Risk mitigation for operators, pilots, and training programs.Click Here AAM Nation Insurance\",\"inLanguage\":\"de-DE\",\"isPartOf\":{\"@id\":\"https:\\\/\\\/aamnation.com\\\/de\\\/#website\"},\"breadcrumb\":{\"@id\":\"https:\\\/\\\/aamnation.com\\\/de\\\/aam-uam-insurance\\\/#breadcrumblist\"},\"datePublished\":\"2025-03-09T19:17:44-07:00\",\"dateModified\":\"2025-03-26T19:16:32-07:00\"},{\"@type\":\"WebSite\",\"@id\":\"https:\\\/\\\/aamnation.com\\\/de\\\/#website\",\"url\":\"https:\\\/\\\/aamnation.com\\\/de\\\/\",\"name\":\"AAM Nation\",\"description\":\"Is Elevating The Worldwide AAM \\\/ UAM \\\/ UAS \\\/ UAV \\\/ Air Taxi eVTOL and Flying Car Industry Into The Future!\",\"inLanguage\":\"de-DE\",\"publisher\":{\"@id\":\"https:\\\/\\\/aamnation.com\\\/de\\\/#organization\"}}]}\n\t\t<\/script>\n\t\t<!-- All in One SEO Pro -->\r\n\t\t<title>AAM &amp; UAM Insurance - AAM Nation<\/title>\n\n","aioseo_head_json":{"title":"AAM & UAM Insurance - AAM Nation","description":"AAM Nation Insurance SolutionseVTOL & Hybrid Aircraft Coverage \u2013 Comprehensive protection against damage, liability, and operational risks.Click HereAAM Nation Insurance SolutionsVertiport & Infrastructure Insurance \u2013 Coverage for landing hubs, charging stations, and ground operations.Click HereAAM Nation Insurance SolutionsFleet & Pilot Liability Insurance \u2013 Risk mitigation for operators, pilots, and training programs.Click Here AAM Nation Insurance","canonical_url":"https:\/\/aamnation.com\/de\/aam-uam-insurance\/","robots":"max-image-preview:large","keywords":"","webmasterTools":{"google-site-verification":"VhfKKFpAUd5BDOqNdL0E7pN1M5DYDEoFZZAnvKiTddM","miscellaneous":""},"schema":{"@context":"https:\/\/schema.org","@graph":[{"@type":"BreadcrumbList","@id":"https:\/\/aamnation.com\/de\/aam-uam-insurance\/#breadcrumblist","itemListElement":[{"@type":"ListItem","@id":"https:\/\/aamnation.com\/de#listItem","position":1,"name":"Home","item":"https:\/\/aamnation.com\/de","nextItem":{"@type":"ListItem","@id":"https:\/\/aamnation.com\/de\/aam-uam-insurance\/#listItem","name":"AAM &#038; UAM Insurance"}},{"@type":"ListItem","@id":"https:\/\/aamnation.com\/de\/aam-uam-insurance\/#listItem","position":2,"name":"AAM &#038; UAM Insurance","previousItem":{"@type":"ListItem","@id":"https:\/\/aamnation.com\/de#listItem","name":"Home"}}]},{"@type":"Organization","@id":"https:\/\/aamnation.com\/de\/#organization","name":"AAM Nation AAM Nation","description":"Is Elevating The Worldwide AAM \/ UAM \/ UAS \/ UAV \/ Air Taxi eVTOL and Flying Car Industry Into The Future! Elevating The Worldwide AAM \/ UAM \/ UAS \/ UAV Air Taxi eVTOL and Flying Car Industry Into The Future!","url":"https:\/\/aamnation.com\/de\/","email":"contact@aamnation.com","telephone":"+19492268880","logo":{"@type":"ImageObject","url":"https:\/\/i0.wp.com\/aamnation.com\/wp-content\/uploads\/2025\/05\/AAM-Logo-2.png?fit=150%2C150&ssl=1","@id":"https:\/\/aamnation.com\/de\/aam-uam-insurance\/#organizationLogo","width":150,"height":150},"image":{"@id":"https:\/\/aamnation.com\/de\/aam-uam-insurance\/#organizationLogo"}},{"@type":"WebPage","@id":"https:\/\/aamnation.com\/de\/aam-uam-insurance\/#webpage","url":"https:\/\/aamnation.com\/de\/aam-uam-insurance\/","name":"AAM & UAM Insurance - AAM Nation","description":"AAM Nation Insurance SolutionseVTOL & Hybrid Aircraft Coverage \u2013 Comprehensive protection against damage, liability, and operational risks.Click HereAAM Nation Insurance SolutionsVertiport & Infrastructure Insurance \u2013 Coverage for landing hubs, charging stations, and ground operations.Click HereAAM Nation Insurance SolutionsFleet & Pilot Liability Insurance \u2013 Risk mitigation for operators, pilots, and training programs.Click Here AAM Nation Insurance","inLanguage":"de-DE","isPartOf":{"@id":"https:\/\/aamnation.com\/de\/#website"},"breadcrumb":{"@id":"https:\/\/aamnation.com\/de\/aam-uam-insurance\/#breadcrumblist"},"datePublished":"2025-03-09T19:17:44-07:00","dateModified":"2025-03-26T19:16:32-07:00"},{"@type":"WebSite","@id":"https:\/\/aamnation.com\/de\/#website","url":"https:\/\/aamnation.com\/de\/","name":"AAM Nation","description":"Is Elevating The Worldwide AAM \/ UAM \/ UAS \/ UAV \/ Air Taxi eVTOL and Flying Car Industry Into The Future!","inLanguage":"de-DE","publisher":{"@id":"https:\/\/aamnation.com\/de\/#organization"}}]},"og:locale":"de_DE","og:site_name":"AAM Nation - Is Elevating The Worldwide AAM \/ UAM \/ UAS \/ UAV \/ Air Taxi eVTOL and Flying Car Industry Into The Future!","og:type":"article","og:title":"AAM &amp; UAM Insurance - AAM Nation","og:description":"AAM Nation Insurance SolutionseVTOL &amp; Hybrid Aircraft Coverage \u2013 Comprehensive protection against damage, liability, and operational risks.Click HereAAM Nation Insurance SolutionsVertiport &amp; Infrastructure Insurance \u2013 Coverage for landing hubs, charging stations, and ground operations.Click HereAAM Nation Insurance SolutionsFleet &amp; Pilot Liability Insurance \u2013 Risk mitigation for operators, pilots, and training programs.Click Here AAM Nation Insurance","og:url":"https:\/\/aamnation.com\/de\/aam-uam-insurance\/","og:image":"https:\/\/aamnation.com\/wp-content\/uploads\/2025\/05\/AAM-Logo-2.png","og:image:secure_url":"https:\/\/aamnation.com\/wp-content\/uploads\/2025\/05\/AAM-Logo-2.png","og:image:width":150,"og:image:height":150,"article:published_time":"2025-03-10T02:17:44+00:00","article:modified_time":"2025-03-27T02:16:32+00:00","twitter:card":"summary_large_image","twitter:title":"AAM &amp; UAM Insurance - AAM Nation","twitter:description":"AAM Nation Insurance SolutionseVTOL &amp; Hybrid Aircraft Coverage \u2013 Comprehensive protection against damage, liability, and operational risks.Click HereAAM Nation Insurance SolutionsVertiport &amp; Infrastructure Insurance \u2013 Coverage for landing hubs, charging stations, and ground operations.Click HereAAM Nation Insurance SolutionsFleet &amp; Pilot Liability Insurance \u2013 Risk mitigation for operators, pilots, and training programs.Click Here AAM Nation Insurance","twitter:image":"https:\/\/aamnation.com\/wp-content\/uploads\/2025\/05\/AAM-Logo-2.png"},"aioseo_meta_data":{"post_id":"1400","title":null,"description":null,"keywords":null,"keyphrases":null,"primary_term":null,"canonical_url":null,"og_title":null,"og_description":null,"og_object_type":"default","og_image_type":"default","og_image_url":null,"og_image_width":null,"og_image_height":null,"og_image_custom_url":null,"og_image_custom_fields":null,"og_video":null,"og_custom_url":null,"og_article_section":null,"og_article_tags":null,"twitter_use_og":false,"twitter_card":"default","twitter_image_type":"default","twitter_image_url":null,"twitter_image_custom_url":null,"twitter_image_custom_fields":null,"twitter_title":null,"twitter_description":null,"schema":{"blockGraphs":[],"customGraphs":[],"default":{"data":{"Article":[],"Course":[],"Dataset":[],"FAQPage":[],"Movie":[],"Person":[],"Product":[],"ProductReview":[],"Car":[],"Recipe":[],"Service":[],"SoftwareApplication":[],"WebPage":[]},"graphName":"","isEnabled":true},"graphs":[]},"schema_type":"default","schema_type_options":null,"pillar_content":false,"robots_default":true,"robots_noindex":false,"robots_noarchive":false,"robots_nosnippet":false,"robots_nofollow":false,"robots_noimageindex":false,"robots_noodp":false,"robots_notranslate":false,"robots_max_snippet":null,"robots_max_videopreview":null,"robots_max_imagepreview":"large","priority":null,"frequency":null,"local_seo":null,"seo_analyzer_scan_date":"2026-05-12 22:38:10","breadcrumb_settings":null,"limit_modified_date":false,"reviewed_by":null,"open_ai":null,"ai":null,"created":"2025-09-12 02:31:23","updated":"2026-05-12 22:38:10"},"aioseo_breadcrumb":"<div class=\"aioseo-breadcrumbs\"><span class=\"aioseo-breadcrumb\">\n\t<a href=\"https:\/\/aamnation.com\/de\" title=\"Home\">Home<\/a>\n<\/span><span class=\"aioseo-breadcrumb-separator\">&raquo;<\/span><span class=\"aioseo-breadcrumb\">\n\tAAM &amp; UAM Insurance\n<\/span><\/div>","aioseo_breadcrumb_json":[{"label":"Home","link":"https:\/\/aamnation.com\/de"},{"label":"AAM &#038; UAM Insurance","link":"https:\/\/aamnation.com\/de\/aam-uam-insurance\/"}],"jetpack_likes_enabled":true,"jetpack_sharing_enabled":true,"jetpack_shortlink":"https:\/\/wp.me\/Pgg37f-mA","jetpack-related-posts":[],"_links":{"self":[{"href":"https:\/\/aamnation.com\/de\/wp-json\/wp\/v2\/pages\/1400","targetHints":{"allow":["GET"]}}],"collection":[{"href":"https:\/\/aamnation.com\/de\/wp-json\/wp\/v2\/pages"}],"about":[{"href":"https:\/\/aamnation.com\/de\/wp-json\/wp\/v2\/types\/page"}],"author":[{"embeddable":true,"href":"https:\/\/aamnation.com\/de\/wp-json\/wp\/v2\/users\/165558846"}],"replies":[{"embeddable":true,"href":"https:\/\/aamnation.com\/de\/wp-json\/wp\/v2\/comments?post=1400"}],"version-history":[{"count":13,"href":"https:\/\/aamnation.com\/de\/wp-json\/wp\/v2\/pages\/1400\/revisions"}],"predecessor-version":[{"id":1925,"href":"https:\/\/aamnation.com\/de\/wp-json\/wp\/v2\/pages\/1400\/revisions\/1925"}],"wp:attachment":[{"href":"https:\/\/aamnation.com\/de\/wp-json\/wp\/v2\/media?parent=1400"}],"curies":[{"name":"wp","href":"https:\/\/api.w.org\/{rel}","templated":true}]}}