{"id":1311,"date":"2025-03-06T18:43:00","date_gmt":"2025-03-07T02:43:00","guid":{"rendered":"https:\/\/aamnation.com\/?page_id=1311"},"modified":"2025-03-26T19:18:25","modified_gmt":"2025-03-27T02:18:25","slug":"aam-uam-rekrutierung","status":"publish","type":"page","link":"https:\/\/aamnation.com\/de\/aam-uam-recruiting\/","title":{"rendered":"AAM &amp; UAM Recruiting"},"content":{"rendered":"<div data-elementor-type=\"wp-page\" data-elementor-id=\"1311\" class=\"elementor elementor-1311\" data-elementor-post-type=\"page\">\n\t\t\t\t<div class=\"elementor-element elementor-element-1d3c894 e-flex e-con-boxed e-con e-parent\" data-id=\"1d3c894\" data-element_type=\"container\" data-e-type=\"container\">\n\t\t\t\t\t<div class=\"e-con-inner\">\n\t\t\t\t<div class=\"elementor-element elementor-element-6aca815 elementor-widget elementor-widget-video\" data-id=\"6aca815\" data-element_type=\"widget\" data-e-type=\"widget\" data-settings=\"{&quot;youtube_url&quot;:&quot;https:\\\/\\\/youtu.be\\\/4_Rs6BHnG3w?si=LMWWXHZfmwyJS0Hl&quot;,&quot;video_type&quot;:&quot;youtube&quot;,&quot;controls&quot;:&quot;yes&quot;}\" data-widget_type=\"video.default\">\n\t\t\t\t<div class=\"elementor-widget-container\">\n\t\t\t\t\t\t\t<div class=\"elementor-wrapper elementor-open-inline\">\n\t\t\t<div class=\"elementor-video\"><\/div>\t\t<\/div>\n\t\t\t\t\t\t<\/div>\n\t\t\t\t<\/div>\n\t\t\t\t\t<\/div>\n\t\t\t\t<\/div>\n\t\t<div class=\"elementor-element elementor-element-a98d2f3 e-flex e-con-boxed e-con e-parent\" data-id=\"a98d2f3\" data-element_type=\"container\" data-e-type=\"container\">\n\t\t\t\t\t<div class=\"e-con-inner\">\n\t\t\t\t<div class=\"elementor-element elementor-element-880d7de elementor--h-position-center elementor--v-position-middle elementor-arrows-position-inside elementor-pagination-position-inside elementor-widget elementor-widget-slides\" data-id=\"880d7de\" data-element_type=\"widget\" data-e-type=\"widget\" data-settings=\"{&quot;transition&quot;:&quot;fade&quot;,&quot;navigation&quot;:&quot;both&quot;,&quot;autoplay&quot;:&quot;yes&quot;,&quot;pause_on_hover&quot;:&quot;yes&quot;,&quot;pause_on_interaction&quot;:&quot;yes&quot;,&quot;autoplay_speed&quot;:5000,&quot;infinite&quot;:&quot;yes&quot;,&quot;transition_speed&quot;:500}\" data-widget_type=\"slides.default\">\n\t\t\t\t<div class=\"elementor-widget-container\">\n\t\t\t\t\t\t\t\t\t<div class=\"elementor-swiper\">\n\t\t\t\t\t<div class=\"elementor-slides-wrapper elementor-main-swiper swiper\" role=\"region\" aria-roledescription=\"carousel\" aria-label=\"Folien\" dir=\"ltr\" data-animation=\"zoomIn\">\n\t\t\t\t<div class=\"swiper-wrapper elementor-slides\">\n\t\t\t\t\t\t\t\t\t\t<div class=\"elementor-repeater-item-285b4a1 swiper-slide\" role=\"group\" aria-roledescription=\"slide\"><div class=\"swiper-slide-bg\" role=\"img\" aria-label=\"AAM Nation Logo\"><\/div><div class=\"swiper-slide-inner\" ><div class=\"swiper-slide-contents\"><div class=\"elementor-slide-heading\">AAM &amp; UAM-Einstellung<\/div><div class=\"elementor-slide-description\">Aufbau der Zukunft der AAM, UAM-Rekrutierung<\/div><div  class=\"elementor-button elementor-slide-button elementor-size-sm\">Hier klicken<\/div><\/div><\/div><\/div><div class=\"elementor-repeater-item-852e4a4 swiper-slide\" role=\"group\" aria-roledescription=\"slide\"><div class=\"swiper-slide-bg\"><\/div><div class=\"swiper-slide-inner\" ><div class=\"swiper-slide-contents\"><div class=\"elementor-slide-heading\">AAM &amp; UAM-Einstellung<\/div><div class=\"elementor-slide-description\">Aufbau der Zukunft der AAM, UAM-Rekrutierung<\/div><div  class=\"elementor-button elementor-slide-button elementor-size-sm\">Hier klicken<\/div><\/div><\/div><\/div><div class=\"elementor-repeater-item-e1a98a9 swiper-slide\" role=\"group\" aria-roledescription=\"slide\"><div class=\"swiper-slide-bg\"><\/div><div class=\"swiper-slide-inner\" ><div class=\"swiper-slide-contents\"><div class=\"elementor-slide-heading\">AAM &amp; UAM-Einstellung<\/div><div class=\"elementor-slide-description\">Aufbau der Zukunft der AAM, UAM-Rekrutierung<\/div><div  class=\"elementor-button elementor-slide-button elementor-size-sm\">Hier klicken<\/div><\/div><\/div><\/div>\t\t\t\t<\/div>\n\t\t\t\t\t\t\t\t\t\t\t\t\t\t\t<div class=\"elementor-swiper-button elementor-swiper-button-prev\" role=\"button\" tabindex=\"0\" aria-label=\"Vorheriges Dia\">\n\t\t\t\t\t\t\t<svg aria-hidden=\"true\" class=\"e-font-icon-svg e-eicon-chevron-left\" viewbox=\"0 0 1000 1000\" xmlns=\"http:\/\/www.w3.org\/2000\/svg\"><path d=\"M646 125C629 125 613 133 604 142L308 442C296 454 292 471 292 487 292 504 296 521 308 533L604 854C617 867 629 875 646 875 663 875 679 871 692 858 704 846 713 829 713 812 713 796 708 779 692 767L438 487 692 225C700 217 708 204 708 187 708 171 704 154 692 142 675 129 663 125 646 125Z\"><\/path><\/svg>\t\t\t\t\t\t<\/div>\n\t\t\t\t\t\t<div class=\"elementor-swiper-button elementor-swiper-button-next\" role=\"button\" tabindex=\"0\" aria-label=\"N\u00e4chste Folie\">\n\t\t\t\t\t\t\t<svg aria-hidden=\"true\" class=\"e-font-icon-svg e-eicon-chevron-right\" viewbox=\"0 0 1000 1000\" xmlns=\"http:\/\/www.w3.org\/2000\/svg\"><path d=\"M696 533C708 521 713 504 713 487 713 471 708 454 696 446L400 146C388 133 375 125 354 125 338 125 325 129 313 142 300 154 292 171 292 187 292 204 296 221 308 233L563 492 304 771C292 783 288 800 288 817 288 833 296 850 308 863 321 871 338 875 354 875 371 875 388 867 400 854L696 533Z\"><\/path><\/svg>\t\t\t\t\t\t<\/div>\n\t\t\t\t\t\t\t\t\t\t\t\t\t\t\t\t<div class=\"swiper-pagination\"><\/div>\n\t\t\t\t\t\t\t\t\t\t\t\t<\/div>\n\t\t\t\t<\/div>\n\t\t\t\t\t\t\t\t<\/div>\n\t\t\t\t<\/div>\n\t\t\t\t\t<\/div>\n\t\t\t\t<\/div>\n\t\t<div class=\"elementor-element elementor-element-15b77d2 e-flex e-con-boxed e-con e-parent\" data-id=\"15b77d2\" data-element_type=\"container\" data-e-type=\"container\">\n\t\t\t\t\t<div class=\"e-con-inner\">\n\t\t\t\t<div class=\"elementor-element elementor-element-bc39a79 elementor-widget elementor-widget-text-editor\" data-id=\"bc39a79\" data-element_type=\"widget\" data-e-type=\"widget\" data-widget_type=\"text-editor.default\">\n\t\t\t\t<div class=\"elementor-widget-container\">\n\t\t\t\t\t\t\t\t\t<h4>Aufbau der Zukunft der AAM, UAM-Rekrutierung<\/h4><p><span style=\"color: #000000;\">Wege f\u00fcr die n\u00e4chste Generation von Luftfahrttechnikern<\/span><\/p><p><span style=\"color: #000000;\">Das Aufkommen von Advanced Air Mobility (AAM) und elektrischen Senkrechtstartern (eVTOL) revolutioniert den Stadt- und Regionalverkehr. Im Zuge der Expansion dieser Branche sind hochqualifizierte Wartungstechniker und -ingenieure f\u00fcr die Gew\u00e4hrleistung von Sicherheit, Effizienz und Nachhaltigkeit von entscheidender Bedeutung.<\/span><\/p><p><strong><span style=\"color: #000000;\">Willkommen in der Zukunft der Personalbeschaffung in der Luftfahrt<\/span><\/strong><\/p><p><span style=\"color: #000000;\">Da die Sektoren Advanced Air Mobility (AAM) und Urban Air Mobility (UAM) den Verkehr ver\u00e4ndern, steigt der Bedarf an qualifizierten Luftfahrttechnikern und -ingenieuren sprunghaft an. Unsere Plattform bringt aufstrebende Talente mit innovativen Arbeitgebern und Rekrutierungspartnern zusammen und f\u00f6rdert die n\u00e4chste Generation von Spitzenleistungen in der Luftfahrt.<\/span><\/p><p><strong><span style=\"color: #000000;\">F\u00fcr Arbeitssuchende:<\/span><\/strong><\/p><ul><li><span style=\"color: #000000;\">Entdecken Sie spezialisierte Rollen in AAM\/UAM mit erweiterten Suchfiltern.<\/span><\/li><li><span style=\"color: #000000;\">Erstellen Sie Ihr Profil, stellen Sie Ihre Zertifizierungen vor und erhalten Sie Zugang zu karrieref\u00f6rdernden Ressourcen.<\/span><\/li><li><span style=\"color: #000000;\">Sie werden mit Stellenangeboten zusammengebracht, die Ihren F\u00e4higkeiten und Karrierezielen entsprechen.<\/span><\/li><\/ul><p><strong><span style=\"color: #000000;\">F\u00fcr Arbeitgeber und Einstellungspartner:<\/span><\/strong><\/p><ul><li><span style=\"color: #000000;\">Schalten Sie auf den Bedarf der AAM\/UAM zugeschnittene Stellenanzeigen und finden Sie qualifizierte Techniker und Ingenieure.<\/span><\/li><li><span style=\"color: #000000;\">Zugang zu einem vielf\u00e4ltigen Talentpool mit gepr\u00fcften F\u00e4higkeiten und Zertifizierungen.<\/span><\/li><li><span style=\"color: #000000;\">Optimieren Sie Ihren Einstellungsprozess mit KI-gest\u00fctztem Bewerberabgleich.<\/span><\/li><\/ul><p><strong><span style=\"color: #000000;\">Ressourcen:<\/span><\/strong><\/p><ul><li><span style=\"color: #000000;\">Schulungsprogramme und Branchenzertifizierungen zur Qualifizierung der Arbeitskr\u00e4fte.<\/span><\/li><li><span style=\"color: #000000;\">Mentoren aus der Branche, die Sie auf Ihrem Karriereweg begleiten.<\/span><\/li><li><span style=\"color: #000000;\">Networking-Veranstaltungen und eine bl\u00fchende Gemeinschaft, die sich auf die Zukunft der Luftfahrt konzentriert.<\/span><\/li><\/ul><p><span style=\"color: #000000;\">Gestalten Sie gemeinsam mit unseren Einstellungspartnern die Zukunft der Luftfahrt - sicher, effizient und nachhaltig. Gemeinsam werden wir die n\u00e4chste Generation von Luftfahrttalenten aufbauen.<br \/><br \/><\/span><\/p><p><strong><span style=\"color: #000000;\">Werden Sie Mitglied unserer Rekrutierungspartner<\/span><\/strong><\/p><p>\u00a0<\/p>\t\t\t\t\t\t\t\t<\/div>\n\t\t\t\t<\/div>\n\t\t\t\t\t<\/div>\n\t\t\t\t<\/div>\n\t\t<div class=\"elementor-element elementor-element-fb1f098 e-grid e-con-boxed e-con e-parent\" data-id=\"fb1f098\" data-element_type=\"container\" data-e-type=\"container\">\n\t\t\t\t\t<div class=\"e-con-inner\">\n\t\t\t\t\t<\/div>\n\t\t\t\t<\/div>\n\t\t\t\t<\/div>","protected":false},"excerpt":{"rendered":"<p>AAM &#038; UAM RecruitmentBuilding the Future of AAM, UAM RecruitmentClick HereAAM &#038; UAM RecruitmentBuilding the&#8230;<\/p>","protected":false},"author":165558846,"featured_media":0,"parent":0,"menu_order":0,"comment_status":"closed","ping_status":"closed","template":"","meta":{"_crdt_document":"","om_disable_all_campaigns":false,"_monsterinsights_skip_tracking":false,"_monsterinsights_sitenote_active":false,"_monsterinsights_sitenote_note":"","_monsterinsights_sitenote_category":0,"footnotes":""},"class_list":["post-1311","page","type-page","status-publish","hentry"],"aioseo_notices":[],"aioseo_head":"\n\t\t<!-- All in One SEO Pro 4.9.7.1 - aioseo.com -->\n\t<meta name=\"description\" content=\"AAM &amp; UAM RecruitmentBuilding the Future of AAM, UAM RecruitmentClick HereAAM &amp; UAM RecruitmentBuilding the Future of AAM, UAM RecruitmentClick HereAAM &amp; UAM RecruitmentBuilding the Future of AAM, UAM RecruitmentClick Here Building the Future of AAM, UAM RecruitmentPathways for the Next Generation of Aviation TechniciansThe rise of Advanced Air Mobility (AAM) and electric vertical takeoff\" \/>\n\t<meta name=\"robots\" content=\"max-image-preview:large\" \/>\n\t<meta name=\"google-site-verification\" content=\"VhfKKFpAUd5BDOqNdL0E7pN1M5DYDEoFZZAnvKiTddM\" \/>\n\t<link rel=\"canonical\" href=\"https:\/\/aamnation.com\/de\/aam-uam-recruiting\/\" \/>\n\t<meta name=\"generator\" content=\"All in One SEO Pro (AIOSEO) 4.9.7.1\" \/>\n\t\t<meta property=\"og:locale\" content=\"de_DE\" \/>\n\t\t<meta property=\"og:site_name\" content=\"AAM Nation - Is Elevating The Worldwide AAM \/ UAM \/ UAS \/ UAV \/ Air Taxi eVTOL and Flying Car Industry Into The Future!\" \/>\n\t\t<meta property=\"og:type\" content=\"article\" \/>\n\t\t<meta property=\"og:title\" content=\"AAM &amp; UAM Recruiting - AAM Nation\" \/>\n\t\t<meta property=\"og:description\" content=\"AAM &amp; UAM RecruitmentBuilding the Future of AAM, UAM RecruitmentClick HereAAM &amp; UAM RecruitmentBuilding the Future of AAM, UAM RecruitmentClick HereAAM &amp; UAM RecruitmentBuilding the Future of AAM, UAM RecruitmentClick Here Building the Future of AAM, UAM RecruitmentPathways for the Next Generation of Aviation TechniciansThe rise of Advanced Air Mobility (AAM) and electric vertical takeoff\" \/>\n\t\t<meta property=\"og:url\" content=\"https:\/\/aamnation.com\/de\/aam-uam-recruiting\/\" \/>\n\t\t<meta property=\"og:image\" content=\"https:\/\/aamnation.com\/wp-content\/uploads\/2025\/05\/AAM-Logo-2.png\" \/>\n\t\t<meta property=\"og:image:secure_url\" content=\"https:\/\/aamnation.com\/wp-content\/uploads\/2025\/05\/AAM-Logo-2.png\" \/>\n\t\t<meta property=\"og:image:width\" content=\"150\" \/>\n\t\t<meta property=\"og:image:height\" content=\"150\" \/>\n\t\t<meta property=\"article:published_time\" content=\"2025-03-07T02:43:00+00:00\" \/>\n\t\t<meta property=\"article:modified_time\" content=\"2025-03-27T02:18:25+00:00\" \/>\n\t\t<meta name=\"twitter:card\" content=\"summary_large_image\" \/>\n\t\t<meta name=\"twitter:title\" content=\"AAM &amp; UAM Recruiting - AAM Nation\" \/>\n\t\t<meta name=\"twitter:description\" content=\"AAM &amp; UAM RecruitmentBuilding the Future of AAM, UAM RecruitmentClick HereAAM &amp; UAM RecruitmentBuilding the Future of AAM, UAM RecruitmentClick HereAAM &amp; UAM RecruitmentBuilding the Future of AAM, UAM RecruitmentClick Here Building the Future of AAM, UAM RecruitmentPathways for the Next Generation of Aviation TechniciansThe rise of Advanced Air Mobility (AAM) and electric vertical takeoff\" \/>\n\t\t<meta name=\"twitter:image\" content=\"https:\/\/aamnation.com\/wp-content\/uploads\/2025\/05\/AAM-Logo-2.png\" \/>\n\t\t<script type=\"application\/ld+json\" class=\"aioseo-schema\">\n\t\t\t{\"@context\":\"https:\\\/\\\/schema.org\",\"@graph\":[{\"@type\":\"BreadcrumbList\",\"@id\":\"https:\\\/\\\/aamnation.com\\\/de\\\/aam-uam-recruiting\\\/#breadcrumblist\",\"itemListElement\":[{\"@type\":\"ListItem\",\"@id\":\"https:\\\/\\\/aamnation.com\\\/de#listItem\",\"position\":1,\"name\":\"Home\",\"item\":\"https:\\\/\\\/aamnation.com\\\/de\",\"nextItem\":{\"@type\":\"ListItem\",\"@id\":\"https:\\\/\\\/aamnation.com\\\/de\\\/aam-uam-recruiting\\\/#listItem\",\"name\":\"AAM &#038; UAM Recruiting\"}},{\"@type\":\"ListItem\",\"@id\":\"https:\\\/\\\/aamnation.com\\\/de\\\/aam-uam-recruiting\\\/#listItem\",\"position\":2,\"name\":\"AAM &#038; UAM Recruiting\",\"previousItem\":{\"@type\":\"ListItem\",\"@id\":\"https:\\\/\\\/aamnation.com\\\/de#listItem\",\"name\":\"Home\"}}]},{\"@type\":\"Organization\",\"@id\":\"https:\\\/\\\/aamnation.com\\\/de\\\/#organization\",\"name\":\"AAM Nation AAM Nation\",\"description\":\"Is Elevating The Worldwide AAM \\\/ UAM \\\/ UAS \\\/ UAV \\\/ Air Taxi eVTOL and Flying Car Industry Into The Future! Elevating The Worldwide AAM \\\/ UAM \\\/ UAS \\\/ UAV Air Taxi eVTOL and Flying Car Industry Into The Future!\",\"url\":\"https:\\\/\\\/aamnation.com\\\/de\\\/\",\"email\":\"contact@aamnation.com\",\"telephone\":\"+19492268880\",\"logo\":{\"@type\":\"ImageObject\",\"url\":\"https:\\\/\\\/i0.wp.com\\\/aamnation.com\\\/wp-content\\\/uploads\\\/2025\\\/05\\\/AAM-Logo-2.png?fit=150%2C150&ssl=1\",\"@id\":\"https:\\\/\\\/aamnation.com\\\/de\\\/aam-uam-recruiting\\\/#organizationLogo\",\"width\":150,\"height\":150},\"image\":{\"@id\":\"https:\\\/\\\/aamnation.com\\\/de\\\/aam-uam-recruiting\\\/#organizationLogo\"}},{\"@type\":\"WebPage\",\"@id\":\"https:\\\/\\\/aamnation.com\\\/de\\\/aam-uam-recruiting\\\/#webpage\",\"url\":\"https:\\\/\\\/aamnation.com\\\/de\\\/aam-uam-recruiting\\\/\",\"name\":\"AAM & UAM Recruiting - AAM Nation\",\"description\":\"AAM & UAM RecruitmentBuilding the Future of AAM, UAM RecruitmentClick HereAAM & UAM RecruitmentBuilding the Future of AAM, UAM RecruitmentClick HereAAM & UAM RecruitmentBuilding the Future of AAM, UAM RecruitmentClick Here Building the Future of AAM, UAM RecruitmentPathways for the Next Generation of Aviation TechniciansThe rise of Advanced Air Mobility (AAM) and electric vertical takeoff\",\"inLanguage\":\"de-DE\",\"isPartOf\":{\"@id\":\"https:\\\/\\\/aamnation.com\\\/de\\\/#website\"},\"breadcrumb\":{\"@id\":\"https:\\\/\\\/aamnation.com\\\/de\\\/aam-uam-recruiting\\\/#breadcrumblist\"},\"datePublished\":\"2025-03-06T18:43:00-08:00\",\"dateModified\":\"2025-03-26T19:18:25-07:00\"},{\"@type\":\"WebSite\",\"@id\":\"https:\\\/\\\/aamnation.com\\\/de\\\/#website\",\"url\":\"https:\\\/\\\/aamnation.com\\\/de\\\/\",\"name\":\"AAM Nation\",\"description\":\"Is Elevating The Worldwide AAM \\\/ UAM \\\/ UAS \\\/ UAV \\\/ Air Taxi eVTOL and Flying Car Industry Into The Future!\",\"inLanguage\":\"de-DE\",\"publisher\":{\"@id\":\"https:\\\/\\\/aamnation.com\\\/de\\\/#organization\"}}]}\n\t\t<\/script>\n\t\t<!-- All in One SEO Pro -->\r\n\t\t<title>AAM &amp; UAM Recruiting - AAM Nation<\/title>\n\n","aioseo_head_json":{"title":"AAM &amp; UAM Recruiting - AAM Nation","description":"AAM & UAM RecruitmentBuilding the Future of AAM, UAM RecruitmentClick HereAAM & UAM RecruitmentBuilding the Future of AAM, UAM RecruitmentClick HereAAM & UAM RecruitmentBuilding the Future of AAM, UAM RecruitmentClick Here Building the Future of AAM, UAM RecruitmentPathways for the Next Generation of Aviation TechniciansThe rise of Advanced Air Mobility (AAM) and electric vertical takeoff","canonical_url":"https:\/\/aamnation.com\/de\/aam-uam-recruiting\/","robots":"max-image-preview:large","keywords":"","webmasterTools":{"google-site-verification":"VhfKKFpAUd5BDOqNdL0E7pN1M5DYDEoFZZAnvKiTddM","miscellaneous":""},"schema":{"@context":"https:\/\/schema.org","@graph":[{"@type":"BreadcrumbList","@id":"https:\/\/aamnation.com\/de\/aam-uam-recruiting\/#breadcrumblist","itemListElement":[{"@type":"ListItem","@id":"https:\/\/aamnation.com\/de#listItem","position":1,"name":"Home","item":"https:\/\/aamnation.com\/de","nextItem":{"@type":"ListItem","@id":"https:\/\/aamnation.com\/de\/aam-uam-recruiting\/#listItem","name":"AAM &#038; UAM Recruiting"}},{"@type":"ListItem","@id":"https:\/\/aamnation.com\/de\/aam-uam-recruiting\/#listItem","position":2,"name":"AAM &#038; UAM Recruiting","previousItem":{"@type":"ListItem","@id":"https:\/\/aamnation.com\/de#listItem","name":"Home"}}]},{"@type":"Organization","@id":"https:\/\/aamnation.com\/de\/#organization","name":"AAM Nation AAM Nation","description":"Is Elevating The Worldwide AAM \/ UAM \/ UAS \/ UAV \/ Air Taxi eVTOL and Flying Car Industry Into The Future! Elevating The Worldwide AAM \/ UAM \/ UAS \/ UAV Air Taxi eVTOL and Flying Car Industry Into The Future!","url":"https:\/\/aamnation.com\/de\/","email":"contact@aamnation.com","telephone":"+19492268880","logo":{"@type":"ImageObject","url":"https:\/\/i0.wp.com\/aamnation.com\/wp-content\/uploads\/2025\/05\/AAM-Logo-2.png?fit=150%2C150&ssl=1","@id":"https:\/\/aamnation.com\/de\/aam-uam-recruiting\/#organizationLogo","width":150,"height":150},"image":{"@id":"https:\/\/aamnation.com\/de\/aam-uam-recruiting\/#organizationLogo"}},{"@type":"WebPage","@id":"https:\/\/aamnation.com\/de\/aam-uam-recruiting\/#webpage","url":"https:\/\/aamnation.com\/de\/aam-uam-recruiting\/","name":"AAM & UAM Recruiting - AAM Nation","description":"AAM & UAM RecruitmentBuilding the Future of AAM, UAM RecruitmentClick HereAAM & UAM RecruitmentBuilding the Future of AAM, UAM RecruitmentClick HereAAM & UAM RecruitmentBuilding the Future of AAM, UAM RecruitmentClick Here Building the Future of AAM, UAM RecruitmentPathways for the Next Generation of Aviation TechniciansThe rise of Advanced Air Mobility (AAM) and electric vertical takeoff","inLanguage":"de-DE","isPartOf":{"@id":"https:\/\/aamnation.com\/de\/#website"},"breadcrumb":{"@id":"https:\/\/aamnation.com\/de\/aam-uam-recruiting\/#breadcrumblist"},"datePublished":"2025-03-06T18:43:00-08:00","dateModified":"2025-03-26T19:18:25-07:00"},{"@type":"WebSite","@id":"https:\/\/aamnation.com\/de\/#website","url":"https:\/\/aamnation.com\/de\/","name":"AAM Nation","description":"Is Elevating The Worldwide AAM \/ UAM \/ UAS \/ UAV \/ Air Taxi eVTOL and Flying Car Industry Into The Future!","inLanguage":"de-DE","publisher":{"@id":"https:\/\/aamnation.com\/de\/#organization"}}]},"og:locale":"de_DE","og:site_name":"AAM Nation - Is Elevating The Worldwide AAM \/ UAM \/ UAS \/ UAV \/ Air Taxi eVTOL and Flying Car Industry Into The Future!","og:type":"article","og:title":"AAM &amp; UAM Recruiting - AAM Nation","og:description":"AAM &amp; UAM RecruitmentBuilding the Future of AAM, UAM RecruitmentClick HereAAM &amp; UAM RecruitmentBuilding the Future of AAM, UAM RecruitmentClick HereAAM &amp; UAM RecruitmentBuilding the Future of AAM, UAM RecruitmentClick Here Building the Future of AAM, UAM RecruitmentPathways for the Next Generation of Aviation TechniciansThe rise of Advanced Air Mobility (AAM) and electric vertical takeoff","og:url":"https:\/\/aamnation.com\/de\/aam-uam-recruiting\/","og:image":"https:\/\/aamnation.com\/wp-content\/uploads\/2025\/05\/AAM-Logo-2.png","og:image:secure_url":"https:\/\/aamnation.com\/wp-content\/uploads\/2025\/05\/AAM-Logo-2.png","og:image:width":150,"og:image:height":150,"article:published_time":"2025-03-07T02:43:00+00:00","article:modified_time":"2025-03-27T02:18:25+00:00","twitter:card":"summary_large_image","twitter:title":"AAM &amp; UAM Recruiting - AAM Nation","twitter:description":"AAM &amp; UAM RecruitmentBuilding the Future of AAM, UAM RecruitmentClick HereAAM &amp; UAM RecruitmentBuilding the Future of AAM, UAM RecruitmentClick HereAAM &amp; UAM RecruitmentBuilding the Future of AAM, UAM RecruitmentClick Here Building the Future of AAM, UAM RecruitmentPathways for the Next Generation of Aviation TechniciansThe rise of Advanced Air Mobility (AAM) and electric vertical takeoff","twitter:image":"https:\/\/aamnation.com\/wp-content\/uploads\/2025\/05\/AAM-Logo-2.png"},"aioseo_meta_data":{"post_id":"1311","title":null,"description":null,"keywords":null,"keyphrases":null,"primary_term":null,"canonical_url":null,"og_title":null,"og_description":null,"og_object_type":"default","og_image_type":"default","og_image_url":null,"og_image_width":null,"og_image_height":null,"og_image_custom_url":null,"og_image_custom_fields":null,"og_video":null,"og_custom_url":null,"og_article_section":null,"og_article_tags":null,"twitter_use_og":false,"twitter_card":"default","twitter_image_type":"default","twitter_image_url":null,"twitter_image_custom_url":null,"twitter_image_custom_fields":null,"twitter_title":null,"twitter_description":null,"schema":{"blockGraphs":[],"customGraphs":[],"default":{"data":{"Article":[],"Course":[],"Dataset":[],"FAQPage":[],"Movie":[],"Person":[],"Product":[],"ProductReview":[],"Car":[],"Recipe":[],"Service":[],"SoftwareApplication":[],"WebPage":[]},"graphName":"","isEnabled":true},"graphs":[]},"schema_type":"default","schema_type_options":null,"pillar_content":false,"robots_default":true,"robots_noindex":false,"robots_noarchive":false,"robots_nosnippet":false,"robots_nofollow":false,"robots_noimageindex":false,"robots_noodp":false,"robots_notranslate":false,"robots_max_snippet":null,"robots_max_videopreview":null,"robots_max_imagepreview":"large","priority":null,"frequency":null,"local_seo":null,"seo_analyzer_scan_date":"2026-05-12 22:36:50","breadcrumb_settings":null,"limit_modified_date":false,"reviewed_by":null,"open_ai":null,"ai":null,"created":"2025-09-12 02:30:52","updated":"2026-05-12 22:36:50"},"aioseo_breadcrumb":"<div class=\"aioseo-breadcrumbs\"><span class=\"aioseo-breadcrumb\">\n\t<a href=\"https:\/\/aamnation.com\/de\" title=\"Home\">Home<\/a>\n<\/span><span class=\"aioseo-breadcrumb-separator\">&raquo;<\/span><span class=\"aioseo-breadcrumb\">\n\tAAM &amp; UAM Recruiting\n<\/span><\/div>","aioseo_breadcrumb_json":[{"label":"Home","link":"https:\/\/aamnation.com\/de"},{"label":"AAM &#038; UAM Recruiting","link":"https:\/\/aamnation.com\/de\/aam-uam-recruiting\/"}],"jetpack_likes_enabled":true,"jetpack_sharing_enabled":true,"jetpack_shortlink":"https:\/\/wp.me\/Pgg37f-l9","jetpack-related-posts":[],"_links":{"self":[{"href":"https:\/\/aamnation.com\/de\/wp-json\/wp\/v2\/pages\/1311","targetHints":{"allow":["GET"]}}],"collection":[{"href":"https:\/\/aamnation.com\/de\/wp-json\/wp\/v2\/pages"}],"about":[{"href":"https:\/\/aamnation.com\/de\/wp-json\/wp\/v2\/types\/page"}],"author":[{"embeddable":true,"href":"https:\/\/aamnation.com\/de\/wp-json\/wp\/v2\/users\/165558846"}],"replies":[{"embeddable":true,"href":"https:\/\/aamnation.com\/de\/wp-json\/wp\/v2\/comments?post=1311"}],"version-history":[{"count":17,"href":"https:\/\/aamnation.com\/de\/wp-json\/wp\/v2\/pages\/1311\/revisions"}],"predecessor-version":[{"id":1928,"href":"https:\/\/aamnation.com\/de\/wp-json\/wp\/v2\/pages\/1311\/revisions\/1928"}],"wp:attachment":[{"href":"https:\/\/aamnation.com\/de\/wp-json\/wp\/v2\/media?parent=1311"}],"curies":[{"name":"wp","href":"https:\/\/api.w.org\/{rel}","templated":true}]}}